{"id":48081,"date":"2023-04-25T16:53:10","date_gmt":"2023-04-25T14:53:10","guid":{"rendered":"https:\/\/wns.uwr.edu.pl\/?page_id=48081"},"modified":"2023-04-26T09:29:45","modified_gmt":"2023-04-26T07:29:45","slug":"news","status":"publish","type":"page","link":"https:\/\/wns.uwr.edu.pl\/en\/faculty\/news\/","title":{"rendered":"News"},"content":{"rendered":"\n\n<div class=\"news-three \">\n    \n    <div class=\"row-news-three-with-shadow\">\n        <div class=\"col-first\" >\n            <div class=\"col-first-wrap\">\n                                                <div class=\"col-first-wrap-container\">\n                    <a href=\"https:\/\/wns.uwr.edu.pl\/2026\/04\/16\/uniwersytecki-festiwal-kariery-juz-26-maja\/\">\n                    <div class=\"img-title-block\">\n                        <div class=\"color-shadow\"><\/div>\n                            <div class=\"col-first-wrap-container-image\">\n                                                                <img decoding=\"async\" src=\"https:\/\/wns.uwr.edu.pl\/wp-content\/uploads\/sites\/279\/2026\/04\/UFK.jpg\" \/>\n                            <\/div>\n                            <div class=\"col-first-wrap-container-title\">\n                                <h3>Uniwersytecki Festiwal Kariery ju\u017c 26 [&#8230;]<\/h3>\n                            <\/div>\n                        <\/div>\n                        <div class=\"col-first-wrap-container-content\">\n                            <div class=\"col-first-wrap-container-content-description\">\n                                Uniwersytecki Festiwal Kariery ju\u017c 26 maja! Ju\u017c 26 maja kampus Wydzia\u0142u Nauk Spo\u0142ecznych UWr ponownie stanie si\u0119 miejscem spotkania student\u00f3w z pracodawcami, ekspertami i przedstawicielami instytucji publicznych podczas kolejnej edycji Uniwersyteckiego Festiwalu Kariery! W programie tegorocznej edycji m.in.: targi pracy i praktyk warsztaty rekrutacyjne i rozwojowe konsultacje z ekspertami pokazy [&#8230;]                            <\/div>\n                        <\/div>\n                    <\/a>\n                <\/div>\n            <\/div>\n        <\/div>\n        <div class=\"col-two\">\n            <div class=\"col-two-wrap\">\n                                                                            <div class=\"col-three-wrap-container-1\">\n                        <a href=\"https:\/\/wns.uwr.edu.pl\/2026\/04\/16\/historia-sztuki-tworzenia-zmian-program-konferencji-o-storytellingu-w-ngo\/\">\n                            <div class=\"col-three-wrap-container-content\">\n                                <h3>\u201eHistoria sztuki tworzenia zmian\u201d! \u2013 [&#8230;]<\/h3>\n                                <div class=\"col-three-wrap-container-content-description\">\n                                \u201eHistoria sztuki tworzenia zmian\u201d! \u2013 program konferencji o storytellingu w NGO! Ju\u017c za tydzie\u0144 widzimy si\u0119 na II edycji konferencji o storytellingu w NGO \u2013 \u201eHistoria sztuki tworzenia zmian\u201d! Z ogromn\u0105 przyjemno\u015bci\u0105 ujawniamy pe\u0142ny sk\u0142ad konferencji \ud83d\udc47 \ud83d\udd39 Panel I [&#8230;]                                <\/div>\n                            <\/div>\n                            <div class=\"col-three-wrap-container-image\">\n                                                                <img decoding=\"async\" src=\"https:\/\/wns.uwr.edu.pl\/wp-content\/uploads\/sites\/279\/2026\/04\/NGO.jpg\" \/>\n                            <\/div>\n                        <\/a>\n                    <\/div>\n                                                                                                <div class=\"col-three-wrap-container-2\">\n                        <a href=\"https:\/\/wns.uwr.edu.pl\/2026\/04\/16\/wyklady-i-warsztaty-dla-licealistow\/\">\n                            <div class=\"col-three-wrap-container-content\">\n                                <h3>Wyk\u0142ady i warsztaty dla licealist\u00f3w<\/h3>\n                                <div class=\"col-three-wrap-container-content-description\">\n                                Wyk\u0142ady i warsztaty dla licealist\u00f3w 15 kwietnia na Wydziale Nauk Spo\u0142ecznych odby\u0142y si\u0119 kolejne warsztaty i wyk\u0142ady dla licealist\u00f3w, stanowi\u0105ce cz\u0119\u015b\u0107 cyklu spotka\u0144 przybli\u017caj\u0105cych ofert\u0119 dydaktyczn\u0105 oraz tematyk\u0119 bada\u0144 prowadzonych na wydziale. W ramach wydarzenia uczestnicy wzi\u0119li udzia\u0142 w warsztatach [&#8230;]                                <\/div>\n                            <\/div>\n                            <div class=\"col-three-wrap-container-image\">\n                                                                <img decoding=\"async\" src=\"https:\/\/wns.uwr.edu.pl\/wp-content\/uploads\/sites\/279\/2026\/04\/1-1024x768.jpg\" \/>\n                            <\/div>\n                        <\/a>\n                    <\/div>\n                                                <\/div>\n        <\/div>\n    <\/div>\n    <div class=\"box-clear\"><\/div>\n<\/div>","protected":false},"excerpt":{"rendered":"","protected":false},"author":2235,"featured_media":0,"parent":47928,"menu_order":0,"comment_status":"closed","ping_status":"closed","template":"news-template.php","meta":{"_acf_changed":false,"inline_featured_image":false,"site-sidebar-layout":"default","site-content-layout":"","ast-site-content-layout":"default","site-content-style":"default","site-sidebar-style":"default","ast-global-header-display":"","ast-banner-title-visibility":"","ast-main-header-display":"","ast-hfb-above-header-display":"","ast-hfb-below-header-display":"","ast-hfb-mobile-header-display":"","site-post-title":"","ast-breadcrumbs-content":"","ast-featured-img":"","footer-sml-layout":"","ast-disable-related-posts":"","theme-transparent-header-meta":"","adv-header-id-meta":"","stick-header-meta":"","header-above-stick-meta":"","header-main-stick-meta":"","header-below-stick-meta":"","astra-migrate-meta-layouts":"default","ast-page-background-enabled":"default","ast-page-background-meta":{"desktop":{"background-color":"","background-image":"","background-repeat":"repeat","background-position":"center center","background-size":"auto","background-attachment":"scroll","background-type":"","background-media":"","overlay-type":"","overlay-color":"","overlay-opacity":"","overlay-gradient":""},"tablet":{"background-color":"","background-image":"","background-repeat":"repeat","background-position":"center center","background-size":"auto","background-attachment":"scroll","background-type":"","background-media":"","overlay-type":"","overlay-color":"","overlay-opacity":"","overlay-gradient":""},"mobile":{"background-color":"","background-image":"","background-repeat":"repeat","background-position":"center center","background-size":"auto","background-attachment":"scroll","background-type":"","background-media":"","overlay-type":"","overlay-color":"","overlay-opacity":"","overlay-gradient":""}},"ast-content-background-meta":{"desktop":{"background-color":"var(--ast-global-color-5)","background-image":"","background-repeat":"repeat","background-position":"center center","background-size":"auto","background-attachment":"scroll","background-type":"","background-media":"","overlay-type":"","overlay-color":"","overlay-opacity":"","overlay-gradient":""},"tablet":{"background-color":"var(--ast-global-color-5)","background-image":"","background-repeat":"repeat","background-position":"center center","background-size":"auto","background-attachment":"scroll","background-type":"","background-media":"","overlay-type":"","overlay-color":"","overlay-opacity":"","overlay-gradient":""},"mobile":{"background-color":"var(--ast-global-color-5)","background-image":"","background-repeat":"repeat","background-position":"center center","background-size":"auto","background-attachment":"scroll","background-type":"","background-media":"","overlay-type":"","overlay-color":"","overlay-opacity":"","overlay-gradient":""}},"footnotes":""},"categories":[231],"tags":[],"class_list":["post-48081","page","type-page","status-publish","hentry","category-news"],"featured_image_urls_v2":{"full":"","thumbnail":"","medium":"","medium_large":"","large":"","1536x1536":"","2048x2048":"","menu-24x24":"","menu-36x36":"","menu-48x48":""},"post_excerpt_stackable_v2":"<p>Uniwersytecki Festiwal Kariery ju\u017c 26 [&#8230;] Uniwersytecki Festiwal Kariery ju\u017c 26 maja! Ju\u017c 26 maja kampus Wydzia\u0142u Nauk Spo\u0142ecznych UWr ponownie stanie si\u0119 miejscem spotkania student\u00f3w z pracodawcami, ekspertami i przedstawicielami instytucji publicznych podczas kolejnej edycji Uniwersyteckiego Festiwalu Kariery! W programie tegorocznej edycji m.in.: targi pracy i praktyk warsztaty rekrutacyjne i rozwojowe konsultacje z ekspertami pokazy [&#8230;] \u201eHistoria sztuki tworzenia zmian\u201d! \u2013 [&#8230;] \u201eHistoria sztuki tworzenia zmian\u201d! \u2013 program konferencji o storytellingu w NGO! Ju\u017c za tydzie\u0144 widzimy si\u0119 na II edycji konferencji o storytellingu w NGO \u2013 \u201eHistoria sztuki tworzenia zmian\u201d! Z ogromn\u0105 przyjemno\u015bci\u0105 ujawniamy pe\u0142ny sk\u0142ad konferencji \ud83d\udc47&hellip;<\/p>\n","category_list_v2":"<a href=\"https:\/\/wns.uwr.edu.pl\/en\/category\/news\/\" rel=\"category tag\">News<\/a>","author_info_v2":{"name":"kzalaskaminska","url":"https:\/\/wns.uwr.edu.pl\/en\/author\/kzalaskaminska\/"},"comments_num_v2":"0 comments","acf":[],"yoast_head":"<!-- This site is optimized with the Yoast SEO plugin v27.1.1 - https:\/\/yoast.com\/product\/yoast-seo-wordpress\/ -->\n<title>News - Faculty of Social Sciences<\/title>\n<meta name=\"robots\" content=\"index, follow, max-snippet:-1, max-image-preview:large, max-video-preview:-1\" \/>\n<link rel=\"canonical\" href=\"https:\/\/wns.uwr.edu.pl\/en\/faculty\/news\/\" \/>\n<meta property=\"og:locale\" content=\"en_US\" \/>\n<meta property=\"og:type\" content=\"article\" \/>\n<meta property=\"og:title\" content=\"News - Faculty of Social Sciences\" \/>\n<meta property=\"og:url\" content=\"https:\/\/wns.uwr.edu.pl\/en\/faculty\/news\/\" \/>\n<meta property=\"og:site_name\" content=\"Faculty of Social Sciences\" \/>\n<meta property=\"article:modified_time\" content=\"2023-04-26T07:29:45+00:00\" \/>\n<meta name=\"twitter:card\" content=\"summary_large_image\" \/>\n<script type=\"application\/ld+json\" class=\"yoast-schema-graph\">{\"@context\":\"https:\/\/schema.org\",\"@graph\":[{\"@type\":\"WebPage\",\"@id\":\"https:\/\/wns.uwr.edu.pl\/en\/faculty\/news\/\",\"url\":\"https:\/\/wns.uwr.edu.pl\/en\/faculty\/news\/\",\"name\":\"News - Faculty of Social Sciences\",\"isPartOf\":{\"@id\":\"https:\/\/wns.uwr.edu.pl\/en\/#website\"},\"datePublished\":\"2023-04-25T14:53:10+00:00\",\"dateModified\":\"2023-04-26T07:29:45+00:00\",\"breadcrumb\":{\"@id\":\"https:\/\/wns.uwr.edu.pl\/en\/faculty\/news\/#breadcrumb\"},\"inLanguage\":\"en-US\",\"potentialAction\":[{\"@type\":\"ReadAction\",\"target\":[\"https:\/\/wns.uwr.edu.pl\/en\/faculty\/news\/\"]}]},{\"@type\":\"BreadcrumbList\",\"@id\":\"https:\/\/wns.uwr.edu.pl\/en\/faculty\/news\/#breadcrumb\",\"itemListElement\":[{\"@type\":\"ListItem\",\"position\":1,\"name\":\"Strona g\u0142\u00f3wna\",\"item\":\"https:\/\/wns.uwr.edu.pl\/en\/\"},{\"@type\":\"ListItem\",\"position\":2,\"name\":\"Faculty\",\"item\":\"https:\/\/wns.uwr.edu.pl\/en\/faculty\/\"},{\"@type\":\"ListItem\",\"position\":3,\"name\":\"News\"}]},{\"@type\":\"WebSite\",\"@id\":\"https:\/\/wns.uwr.edu.pl\/en\/#website\",\"url\":\"https:\/\/wns.uwr.edu.pl\/en\/\",\"name\":\"Faculty of Social Sciences\",\"description\":\"Kolejna witryna sieci \u201eUWR Witryny\u201d\",\"publisher\":{\"@id\":\"https:\/\/wns.uwr.edu.pl\/en\/#organization\"},\"potentialAction\":[{\"@type\":\"SearchAction\",\"target\":{\"@type\":\"EntryPoint\",\"urlTemplate\":\"https:\/\/wns.uwr.edu.pl\/en\/?s={search_term_string}\"},\"query-input\":{\"@type\":\"PropertyValueSpecification\",\"valueRequired\":true,\"valueName\":\"search_term_string\"}}],\"inLanguage\":\"en-US\"},{\"@type\":\"Organization\",\"@id\":\"https:\/\/wns.uwr.edu.pl\/en\/#organization\",\"name\":\"Faculty of Social Sciences\",\"url\":\"https:\/\/wns.uwr.edu.pl\/en\/\",\"logo\":{\"@type\":\"ImageObject\",\"inLanguage\":\"en-US\",\"@id\":\"https:\/\/wns.uwr.edu.pl\/en\/#\/schema\/logo\/image\/\",\"url\":\"https:\/\/wns.uwr.edu.pl\/wp-content\/uploads\/sites\/279\/2025\/10\/UWr-logotyp-2025.png\",\"contentUrl\":\"https:\/\/wns.uwr.edu.pl\/wp-content\/uploads\/sites\/279\/2025\/10\/UWr-logotyp-2025.png\",\"width\":764,\"height\":269,\"caption\":\"Faculty of Social Sciences\"},\"image\":{\"@id\":\"https:\/\/wns.uwr.edu.pl\/en\/#\/schema\/logo\/image\/\"}}]}<\/script>\n<!-- \/ Yoast SEO plugin. -->","yoast_head_json":{"title":"News - Faculty of Social Sciences","robots":{"index":"index","follow":"follow","max-snippet":"max-snippet:-1","max-image-preview":"max-image-preview:large","max-video-preview":"max-video-preview:-1"},"canonical":"https:\/\/wns.uwr.edu.pl\/en\/faculty\/news\/","og_locale":"en_US","og_type":"article","og_title":"News - Faculty of Social Sciences","og_url":"https:\/\/wns.uwr.edu.pl\/en\/faculty\/news\/","og_site_name":"Faculty of Social Sciences","article_modified_time":"2023-04-26T07:29:45+00:00","twitter_card":"summary_large_image","schema":{"@context":"https:\/\/schema.org","@graph":[{"@type":"WebPage","@id":"https:\/\/wns.uwr.edu.pl\/en\/faculty\/news\/","url":"https:\/\/wns.uwr.edu.pl\/en\/faculty\/news\/","name":"News - Faculty of Social Sciences","isPartOf":{"@id":"https:\/\/wns.uwr.edu.pl\/en\/#website"},"datePublished":"2023-04-25T14:53:10+00:00","dateModified":"2023-04-26T07:29:45+00:00","breadcrumb":{"@id":"https:\/\/wns.uwr.edu.pl\/en\/faculty\/news\/#breadcrumb"},"inLanguage":"en-US","potentialAction":[{"@type":"ReadAction","target":["https:\/\/wns.uwr.edu.pl\/en\/faculty\/news\/"]}]},{"@type":"BreadcrumbList","@id":"https:\/\/wns.uwr.edu.pl\/en\/faculty\/news\/#breadcrumb","itemListElement":[{"@type":"ListItem","position":1,"name":"Strona g\u0142\u00f3wna","item":"https:\/\/wns.uwr.edu.pl\/en\/"},{"@type":"ListItem","position":2,"name":"Faculty","item":"https:\/\/wns.uwr.edu.pl\/en\/faculty\/"},{"@type":"ListItem","position":3,"name":"News"}]},{"@type":"WebSite","@id":"https:\/\/wns.uwr.edu.pl\/en\/#website","url":"https:\/\/wns.uwr.edu.pl\/en\/","name":"Faculty of Social Sciences","description":"Kolejna witryna sieci \u201eUWR Witryny\u201d","publisher":{"@id":"https:\/\/wns.uwr.edu.pl\/en\/#organization"},"potentialAction":[{"@type":"SearchAction","target":{"@type":"EntryPoint","urlTemplate":"https:\/\/wns.uwr.edu.pl\/en\/?s={search_term_string}"},"query-input":{"@type":"PropertyValueSpecification","valueRequired":true,"valueName":"search_term_string"}}],"inLanguage":"en-US"},{"@type":"Organization","@id":"https:\/\/wns.uwr.edu.pl\/en\/#organization","name":"Faculty of Social Sciences","url":"https:\/\/wns.uwr.edu.pl\/en\/","logo":{"@type":"ImageObject","inLanguage":"en-US","@id":"https:\/\/wns.uwr.edu.pl\/en\/#\/schema\/logo\/image\/","url":"https:\/\/wns.uwr.edu.pl\/wp-content\/uploads\/sites\/279\/2025\/10\/UWr-logotyp-2025.png","contentUrl":"https:\/\/wns.uwr.edu.pl\/wp-content\/uploads\/sites\/279\/2025\/10\/UWr-logotyp-2025.png","width":764,"height":269,"caption":"Faculty of Social Sciences"},"image":{"@id":"https:\/\/wns.uwr.edu.pl\/en\/#\/schema\/logo\/image\/"}}]}},"publishpress_future_action":{"enabled":false,"date":"2026-04-24 12:19:42","action":"change-status","newStatus":"draft","terms":[],"taxonomy":"category","extraData":[]},"publishpress_future_workflow_manual_trigger":{"enabledWorkflows":[]},"_links":{"self":[{"href":"https:\/\/wns.uwr.edu.pl\/en\/wp-json\/wp\/v2\/pages\/48081\/"}],"collection":[{"href":"https:\/\/wns.uwr.edu.pl\/en\/wp-json\/wp\/v2\/pages\/"}],"about":[{"href":"https:\/\/wns.uwr.edu.pl\/en\/wp-json\/wp\/v2\/types\/page\/"}],"author":[{"embeddable":true,"href":"https:\/\/wns.uwr.edu.pl\/en\/wp-json\/wp\/v2\/users\/2235\/"}],"replies":[{"embeddable":true,"href":"https:\/\/wns.uwr.edu.pl\/en\/wp-json\/wp\/v2\/comments\/?post=48081"}],"version-history":[{"count":6,"href":"https:\/\/wns.uwr.edu.pl\/en\/wp-json\/wp\/v2\/pages\/48081\/revisions\/"}],"predecessor-version":[{"id":48108,"href":"https:\/\/wns.uwr.edu.pl\/en\/wp-json\/wp\/v2\/pages\/48081\/revisions\/48108\/"}],"up":[{"embeddable":true,"href":"https:\/\/wns.uwr.edu.pl\/en\/wp-json\/wp\/v2\/pages\/47928\/"}],"wp:attachment":[{"href":"https:\/\/wns.uwr.edu.pl\/en\/wp-json\/wp\/v2\/media\/?parent=48081"}],"wp:term":[{"taxonomy":"category","embeddable":true,"href":"https:\/\/wns.uwr.edu.pl\/en\/wp-json\/wp\/v2\/categories\/?post=48081"},{"taxonomy":"post_tag","embeddable":true,"href":"https:\/\/wns.uwr.edu.pl\/en\/wp-json\/wp\/v2\/tags\/?post=48081"}],"curies":[{"name":"wp","href":"https:\/\/api.w.org\/{rel}","templated":true}]}}