{"id":48381,"date":"2023-04-27T16:09:54","date_gmt":"2023-04-27T14:09:54","guid":{"rendered":"https:\/\/wns.uwr.edu.pl\/?page_id=48381"},"modified":"2026-02-06T20:54:20","modified_gmt":"2026-02-06T19:54:20","slug":"about-the-faculty","status":"publish","type":"page","link":"https:\/\/wns.uwr.edu.pl\/en\/faculty\/about-the-faculty\/","title":{"rendered":"About the Faculty"},"content":{"rendered":"\n<div class=\"wp-block-ugb-container ugb-container blok_nowa_podstrona ugb-8dda971 ugb-container--v2 ugb-container--design-plain ugb-main-block\"><div class=\"ugb-inner-block\"><div class=\"ugb-block-content\"><div class=\"ugb-container__wrapper ugb-8dda971-wrapper\"><div class=\"ugb-container__side\"><div class=\"ugb-container__content-wrapper ugb-8dda971-content-wrapper\">\n<div class=\"wp-block-columns bs-news-page is-layout-flex wp-block-columns-is-layout-flex\">\n<div class=\"wp-block-column bs-contact-right-column is-layout-flow wp-block-column-is-layout-flow\">\n<div class=\"wp-block-bonasoft-modular-breadcrumbs-block\"><div class=\"bs_add_breadcrumb_trail\"><\/div><\/div>\n\n\n\n<hr class=\"wp-block-separator has-text-color has-black-color has-css-opacity has-black-background-color has-background is-style-wide bs-border-kontakt\"\/>\n\n\n\n<h1 class=\"wp-block-heading bs-naglowek-podstrony\"><strong>About the Faculty<\/strong><\/h1>\n\n\n\n<p><strong><strong><strong>The Faculty of Social Sciences <\/strong>is one of the biggest faculties of the University of Wroc\u0142aw.<\/strong><\/strong><\/p>\n\n\n\n<p>It includes: the <strong>Institute of International Studies and Security, Institute of Philosophy<\/strong>, <strong>Institute of Political Science, Institute of Sociology, Institute of European Studies, and Chair of Logic and Methodology of Science<\/strong>. The <strong>Faculty Library <\/strong>is located at the campus, too. <\/p>\n<\/div>\n\n\n\n<div class=\"wp-block-column bs-kontakt-photo is-layout-flow wp-block-column-is-layout-flow\">\n<figure class=\"wp-block-image size-large\"><img decoding=\"async\" src=\"https:\/\/wns.uwr.edu.pl\/wp-content\/uploads\/sites\/279\/2023\/03\/UWr_026-1-1024x683.jpg\" alt=\"z\u00f3\u0142ty budynek Instytutu Politologii w otoczeniu zieleni, widziany z lotu ptaka\" class=\"wp-image-41464\"\/><\/figure>\n<\/div>\n<\/div>\n\n\n\n<div class=\"wp-block-ugb-container ugb-container bs-news-page-under ugb-f8694ce ugb-container--v2 ugb-container--design-plain ugb-main-block\"><div class=\"ugb-inner-block\"><div class=\"ugb-block-content\"><div class=\"ugb-container__wrapper ugb-f8694ce-wrapper\"><div class=\"ugb-container__side\"><div class=\"ugb-container__content-wrapper ugb-f8694ce-content-wrapper\">\n<p>Students of the Faculty are educated at 1<sup>st<\/sup>, 2<sup>nd<\/sup> and 3<sup>rd<\/sup> cycle studies in Polish and in English, full time and part time. The majors in Polish include: <strong>Social Analytics, National Security, European Diplomacy, Ethics, European Studies, Philosophy, Organization and Management of Social Services, Sociology, Economic Sociology, International Relations, Political Science, Social Work, Social Project Management, and State Security Management<\/strong><\/p>\n\n\n\n<p>As far as English-language studies are concerned, students may choose for example: <strong>Applied Social and Intercultural Studies<\/strong>, <strong>Branding and Political Leadership<\/strong>, <strong>Culture, Thought and Humanity<\/strong>, <strong>Data and Society<\/strong>, <strong>International Relations \u2013 Global Studies<\/strong>, <strong>Global Communication<\/strong>, and <strong>Political Science<\/strong>.<\/p>\n\n\n\n<p>The Faculty of Social Sciences offers also post-graduate studies: <strong>management of multicultural conflict <\/strong><strong>and professional mediation<\/strong><strong>.<\/strong><\/p>\n\n\n\n<p>The Faculty of Social Sciences is the only faculty at the University of Wroc\u0142aw which offers <strong>Doctoral Colleges in English<\/strong>.<\/p>\n\n\n\n<figure class=\"wp-block-gallery has-nested-images columns-default is-cropped wp-block-gallery-2 is-layout-flex wp-block-gallery-is-layout-flex\">\n<figure class=\"wp-block-image size-large\"><img decoding=\"async\" data-id=\"41626\" src=\"https:\/\/wns.uwr.edu.pl\/wp-content\/uploads\/sites\/279\/2023\/03\/FOTO-MS_PL_27-1024x620.jpg\" alt=\"Studenci rozmawiaj\u0105 w sali wyk\u0142adowej\" class=\"wp-image-41626\"\/><\/figure>\n\n\n\n<figure class=\"wp-block-image size-large\"><img decoding=\"async\" data-id=\"41620\" src=\"https:\/\/wns.uwr.edu.pl\/wp-content\/uploads\/sites\/279\/2023\/03\/FOTO-MS_PL_14.jpg\" alt=\"Zaj\u0119cia w sali wyk\u0142adowej z studentk\u0105 przebran\u0105 na pierwszym planie\" class=\"wp-image-41620\"\/><\/figure>\n\n\n\n<figure class=\"wp-block-image size-large\"><img decoding=\"async\" data-id=\"41614\" src=\"https:\/\/wns.uwr.edu.pl\/wp-content\/uploads\/sites\/279\/2023\/03\/FOTO-MS_PL_05.jpg\" alt=\"Studenci w sali przegl\u0105daj\u0105 r\u00f3\u017cne materia\u0142y\" class=\"wp-image-41614\"\/><\/figure>\n\n\n\n<figure class=\"wp-block-image size-large\"><img decoding=\"async\" data-id=\"41608\" src=\"https:\/\/wns.uwr.edu.pl\/wp-content\/uploads\/sites\/279\/2023\/03\/FOTO-MS_PL_04.jpg\" alt=\"Studenci dyskutuj\u0105 w sali \u0107wiczeniowej\" class=\"wp-image-41608\"\/><\/figure>\n\n\n\n<figure class=\"wp-block-image size-large\"><img decoding=\"async\" data-id=\"41632\" src=\"https:\/\/wns.uwr.edu.pl\/wp-content\/uploads\/sites\/279\/2023\/03\/FOTO-MS_PL_12-1024x660.jpg\" alt=\"Studenci pracuj\u0105 na komputerach w jednej z sal\" class=\"wp-image-41632\"\/><\/figure>\n<\/figure>\n\n\n\n<p>The Faculty of Social Sciences is among the most internationalised units of the University of Wroc\u0142aw, with its multiple international agreements and advanced international cooperation. We implement such programmes as <strong>Erasmus Mundus: \u201cGlobal Studies\u201d, <\/strong>&nbsp;\u201c<strong>MITRA\u201d and others. We also offer the<\/strong> <strong>Double Degree programme:<\/strong> its completion at the major in international relations guarantees acquisition of diplomas of the University of Wroc\u0142aw and <strong>University of Padua<\/strong> or University of Wroc\u0142aw and <strong>University Bochum<\/strong>, and in political science \u2013 diplomas of the University of Wroc\u0142aw and <strong>Georgian Institute of Public Affairs in Tbilisi<\/strong>. Moreover, studying in English involves multiple options of participating in international exchange programmes, including <strong>Erasmus+<\/strong>, <strong>CEEEPUS<\/strong>, or <strong>ISEP<\/strong>, as well as international student conferences and summer schools.<\/p>\n\n\n\n<div class=\"wp-block-columns is-layout-flex wp-block-columns-is-layout-flex\">\n<div class=\"wp-block-column is-layout-flow wp-block-column-is-layout-flow\">\n<p>Studying at the Faculty of Social Sciences is a scientific adventure not only thanks to the interesting teaching offer, but also with participation in various science clubs and research projects. It involves learning in multicultural and international environment, allowing you to co-shape the atmosphere of openness and understanding for various social processes.<\/p>\n\n\n\n<p>Most students of our Faculty are citizens of Poland, but we also have students from dozens other countries, including citizens of Ukraine, Belarus, Turkey, Germany, Georgia, India, Nigeria, Uzbekistan, Azerbaijan and Brazil.<\/p>\n\n\n\n<p>Since September 2021, the Faculty of Social Sciences operates the <strong>\u201cWelcome Centre\u201d<\/strong>. This is a promotion and information outlet designed to coordinate the Faculty\u2019s teaching offer, as well as its promotion activities. The centre also coordinates staff scientific exchange.<\/p>\n<\/div>\n\n\n\n<div class=\"wp-block-column is-layout-flow wp-block-column-is-layout-flow\">\n<figure class=\"wp-block-image size-large\"><img decoding=\"async\" src=\"https:\/\/wns.uwr.edu.pl\/wp-content\/uploads\/sites\/279\/2023\/03\/DSC_6287-1024x684.jpg\" alt=\"Studenci siedz\u0105 na \u0142awce w korytarzu\" class=\"wp-image-41644\"\/><\/figure>\n<\/div>\n<\/div>\n\n\n\n<p>The Faculty of Social Sciences is also a community of scientists implementing research projects in several disciplines, including<strong> philosophy<\/strong>, <strong>political science and administration<\/strong>, <strong>sociology<\/strong>, <strong>security sciences<\/strong>, and from 2022 also <strong>international relations<\/strong>. The Faculty has labs and workshops; it publishes scientific journals and its staff are actively involved in national and international scientific organisations. The Faculty keeps developing its cooperation with its external environment, taking joint initiatives with the non-governmental sector, government and local institutions, schools, business and mass media. We are also increasingly open to international cooperation, developing our partnership with prestigious scientific centres and world-class researchers, who frequently visit the Faculty of Social Sciences in Wroc\u0142aw.<\/p>\n\n\n\n<p><\/p>\n<\/div><\/div><\/div><\/div><\/div><\/div>\n<\/div><\/div><\/div><\/div><\/div><\/div>\n","protected":false},"excerpt":{"rendered":"<p>About the Faculty The Faculty of Social Sciences is one of the biggest faculties of the University of Wroc\u0142aw. It includes: the Institute of International Studies and Security, Institute of Philosophy, Institute of Political Science, Institute of Sociology, Institute of European Studies, and Chair of Logic and Methodology of Science. The Faculty Library is located [&hellip;]<\/p>\n","protected":false},"author":2235,"featured_media":40518,"parent":47928,"menu_order":0,"comment_status":"closed","ping_status":"closed","template":"","meta":{"_acf_changed":false,"inline_featured_image":false,"site-sidebar-layout":"default","site-content-layout":"","ast-site-content-layout":"default","site-content-style":"default","site-sidebar-style":"default","ast-global-header-display":"","ast-banner-title-visibility":"","ast-main-header-display":"","ast-hfb-above-header-display":"","ast-hfb-below-header-display":"","ast-hfb-mobile-header-display":"","site-post-title":"","ast-breadcrumbs-content":"","ast-featured-img":"","footer-sml-layout":"","ast-disable-related-posts":"","theme-transparent-header-meta":"","adv-header-id-meta":"","stick-header-meta":"","header-above-stick-meta":"","header-main-stick-meta":"","header-below-stick-meta":"","astra-migrate-meta-layouts":"set","ast-page-background-enabled":"default","ast-page-background-meta":{"desktop":{"background-color":"","background-image":"","background-repeat":"repeat","background-position":"center center","background-size":"auto","background-attachment":"scroll","background-type":"","background-media":"","overlay-type":"","overlay-color":"","overlay-opacity":"","overlay-gradient":""},"tablet":{"background-color":"","background-image":"","background-repeat":"repeat","background-position":"center center","background-size":"auto","background-attachment":"scroll","background-type":"","background-media":"","overlay-type":"","overlay-color":"","overlay-opacity":"","overlay-gradient":""},"mobile":{"background-color":"","background-image":"","background-repeat":"repeat","background-position":"center center","background-size":"auto","background-attachment":"scroll","background-type":"","background-media":"","overlay-type":"","overlay-color":"","overlay-opacity":"","overlay-gradient":""}},"ast-content-background-meta":{"desktop":{"background-color":"var(--ast-global-color-5)","background-image":"","background-repeat":"repeat","background-position":"center center","background-size":"auto","background-attachment":"scroll","background-type":"","background-media":"","overlay-type":"","overlay-color":"","overlay-opacity":"","overlay-gradient":""},"tablet":{"background-color":"var(--ast-global-color-5)","background-image":"","background-repeat":"repeat","background-position":"center center","background-size":"auto","background-attachment":"scroll","background-type":"","background-media":"","overlay-type":"","overlay-color":"","overlay-opacity":"","overlay-gradient":""},"mobile":{"background-color":"var(--ast-global-color-5)","background-image":"","background-repeat":"repeat","background-position":"center center","background-size":"auto","background-attachment":"scroll","background-type":"","background-media":"","overlay-type":"","overlay-color":"","overlay-opacity":"","overlay-gradient":""}},"footnotes":""},"categories":[],"tags":[],"class_list":["post-48381","page","type-page","status-publish","has-post-thumbnail","hentry"],"featured_image_urls_v2":{"full":["https:\/\/wns.uwr.edu.pl\/wp-content\/uploads\/sites\/279\/2023\/03\/UWr_026-1.jpg",5184,3456,false],"thumbnail":["https:\/\/wns.uwr.edu.pl\/wp-content\/uploads\/sites\/279\/2023\/03\/UWr_026-1-150x150.jpg",150,150,true],"medium":["https:\/\/wns.uwr.edu.pl\/wp-content\/uploads\/sites\/279\/2023\/03\/UWr_026-1-300x200.jpg",300,200,true],"medium_large":["https:\/\/wns.uwr.edu.pl\/wp-content\/uploads\/sites\/279\/2023\/03\/UWr_026-1-768x512.jpg",768,512,true],"large":["https:\/\/wns.uwr.edu.pl\/wp-content\/uploads\/sites\/279\/2023\/03\/UWr_026-1-1024x683.jpg",1024,683,true],"1536x1536":["https:\/\/wns.uwr.edu.pl\/wp-content\/uploads\/sites\/279\/2023\/03\/UWr_026-1-1536x1024.jpg",1536,1024,true],"2048x2048":["https:\/\/wns.uwr.edu.pl\/wp-content\/uploads\/sites\/279\/2023\/03\/UWr_026-1-2048x1365.jpg",2048,1365,true],"menu-24x24":["https:\/\/wns.uwr.edu.pl\/wp-content\/uploads\/sites\/279\/2023\/03\/UWr_026-1-24x16.jpg",24,16,true],"menu-36x36":["https:\/\/wns.uwr.edu.pl\/wp-content\/uploads\/sites\/279\/2023\/03\/UWr_026-1-36x24.jpg",36,24,true],"menu-48x48":["https:\/\/wns.uwr.edu.pl\/wp-content\/uploads\/sites\/279\/2023\/03\/UWr_026-1-48x32.jpg",48,32,true]},"post_excerpt_stackable_v2":"<p>About the Faculty The Faculty of Social Sciences is one of the biggest faculties of the University of Wroc\u0142aw. It includes: the Institute of International Studies and Security, Institute of Philosophy, Institute of Political Science, Institute of Sociology, Institute of European Studies, and Chair of Logic and Methodology of Science. The Faculty Library is located at the campus, too. Students of the Faculty are educated at 1st, 2nd and 3rd cycle studies in Polish and in English, full time and part time. The majors in Polish include: Social Analytics, National Security, European Diplomacy, Ethics, European Studies, Philosophy, Organization and Management&hellip;<\/p>\n","category_list_v2":"Uncategorized","author_info_v2":{"name":"kzalaskaminska","url":"https:\/\/wns.uwr.edu.pl\/en\/author\/kzalaskaminska\/"},"comments_num_v2":"0 comments","acf":[],"yoast_head":"<!-- This site is optimized with the Yoast SEO plugin v27.1.1 - https:\/\/yoast.com\/product\/yoast-seo-wordpress\/ -->\n<title>About the Faculty - Faculty of Social Sciences<\/title>\n<meta name=\"robots\" content=\"index, follow, max-snippet:-1, max-image-preview:large, max-video-preview:-1\" \/>\n<link rel=\"canonical\" href=\"https:\/\/wns.uwr.edu.pl\/en\/faculty\/about-the-faculty\/\" \/>\n<meta property=\"og:locale\" content=\"en_US\" \/>\n<meta property=\"og:type\" content=\"article\" \/>\n<meta property=\"og:title\" content=\"About the Faculty - Faculty of Social Sciences\" \/>\n<meta property=\"og:description\" content=\"About the Faculty The Faculty of Social Sciences is one of the biggest faculties of the University of Wroc\u0142aw. It includes: the Institute of International Studies and Security, Institute of Philosophy, Institute of Political Science, Institute of Sociology, Institute of European Studies, and Chair of Logic and Methodology of Science. The Faculty Library is located [&hellip;]\" \/>\n<meta property=\"og:url\" content=\"https:\/\/wns.uwr.edu.pl\/en\/faculty\/about-the-faculty\/\" \/>\n<meta property=\"og:site_name\" content=\"Faculty of Social Sciences\" \/>\n<meta property=\"article:modified_time\" content=\"2026-02-06T19:54:20+00:00\" \/>\n<meta property=\"og:image\" content=\"https:\/\/wns.uwr.edu.pl\/wp-content\/uploads\/sites\/279\/2023\/03\/UWr_026-1-1024x683.jpg\" \/>\n\t<meta property=\"og:image:width\" content=\"1024\" \/>\n\t<meta property=\"og:image:height\" content=\"683\" \/>\n\t<meta property=\"og:image:type\" content=\"image\/jpeg\" \/>\n<meta name=\"twitter:card\" content=\"summary_large_image\" \/>\n<meta name=\"twitter:label1\" content=\"Est. reading time\" \/>\n\t<meta name=\"twitter:data1\" content=\"5 minutes\" \/>\n<script type=\"application\/ld+json\" class=\"yoast-schema-graph\">{\"@context\":\"https:\/\/schema.org\",\"@graph\":[{\"@type\":\"WebPage\",\"@id\":\"https:\/\/wns.uwr.edu.pl\/en\/faculty\/about-the-faculty\/\",\"url\":\"https:\/\/wns.uwr.edu.pl\/en\/faculty\/about-the-faculty\/\",\"name\":\"About the Faculty - Faculty of Social Sciences\",\"isPartOf\":{\"@id\":\"https:\/\/wns.uwr.edu.pl\/en\/#website\"},\"primaryImageOfPage\":{\"@id\":\"https:\/\/wns.uwr.edu.pl\/en\/faculty\/about-the-faculty\/#primaryimage\"},\"image\":{\"@id\":\"https:\/\/wns.uwr.edu.pl\/en\/faculty\/about-the-faculty\/#primaryimage\"},\"thumbnailUrl\":\"https:\/\/wns.uwr.edu.pl\/wp-content\/uploads\/sites\/279\/2023\/03\/UWr_026-1.jpg\",\"datePublished\":\"2023-04-27T14:09:54+00:00\",\"dateModified\":\"2026-02-06T19:54:20+00:00\",\"breadcrumb\":{\"@id\":\"https:\/\/wns.uwr.edu.pl\/en\/faculty\/about-the-faculty\/#breadcrumb\"},\"inLanguage\":\"en-US\",\"potentialAction\":[{\"@type\":\"ReadAction\",\"target\":[\"https:\/\/wns.uwr.edu.pl\/en\/faculty\/about-the-faculty\/\"]}]},{\"@type\":\"ImageObject\",\"inLanguage\":\"en-US\",\"@id\":\"https:\/\/wns.uwr.edu.pl\/en\/faculty\/about-the-faculty\/#primaryimage\",\"url\":\"https:\/\/wns.uwr.edu.pl\/wp-content\/uploads\/sites\/279\/2023\/03\/UWr_026-1.jpg\",\"contentUrl\":\"https:\/\/wns.uwr.edu.pl\/wp-content\/uploads\/sites\/279\/2023\/03\/UWr_026-1.jpg\",\"width\":5184,\"height\":3456,\"caption\":\"budynek na campusie WNS\"},{\"@type\":\"BreadcrumbList\",\"@id\":\"https:\/\/wns.uwr.edu.pl\/en\/faculty\/about-the-faculty\/#breadcrumb\",\"itemListElement\":[{\"@type\":\"ListItem\",\"position\":1,\"name\":\"Strona g\u0142\u00f3wna\",\"item\":\"https:\/\/wns.uwr.edu.pl\/en\/\"},{\"@type\":\"ListItem\",\"position\":2,\"name\":\"Faculty\",\"item\":\"https:\/\/wns.uwr.edu.pl\/en\/faculty\/\"},{\"@type\":\"ListItem\",\"position\":3,\"name\":\"About the Faculty\"}]},{\"@type\":\"WebSite\",\"@id\":\"https:\/\/wns.uwr.edu.pl\/en\/#website\",\"url\":\"https:\/\/wns.uwr.edu.pl\/en\/\",\"name\":\"Faculty of Social Sciences\",\"description\":\"Kolejna witryna sieci \u201eUWR Witryny\u201d\",\"publisher\":{\"@id\":\"https:\/\/wns.uwr.edu.pl\/en\/#organization\"},\"potentialAction\":[{\"@type\":\"SearchAction\",\"target\":{\"@type\":\"EntryPoint\",\"urlTemplate\":\"https:\/\/wns.uwr.edu.pl\/en\/?s={search_term_string}\"},\"query-input\":{\"@type\":\"PropertyValueSpecification\",\"valueRequired\":true,\"valueName\":\"search_term_string\"}}],\"inLanguage\":\"en-US\"},{\"@type\":\"Organization\",\"@id\":\"https:\/\/wns.uwr.edu.pl\/en\/#organization\",\"name\":\"Faculty of Social Sciences\",\"url\":\"https:\/\/wns.uwr.edu.pl\/en\/\",\"logo\":{\"@type\":\"ImageObject\",\"inLanguage\":\"en-US\",\"@id\":\"https:\/\/wns.uwr.edu.pl\/en\/#\/schema\/logo\/image\/\",\"url\":\"https:\/\/wns.uwr.edu.pl\/wp-content\/uploads\/sites\/279\/2025\/10\/UWr-logotyp-2025.png\",\"contentUrl\":\"https:\/\/wns.uwr.edu.pl\/wp-content\/uploads\/sites\/279\/2025\/10\/UWr-logotyp-2025.png\",\"width\":764,\"height\":269,\"caption\":\"Faculty of Social Sciences\"},\"image\":{\"@id\":\"https:\/\/wns.uwr.edu.pl\/en\/#\/schema\/logo\/image\/\"}}]}<\/script>\n<!-- \/ Yoast SEO plugin. -->","yoast_head_json":{"title":"About the Faculty - Faculty of Social Sciences","robots":{"index":"index","follow":"follow","max-snippet":"max-snippet:-1","max-image-preview":"max-image-preview:large","max-video-preview":"max-video-preview:-1"},"canonical":"https:\/\/wns.uwr.edu.pl\/en\/faculty\/about-the-faculty\/","og_locale":"en_US","og_type":"article","og_title":"About the Faculty - Faculty of Social Sciences","og_description":"About the Faculty The Faculty of Social Sciences is one of the biggest faculties of the University of Wroc\u0142aw. It includes: the Institute of International Studies and Security, Institute of Philosophy, Institute of Political Science, Institute of Sociology, Institute of European Studies, and Chair of Logic and Methodology of Science. The Faculty Library is located [&hellip;]","og_url":"https:\/\/wns.uwr.edu.pl\/en\/faculty\/about-the-faculty\/","og_site_name":"Faculty of Social Sciences","article_modified_time":"2026-02-06T19:54:20+00:00","og_image":[{"width":1024,"height":683,"url":"https:\/\/wns.uwr.edu.pl\/wp-content\/uploads\/sites\/279\/2023\/03\/UWr_026-1-1024x683.jpg","type":"image\/jpeg"}],"twitter_card":"summary_large_image","twitter_misc":{"Est. reading time":"5 minutes"},"schema":{"@context":"https:\/\/schema.org","@graph":[{"@type":"WebPage","@id":"https:\/\/wns.uwr.edu.pl\/en\/faculty\/about-the-faculty\/","url":"https:\/\/wns.uwr.edu.pl\/en\/faculty\/about-the-faculty\/","name":"About the Faculty - Faculty of Social Sciences","isPartOf":{"@id":"https:\/\/wns.uwr.edu.pl\/en\/#website"},"primaryImageOfPage":{"@id":"https:\/\/wns.uwr.edu.pl\/en\/faculty\/about-the-faculty\/#primaryimage"},"image":{"@id":"https:\/\/wns.uwr.edu.pl\/en\/faculty\/about-the-faculty\/#primaryimage"},"thumbnailUrl":"https:\/\/wns.uwr.edu.pl\/wp-content\/uploads\/sites\/279\/2023\/03\/UWr_026-1.jpg","datePublished":"2023-04-27T14:09:54+00:00","dateModified":"2026-02-06T19:54:20+00:00","breadcrumb":{"@id":"https:\/\/wns.uwr.edu.pl\/en\/faculty\/about-the-faculty\/#breadcrumb"},"inLanguage":"en-US","potentialAction":[{"@type":"ReadAction","target":["https:\/\/wns.uwr.edu.pl\/en\/faculty\/about-the-faculty\/"]}]},{"@type":"ImageObject","inLanguage":"en-US","@id":"https:\/\/wns.uwr.edu.pl\/en\/faculty\/about-the-faculty\/#primaryimage","url":"https:\/\/wns.uwr.edu.pl\/wp-content\/uploads\/sites\/279\/2023\/03\/UWr_026-1.jpg","contentUrl":"https:\/\/wns.uwr.edu.pl\/wp-content\/uploads\/sites\/279\/2023\/03\/UWr_026-1.jpg","width":5184,"height":3456,"caption":"budynek na campusie WNS"},{"@type":"BreadcrumbList","@id":"https:\/\/wns.uwr.edu.pl\/en\/faculty\/about-the-faculty\/#breadcrumb","itemListElement":[{"@type":"ListItem","position":1,"name":"Strona g\u0142\u00f3wna","item":"https:\/\/wns.uwr.edu.pl\/en\/"},{"@type":"ListItem","position":2,"name":"Faculty","item":"https:\/\/wns.uwr.edu.pl\/en\/faculty\/"},{"@type":"ListItem","position":3,"name":"About the Faculty"}]},{"@type":"WebSite","@id":"https:\/\/wns.uwr.edu.pl\/en\/#website","url":"https:\/\/wns.uwr.edu.pl\/en\/","name":"Faculty of Social Sciences","description":"Kolejna witryna sieci \u201eUWR Witryny\u201d","publisher":{"@id":"https:\/\/wns.uwr.edu.pl\/en\/#organization"},"potentialAction":[{"@type":"SearchAction","target":{"@type":"EntryPoint","urlTemplate":"https:\/\/wns.uwr.edu.pl\/en\/?s={search_term_string}"},"query-input":{"@type":"PropertyValueSpecification","valueRequired":true,"valueName":"search_term_string"}}],"inLanguage":"en-US"},{"@type":"Organization","@id":"https:\/\/wns.uwr.edu.pl\/en\/#organization","name":"Faculty of Social Sciences","url":"https:\/\/wns.uwr.edu.pl\/en\/","logo":{"@type":"ImageObject","inLanguage":"en-US","@id":"https:\/\/wns.uwr.edu.pl\/en\/#\/schema\/logo\/image\/","url":"https:\/\/wns.uwr.edu.pl\/wp-content\/uploads\/sites\/279\/2025\/10\/UWr-logotyp-2025.png","contentUrl":"https:\/\/wns.uwr.edu.pl\/wp-content\/uploads\/sites\/279\/2025\/10\/UWr-logotyp-2025.png","width":764,"height":269,"caption":"Faculty of Social Sciences"},"image":{"@id":"https:\/\/wns.uwr.edu.pl\/en\/#\/schema\/logo\/image\/"}}]}},"publishpress_future_action":{"enabled":false,"date":"2026-04-14 13:37:49","action":"change-status","newStatus":"draft","terms":[],"taxonomy":"category","extraData":[]},"publishpress_future_workflow_manual_trigger":{"enabledWorkflows":[]},"_links":{"self":[{"href":"https:\/\/wns.uwr.edu.pl\/en\/wp-json\/wp\/v2\/pages\/48381\/"}],"collection":[{"href":"https:\/\/wns.uwr.edu.pl\/en\/wp-json\/wp\/v2\/pages\/"}],"about":[{"href":"https:\/\/wns.uwr.edu.pl\/en\/wp-json\/wp\/v2\/types\/page\/"}],"author":[{"embeddable":true,"href":"https:\/\/wns.uwr.edu.pl\/en\/wp-json\/wp\/v2\/users\/2235\/"}],"replies":[{"embeddable":true,"href":"https:\/\/wns.uwr.edu.pl\/en\/wp-json\/wp\/v2\/comments\/?post=48381"}],"version-history":[{"count":3,"href":"https:\/\/wns.uwr.edu.pl\/en\/wp-json\/wp\/v2\/pages\/48381\/revisions\/"}],"predecessor-version":[{"id":85147,"href":"https:\/\/wns.uwr.edu.pl\/en\/wp-json\/wp\/v2\/pages\/48381\/revisions\/85147\/"}],"up":[{"embeddable":true,"href":"https:\/\/wns.uwr.edu.pl\/en\/wp-json\/wp\/v2\/pages\/47928\/"}],"wp:featuredmedia":[{"embeddable":true,"href":"https:\/\/wns.uwr.edu.pl\/en\/wp-json\/wp\/v2\/media\/40518\/"}],"wp:attachment":[{"href":"https:\/\/wns.uwr.edu.pl\/en\/wp-json\/wp\/v2\/media\/?parent=48381"}],"wp:term":[{"taxonomy":"category","embeddable":true,"href":"https:\/\/wns.uwr.edu.pl\/en\/wp-json\/wp\/v2\/categories\/?post=48381"},{"taxonomy":"post_tag","embeddable":true,"href":"https:\/\/wns.uwr.edu.pl\/en\/wp-json\/wp\/v2\/tags\/?post=48381"}],"curies":[{"name":"wp","href":"https:\/\/api.w.org\/{rel}","templated":true}]}}