{"id":48414,"date":"2023-04-27T16:31:59","date_gmt":"2023-04-27T14:31:59","guid":{"rendered":"https:\/\/wns.uwr.edu.pl\/?page_id=48414"},"modified":"2024-10-05T17:13:27","modified_gmt":"2024-10-05T15:13:27","slug":"equality-faculty","status":"publish","type":"page","link":"https:\/\/wns.uwr.edu.pl\/en\/faculty\/equality-faculty\/","title":{"rendered":"Equality Faculty\u00a0"},"content":{"rendered":"\n<div class=\"wp-block-ugb-container ugb-container blok_nowa_podstrona ugb-8dda971 ugb-container--v2 ugb-container--design-plain ugb-main-block\"><div class=\"ugb-inner-block\"><div class=\"ugb-block-content\"><div class=\"ugb-container__wrapper ugb-8dda971-wrapper\"><div class=\"ugb-container__side\"><div class=\"ugb-container__content-wrapper ugb-8dda971-content-wrapper\">\n<div class=\"wp-block-columns bs-news-page is-layout-flex wp-block-columns-is-layout-flex\">\n<div class=\"wp-block-column bs-contact-right-column is-layout-flow wp-block-column-is-layout-flow\">\n<div class=\"wp-block-bonasoft-modular-breadcrumbs-block\"><div class=\"bs_add_breadcrumb_trail\"><\/div><\/div>\n\n\n\n<hr class=\"wp-block-separator has-text-color has-black-color has-css-opacity has-black-background-color has-background is-style-wide bs-border-kontakt\"\/>\n\n\n\n<h1 class=\"wp-block-heading bs-naglowek-podstrony\"><strong>Equality Faculty&nbsp;<\/strong><\/h1>\n\n\n\n<h2 class=\"wp-block-heading\"><strong><strong><strong>Dean\u2019s Plenipotentiary for Equal Treatment:<\/strong><\/strong><\/strong><\/h2>\n\n\n\n<p><\/p>\n<\/div>\n\n\n\n<div class=\"wp-block-column bs-kontakt-photo is-layout-flow wp-block-column-is-layout-flow\">\n<figure class=\"wp-block-image size-full\"><img loading=\"lazy\" decoding=\"async\" width=\"1000\" height=\"667\" src=\"https:\/\/wns.uwr.edu.pl\/wp-content\/uploads\/sites\/279\/2022\/10\/Budynki-UWr-fot-Magdalena-Marcula-gmach-glowny-10n-1920x1281-20211212225558.jpg\" alt=\"budynek UWr\" class=\"wp-image-30867\" srcset=\"https:\/\/wns.uwr.edu.pl\/wp-content\/uploads\/sites\/279\/2022\/10\/Budynki-UWr-fot-Magdalena-Marcula-gmach-glowny-10n-1920x1281-20211212225558.jpg 1000w, https:\/\/wns.uwr.edu.pl\/wp-content\/uploads\/sites\/279\/2022\/10\/Budynki-UWr-fot-Magdalena-Marcula-gmach-glowny-10n-1920x1281-20211212225558-300x200.jpg 300w, https:\/\/wns.uwr.edu.pl\/wp-content\/uploads\/sites\/279\/2022\/10\/Budynki-UWr-fot-Magdalena-Marcula-gmach-glowny-10n-1920x1281-20211212225558-768x512.jpg 768w, https:\/\/wns.uwr.edu.pl\/wp-content\/uploads\/sites\/279\/2022\/10\/Budynki-UWr-fot-Magdalena-Marcula-gmach-glowny-10n-1920x1281-20211212225558-24x16.jpg 24w, https:\/\/wns.uwr.edu.pl\/wp-content\/uploads\/sites\/279\/2022\/10\/Budynki-UWr-fot-Magdalena-Marcula-gmach-glowny-10n-1920x1281-20211212225558-36x24.jpg 36w, https:\/\/wns.uwr.edu.pl\/wp-content\/uploads\/sites\/279\/2022\/10\/Budynki-UWr-fot-Magdalena-Marcula-gmach-glowny-10n-1920x1281-20211212225558-48x32.jpg 48w\" sizes=\"auto, (max-width: 1000px) 100vw, 1000px\" \/><figcaption class=\"wp-element-caption\">                        <\/figcaption><\/figure>\n<\/div>\n<\/div>\n\n\n\n<div class=\"wp-block-ugb-container ugb-container bs-news-page-under ugb-f8694ce ugb-container--v2 ugb-container--design-plain ugb-main-block\"><div class=\"ugb-inner-block\"><div class=\"ugb-block-content\"><div class=\"ugb-container__wrapper ugb-f8694ce-wrapper\"><div class=\"ugb-container__side\"><div class=\"ugb-container__content-wrapper ugb-f8694ce-content-wrapper\">\n<h3 class=\"wp-block-heading\"><strong><strong>The responsibilities of the Dean\u2019s Plenipotentiary for Equal Treatment include:<\/strong><\/strong><\/h3>\n\n\n\n<ul class=\"wp-block-list\">\n<li>wspieranie pracownik\u00f3w, doktorant\u00f3w i student\u00f3w w rozwi\u0105zywaniu konflikt\u00f3w,<\/li>\n<\/ul>\n\n\n\n<ul class=\"wp-block-list\">\n<li>supporting staff, Ph.D. students and students in conflict resolution,<\/li>\n\n\n\n<li>ensuring fair and honest treatment of all members of the Faculty\u2019s community,<\/li>\n\n\n\n<li>taking action to ensure full observation and implementation of the equal treatment principle and prevention of discrimination based on any legal feature,<\/li>\n\n\n\n<li>promoting and spreading knowledge on equal treatment and anti-discrimination standards,<\/li>\n\n\n\n<li>cooperation with Ombudsman for Equal Treatment and Anti-Discrimination in order to implement pro-equality solutions.<\/li>\n<\/ul>\n\n\n\n<h3 class=\"wp-block-heading\"><strong><strong>The Dean\u2019s Plenipotentiary for Equal Treatment may:<\/strong><\/strong><\/h3>\n\n\n\n<ul class=\"wp-block-list\">\n<li>wys\u0142ucha\u0107, pom\u00f3c zdiagnozowa\u0107 problem i wybra\u0107 spos\u00f3b jego rozwi\u0105zania oraz \u0142agodzi\u0107 jego negatywne skutki,<\/li>\n<\/ul>\n\n\n\n<ul class=\"wp-block-list\">\n<li>listen to you, help you diagnose the problem and choose the right way to solve it or soothe its negative consequence,<\/li>\n\n\n\n<li>support you in conflict resolution,<\/li>\n\n\n\n<li>provide the relevant information on rules and legal regulations binding at the University of Wroc\u0142aw,<\/li>\n\n\n\n<li>identify sources of problems which have negative impact on functioning of the Faculty,<\/li>\n\n\n\n<li>help you find information and clarify the reported issues,<\/li>\n\n\n\n<li>provide basic information to the authorities of the Faculty of Social Sciences,<\/li>\n\n\n\n<li>recommend change of policies, rules or procedures to the Dean and Rector in order to improve functioning of the Faculty and University with respect to equality policies.<\/li>\n<\/ul>\n\n\n\n<h3 class=\"wp-block-heading\"><strong><strong>Problems may be reported to the ds. Dean\u2019s Plenipotentiary for Equal Treatment by:<\/strong><\/strong><\/h3>\n\n\n\n<ul class=\"wp-block-list\">\n<li>individuals:<\/li>\n<\/ul>\n\n\n\n<p>\u2013 lecturers and instructors,<\/p>\n\n\n\n<p>\u2013 other employees,<\/p>\n\n\n\n<p>\u2013 Ph.D. students,<\/p>\n\n\n\n<p>\u2013 students.<\/p>\n\n\n\n<ul class=\"wp-block-list\">\n<li>scientific clubs, student organisation.<\/li>\n<\/ul>\n\n\n\n<p>The Dean\u2019s Plenipotentiary for Equal Treatment may also take action at the initiative of the authorities of the Faculty, Institute, Department or at her own initiative.<\/p>\n\n\n\n<p>Problems may be reported to the ds. Dean\u2019s Plenipotentiary for Equal Treatment by people who were discriminated against or unfairly treated, or who witnessed such situations. Members of the Faculty community may discuss problems they experience without further disclosure of the situation or taking any formal actions. Further steps are always defined by the concerned individuals depending on the circumstances and options they choose.<\/p>\n\n\n\n<p>The plenipotentiary accepts reports provided in person, by phone, e-mail or traditional mail, however any intervention (clarification) can be taken by the Plenipotentiary only upon a personal meeting with the Plenipotentiary and her obtaining an authorisation signed by the person reporting the problem or conflict.<\/p>\n\n\n\n<h3 class=\"wp-block-heading\"><strong><strong><strong>Reports are processed according to the following procedure:<\/strong><\/strong><\/strong><\/h3>\n\n\n\n<ol class=\"wp-block-list\">\n<li>initial analysis of the case,<\/li>\n\n\n\n<li>providing the reporting person with information on the Plenipotentiary\u2019s responsibilities, procedures and terms of action,<\/li>\n\n\n\n<li>collecting detailed information on the case, especially on the actual circumstances and expectations of the reporting person,<\/li>\n\n\n\n<li>determination of further measures,<\/li>\n\n\n\n<li>formal acceptable of the report and potentially respective actions;<\/li>\n\n\n\n<li>the Plenipotentiary explores cases upon obtaining the necessary materials from the reporting person.<\/li>\n<\/ol>\n\n\n\n<h3 class=\"wp-block-heading\"><strong><strong>The responsibilities of the ds. Dean\u2019s Plenipotentiary for Equal Treatment DO NOT INCLUDE:<\/strong><\/strong><\/h3>\n\n\n\n<ul class=\"wp-block-list\">\n<li>issuing decisions or binding opinions an any case,<\/li>\n\n\n\n<li>imposing sanctions on people or entities breaching the binding rules,<\/li>\n\n\n\n<li>acting on behalf of the person concerned,<\/li>\n\n\n\n<li>legal counselling,<\/li>\n\n\n\n<li>specialist psychological support,<\/li>\n\n\n\n<li>enforcing policies in any areas,<\/li>\n\n\n\n<li>participation in formal inquiries instituted by the Faculty or University, or in institutionalised complaint proceedings.<\/li>\n<\/ul>\n\n\n\n<p>If the reported issue is not covered by the Plenipotentiary\u2019s responsibilities, she refers the reporting person to the competent institution or person in charge of such cases.<\/p>\n\n\n\n<p>In all her actions, the Plenipotentiary observes the principles of confidentiality, impartiality and neutrality. Having access to individuals and information important for the case, she always strives to keep confidentiality. In individual cases, the Plenipotentiary does not side with a student, employee, the Faculty or University. She does not gain personal profit from finding a solution to the problem in question. She avoids any situations of potential conflict of interest.<\/p>\n\n\n\n<p>Pe\u0142nomocniczka Dziekana ds. R\u00f3wnego Traktowania co roku sporz\u0105dza Sprawozdanie z dzia\u0142a\u0144. Jest ono przekazywanie do The Dean\u2019s Plenipotentiary for Equal Treatment prepares an annual report of her work. The report is delivered to the authorities of the Faculty of Social Sciences.<\/p>\n\n\n\n<p><\/p>\n<\/div><\/div><\/div><\/div><\/div><\/div>\n<\/div><\/div><\/div><\/div><\/div><\/div>\n","protected":false},"excerpt":{"rendered":"<p>Equality Faculty&nbsp; Dean\u2019s Plenipotentiary for Equal Treatment: The responsibilities of the Dean\u2019s Plenipotentiary for Equal Treatment include: The Dean\u2019s Plenipotentiary for Equal Treatment may: Problems may be reported to the ds. Dean\u2019s Plenipotentiary for Equal Treatment by: \u2013 lecturers and instructors, \u2013 other employees, \u2013 Ph.D. students, \u2013 students. The Dean\u2019s Plenipotentiary for Equal Treatment [&hellip;]<\/p>\n","protected":false},"author":2235,"featured_media":0,"parent":47928,"menu_order":0,"comment_status":"closed","ping_status":"closed","template":"","meta":{"_acf_changed":false,"inline_featured_image":false,"site-sidebar-layout":"default","site-content-layout":"","ast-site-content-layout":"default","site-content-style":"default","site-sidebar-style":"default","ast-global-header-display":"","ast-banner-title-visibility":"","ast-main-header-display":"","ast-hfb-above-header-display":"","ast-hfb-below-header-display":"","ast-hfb-mobile-header-display":"","site-post-title":"","ast-breadcrumbs-content":"","ast-featured-img":"","footer-sml-layout":"","ast-disable-related-posts":"","theme-transparent-header-meta":"","adv-header-id-meta":"","stick-header-meta":"","header-above-stick-meta":"","header-main-stick-meta":"","header-below-stick-meta":"","astra-migrate-meta-layouts":"set","ast-page-background-enabled":"default","ast-page-background-meta":{"desktop":{"background-color":"","background-image":"","background-repeat":"repeat","background-position":"center center","background-size":"auto","background-attachment":"scroll","background-type":"","background-media":"","overlay-type":"","overlay-color":"","overlay-opacity":"","overlay-gradient":""},"tablet":{"background-color":"","background-image":"","background-repeat":"repeat","background-position":"center center","background-size":"auto","background-attachment":"scroll","background-type":"","background-media":"","overlay-type":"","overlay-color":"","overlay-opacity":"","overlay-gradient":""},"mobile":{"background-color":"","background-image":"","background-repeat":"repeat","background-position":"center center","background-size":"auto","background-attachment":"scroll","background-type":"","background-media":"","overlay-type":"","overlay-color":"","overlay-opacity":"","overlay-gradient":""}},"ast-content-background-meta":{"desktop":{"background-color":"var(--ast-global-color-5)","background-image":"","background-repeat":"repeat","background-position":"center center","background-size":"auto","background-attachment":"scroll","background-type":"","background-media":"","overlay-type":"","overlay-color":"","overlay-opacity":"","overlay-gradient":""},"tablet":{"background-color":"var(--ast-global-color-5)","background-image":"","background-repeat":"repeat","background-position":"center center","background-size":"auto","background-attachment":"scroll","background-type":"","background-media":"","overlay-type":"","overlay-color":"","overlay-opacity":"","overlay-gradient":""},"mobile":{"background-color":"var(--ast-global-color-5)","background-image":"","background-repeat":"repeat","background-position":"center center","background-size":"auto","background-attachment":"scroll","background-type":"","background-media":"","overlay-type":"","overlay-color":"","overlay-opacity":"","overlay-gradient":""}},"footnotes":""},"categories":[],"tags":[],"class_list":["post-48414","page","type-page","status-publish","hentry"],"featured_image_urls_v2":{"full":"","thumbnail":"","medium":"","medium_large":"","large":"","1536x1536":"","2048x2048":"","menu-24x24":"","menu-36x36":"","menu-48x48":""},"post_excerpt_stackable_v2":"<p>Equality Faculty&nbsp; Dean\u2019s Plenipotentiary for Equal Treatment: The responsibilities of the Dean\u2019s Plenipotentiary for Equal Treatment include: wspieranie pracownik\u00f3w, doktorant\u00f3w i student\u00f3w w rozwi\u0105zywaniu konflikt\u00f3w, supporting staff, Ph.D. students and students in conflict resolution, ensuring fair and honest treatment of all members of the Faculty\u2019s community, taking action to ensure full observation and implementation of the equal treatment principle and prevention of discrimination based on any legal feature, promoting and spreading knowledge on equal treatment and anti-discrimination standards, cooperation with Ombudsman for Equal Treatment and Anti-Discrimination in order to implement pro-equality solutions. The Dean\u2019s Plenipotentiary for Equal Treatment may: wys\u0142ucha\u0107,&hellip;<\/p>\n","category_list_v2":"Uncategorized","author_info_v2":{"name":"kzalaskaminska","url":"https:\/\/wns.uwr.edu.pl\/en\/author\/kzalaskaminska\/"},"comments_num_v2":"0 comments","acf":[],"yoast_head":"<!-- This site is optimized with the Yoast SEO plugin v27.1.1 - https:\/\/yoast.com\/product\/yoast-seo-wordpress\/ -->\n<title>Equality Faculty\u00a0 - Faculty of Social Sciences<\/title>\n<meta name=\"robots\" content=\"index, follow, max-snippet:-1, max-image-preview:large, max-video-preview:-1\" \/>\n<link rel=\"canonical\" href=\"https:\/\/wns.uwr.edu.pl\/en\/faculty\/equality-faculty\/\" \/>\n<meta property=\"og:locale\" content=\"en_US\" \/>\n<meta property=\"og:type\" content=\"article\" \/>\n<meta property=\"og:title\" content=\"Equality Faculty\u00a0 - Faculty of Social Sciences\" \/>\n<meta property=\"og:description\" content=\"Equality Faculty&nbsp; Dean\u2019s Plenipotentiary for Equal Treatment: The responsibilities of the Dean\u2019s Plenipotentiary for Equal Treatment include: The Dean\u2019s Plenipotentiary for Equal Treatment may: Problems may be reported to the ds. Dean\u2019s Plenipotentiary for Equal Treatment by: \u2013 lecturers and instructors, \u2013 other employees, \u2013 Ph.D. students, \u2013 students. The Dean\u2019s Plenipotentiary for Equal Treatment [&hellip;]\" \/>\n<meta property=\"og:url\" content=\"https:\/\/wns.uwr.edu.pl\/en\/faculty\/equality-faculty\/\" \/>\n<meta property=\"og:site_name\" content=\"Faculty of Social Sciences\" \/>\n<meta property=\"article:modified_time\" content=\"2024-10-05T15:13:27+00:00\" \/>\n<meta property=\"og:image\" content=\"https:\/\/wns.uwr.edu.pl\/wp-content\/uploads\/sites\/279\/2022\/10\/Budynki-UWr-fot-Magdalena-Marcula-gmach-glowny-10n-1920x1281-20211212225558.jpg\" \/>\n\t<meta property=\"og:image:width\" content=\"1000\" \/>\n\t<meta property=\"og:image:height\" content=\"667\" \/>\n\t<meta property=\"og:image:type\" content=\"image\/jpeg\" \/>\n<meta name=\"twitter:card\" content=\"summary_large_image\" \/>\n<meta name=\"twitter:label1\" content=\"Est. reading time\" \/>\n\t<meta name=\"twitter:data1\" content=\"5 minutes\" \/>\n<script type=\"application\/ld+json\" class=\"yoast-schema-graph\">{\"@context\":\"https:\/\/schema.org\",\"@graph\":[{\"@type\":\"WebPage\",\"@id\":\"https:\/\/wns.uwr.edu.pl\/en\/faculty\/equality-faculty\/\",\"url\":\"https:\/\/wns.uwr.edu.pl\/en\/faculty\/equality-faculty\/\",\"name\":\"Equality Faculty\u00a0 - Faculty of Social Sciences\",\"isPartOf\":{\"@id\":\"https:\/\/wns.uwr.edu.pl\/en\/#website\"},\"primaryImageOfPage\":{\"@id\":\"https:\/\/wns.uwr.edu.pl\/en\/faculty\/equality-faculty\/#primaryimage\"},\"image\":{\"@id\":\"https:\/\/wns.uwr.edu.pl\/en\/faculty\/equality-faculty\/#primaryimage\"},\"thumbnailUrl\":\"https:\/\/wns.uwr.edu.pl\/wp-content\/uploads\/sites\/279\/2022\/10\/Budynki-UWr-fot-Magdalena-Marcula-gmach-glowny-10n-1920x1281-20211212225558.jpg\",\"datePublished\":\"2023-04-27T14:31:59+00:00\",\"dateModified\":\"2024-10-05T15:13:27+00:00\",\"breadcrumb\":{\"@id\":\"https:\/\/wns.uwr.edu.pl\/en\/faculty\/equality-faculty\/#breadcrumb\"},\"inLanguage\":\"en-US\",\"potentialAction\":[{\"@type\":\"ReadAction\",\"target\":[\"https:\/\/wns.uwr.edu.pl\/en\/faculty\/equality-faculty\/\"]}]},{\"@type\":\"ImageObject\",\"inLanguage\":\"en-US\",\"@id\":\"https:\/\/wns.uwr.edu.pl\/en\/faculty\/equality-faculty\/#primaryimage\",\"url\":\"https:\/\/wns.uwr.edu.pl\/wp-content\/uploads\/sites\/279\/2022\/10\/Budynki-UWr-fot-Magdalena-Marcula-gmach-glowny-10n-1920x1281-20211212225558.jpg\",\"contentUrl\":\"https:\/\/wns.uwr.edu.pl\/wp-content\/uploads\/sites\/279\/2022\/10\/Budynki-UWr-fot-Magdalena-Marcula-gmach-glowny-10n-1920x1281-20211212225558.jpg\"},{\"@type\":\"BreadcrumbList\",\"@id\":\"https:\/\/wns.uwr.edu.pl\/en\/faculty\/equality-faculty\/#breadcrumb\",\"itemListElement\":[{\"@type\":\"ListItem\",\"position\":1,\"name\":\"Strona g\u0142\u00f3wna\",\"item\":\"https:\/\/wns.uwr.edu.pl\/en\/\"},{\"@type\":\"ListItem\",\"position\":2,\"name\":\"Faculty\",\"item\":\"https:\/\/wns.uwr.edu.pl\/en\/faculty\/\"},{\"@type\":\"ListItem\",\"position\":3,\"name\":\"Equality Faculty\u00a0\"}]},{\"@type\":\"WebSite\",\"@id\":\"https:\/\/wns.uwr.edu.pl\/en\/#website\",\"url\":\"https:\/\/wns.uwr.edu.pl\/en\/\",\"name\":\"Faculty of Social Sciences\",\"description\":\"Kolejna witryna sieci \u201eUWR Witryny\u201d\",\"publisher\":{\"@id\":\"https:\/\/wns.uwr.edu.pl\/en\/#organization\"},\"potentialAction\":[{\"@type\":\"SearchAction\",\"target\":{\"@type\":\"EntryPoint\",\"urlTemplate\":\"https:\/\/wns.uwr.edu.pl\/en\/?s={search_term_string}\"},\"query-input\":{\"@type\":\"PropertyValueSpecification\",\"valueRequired\":true,\"valueName\":\"search_term_string\"}}],\"inLanguage\":\"en-US\"},{\"@type\":\"Organization\",\"@id\":\"https:\/\/wns.uwr.edu.pl\/en\/#organization\",\"name\":\"Faculty of Social Sciences\",\"url\":\"https:\/\/wns.uwr.edu.pl\/en\/\",\"logo\":{\"@type\":\"ImageObject\",\"inLanguage\":\"en-US\",\"@id\":\"https:\/\/wns.uwr.edu.pl\/en\/#\/schema\/logo\/image\/\",\"url\":\"https:\/\/wns.uwr.edu.pl\/wp-content\/uploads\/sites\/279\/2025\/10\/UWr-logotyp-2025.png\",\"contentUrl\":\"https:\/\/wns.uwr.edu.pl\/wp-content\/uploads\/sites\/279\/2025\/10\/UWr-logotyp-2025.png\",\"width\":764,\"height\":269,\"caption\":\"Faculty of Social Sciences\"},\"image\":{\"@id\":\"https:\/\/wns.uwr.edu.pl\/en\/#\/schema\/logo\/image\/\"}}]}<\/script>\n<!-- \/ Yoast SEO plugin. -->","yoast_head_json":{"title":"Equality Faculty\u00a0 - Faculty of Social Sciences","robots":{"index":"index","follow":"follow","max-snippet":"max-snippet:-1","max-image-preview":"max-image-preview:large","max-video-preview":"max-video-preview:-1"},"canonical":"https:\/\/wns.uwr.edu.pl\/en\/faculty\/equality-faculty\/","og_locale":"en_US","og_type":"article","og_title":"Equality Faculty\u00a0 - Faculty of Social Sciences","og_description":"Equality Faculty&nbsp; Dean\u2019s Plenipotentiary for Equal Treatment: The responsibilities of the Dean\u2019s Plenipotentiary for Equal Treatment include: The Dean\u2019s Plenipotentiary for Equal Treatment may: Problems may be reported to the ds. Dean\u2019s Plenipotentiary for Equal Treatment by: \u2013 lecturers and instructors, \u2013 other employees, \u2013 Ph.D. students, \u2013 students. The Dean\u2019s Plenipotentiary for Equal Treatment [&hellip;]","og_url":"https:\/\/wns.uwr.edu.pl\/en\/faculty\/equality-faculty\/","og_site_name":"Faculty of Social Sciences","article_modified_time":"2024-10-05T15:13:27+00:00","og_image":[{"width":1000,"height":667,"url":"https:\/\/wns.uwr.edu.pl\/wp-content\/uploads\/sites\/279\/2022\/10\/Budynki-UWr-fot-Magdalena-Marcula-gmach-glowny-10n-1920x1281-20211212225558.jpg","type":"image\/jpeg"}],"twitter_card":"summary_large_image","twitter_misc":{"Est. reading time":"5 minutes"},"schema":{"@context":"https:\/\/schema.org","@graph":[{"@type":"WebPage","@id":"https:\/\/wns.uwr.edu.pl\/en\/faculty\/equality-faculty\/","url":"https:\/\/wns.uwr.edu.pl\/en\/faculty\/equality-faculty\/","name":"Equality Faculty\u00a0 - Faculty of Social Sciences","isPartOf":{"@id":"https:\/\/wns.uwr.edu.pl\/en\/#website"},"primaryImageOfPage":{"@id":"https:\/\/wns.uwr.edu.pl\/en\/faculty\/equality-faculty\/#primaryimage"},"image":{"@id":"https:\/\/wns.uwr.edu.pl\/en\/faculty\/equality-faculty\/#primaryimage"},"thumbnailUrl":"https:\/\/wns.uwr.edu.pl\/wp-content\/uploads\/sites\/279\/2022\/10\/Budynki-UWr-fot-Magdalena-Marcula-gmach-glowny-10n-1920x1281-20211212225558.jpg","datePublished":"2023-04-27T14:31:59+00:00","dateModified":"2024-10-05T15:13:27+00:00","breadcrumb":{"@id":"https:\/\/wns.uwr.edu.pl\/en\/faculty\/equality-faculty\/#breadcrumb"},"inLanguage":"en-US","potentialAction":[{"@type":"ReadAction","target":["https:\/\/wns.uwr.edu.pl\/en\/faculty\/equality-faculty\/"]}]},{"@type":"ImageObject","inLanguage":"en-US","@id":"https:\/\/wns.uwr.edu.pl\/en\/faculty\/equality-faculty\/#primaryimage","url":"https:\/\/wns.uwr.edu.pl\/wp-content\/uploads\/sites\/279\/2022\/10\/Budynki-UWr-fot-Magdalena-Marcula-gmach-glowny-10n-1920x1281-20211212225558.jpg","contentUrl":"https:\/\/wns.uwr.edu.pl\/wp-content\/uploads\/sites\/279\/2022\/10\/Budynki-UWr-fot-Magdalena-Marcula-gmach-glowny-10n-1920x1281-20211212225558.jpg"},{"@type":"BreadcrumbList","@id":"https:\/\/wns.uwr.edu.pl\/en\/faculty\/equality-faculty\/#breadcrumb","itemListElement":[{"@type":"ListItem","position":1,"name":"Strona g\u0142\u00f3wna","item":"https:\/\/wns.uwr.edu.pl\/en\/"},{"@type":"ListItem","position":2,"name":"Faculty","item":"https:\/\/wns.uwr.edu.pl\/en\/faculty\/"},{"@type":"ListItem","position":3,"name":"Equality Faculty\u00a0"}]},{"@type":"WebSite","@id":"https:\/\/wns.uwr.edu.pl\/en\/#website","url":"https:\/\/wns.uwr.edu.pl\/en\/","name":"Faculty of Social Sciences","description":"Kolejna witryna sieci \u201eUWR Witryny\u201d","publisher":{"@id":"https:\/\/wns.uwr.edu.pl\/en\/#organization"},"potentialAction":[{"@type":"SearchAction","target":{"@type":"EntryPoint","urlTemplate":"https:\/\/wns.uwr.edu.pl\/en\/?s={search_term_string}"},"query-input":{"@type":"PropertyValueSpecification","valueRequired":true,"valueName":"search_term_string"}}],"inLanguage":"en-US"},{"@type":"Organization","@id":"https:\/\/wns.uwr.edu.pl\/en\/#organization","name":"Faculty of Social Sciences","url":"https:\/\/wns.uwr.edu.pl\/en\/","logo":{"@type":"ImageObject","inLanguage":"en-US","@id":"https:\/\/wns.uwr.edu.pl\/en\/#\/schema\/logo\/image\/","url":"https:\/\/wns.uwr.edu.pl\/wp-content\/uploads\/sites\/279\/2025\/10\/UWr-logotyp-2025.png","contentUrl":"https:\/\/wns.uwr.edu.pl\/wp-content\/uploads\/sites\/279\/2025\/10\/UWr-logotyp-2025.png","width":764,"height":269,"caption":"Faculty of Social Sciences"},"image":{"@id":"https:\/\/wns.uwr.edu.pl\/en\/#\/schema\/logo\/image\/"}}]}},"publishpress_future_action":{"enabled":false,"date":"2026-04-15 03:12:43","action":"change-status","newStatus":"draft","terms":[],"taxonomy":"category","extraData":[]},"publishpress_future_workflow_manual_trigger":{"enabledWorkflows":[]},"_links":{"self":[{"href":"https:\/\/wns.uwr.edu.pl\/en\/wp-json\/wp\/v2\/pages\/48414\/"}],"collection":[{"href":"https:\/\/wns.uwr.edu.pl\/en\/wp-json\/wp\/v2\/pages\/"}],"about":[{"href":"https:\/\/wns.uwr.edu.pl\/en\/wp-json\/wp\/v2\/types\/page\/"}],"author":[{"embeddable":true,"href":"https:\/\/wns.uwr.edu.pl\/en\/wp-json\/wp\/v2\/users\/2235\/"}],"replies":[{"embeddable":true,"href":"https:\/\/wns.uwr.edu.pl\/en\/wp-json\/wp\/v2\/comments\/?post=48414"}],"version-history":[{"count":2,"href":"https:\/\/wns.uwr.edu.pl\/en\/wp-json\/wp\/v2\/pages\/48414\/revisions\/"}],"predecessor-version":[{"id":68504,"href":"https:\/\/wns.uwr.edu.pl\/en\/wp-json\/wp\/v2\/pages\/48414\/revisions\/68504\/"}],"up":[{"embeddable":true,"href":"https:\/\/wns.uwr.edu.pl\/en\/wp-json\/wp\/v2\/pages\/47928\/"}],"wp:attachment":[{"href":"https:\/\/wns.uwr.edu.pl\/en\/wp-json\/wp\/v2\/media\/?parent=48414"}],"wp:term":[{"taxonomy":"category","embeddable":true,"href":"https:\/\/wns.uwr.edu.pl\/en\/wp-json\/wp\/v2\/categories\/?post=48414"},{"taxonomy":"post_tag","embeddable":true,"href":"https:\/\/wns.uwr.edu.pl\/en\/wp-json\/wp\/v2\/tags\/?post=48414"}],"curies":[{"name":"wp","href":"https:\/\/api.w.org\/{rel}","templated":true}]}}