{"id":49149,"date":"2023-05-07T12:42:50","date_gmt":"2023-05-07T10:42:50","guid":{"rendered":"https:\/\/wns.uwr.edu.pl\/?page_id=49149"},"modified":"2023-05-07T12:46:07","modified_gmt":"2023-05-07T10:46:07","slug":"your-career","status":"publish","type":"page","link":"https:\/\/wns.uwr.edu.pl\/en\/candidates\/your-career\/","title":{"rendered":"Your career"},"content":{"rendered":"\n<div class=\"wp-block-ugb-container ugb-container blok_nowa_podstrona ugb-8dda971 ugb-container--v2 ugb-container--design-plain ugb-main-block\"><div class=\"ugb-inner-block\"><div class=\"ugb-block-content\"><div class=\"ugb-container__wrapper ugb-8dda971-wrapper\"><div class=\"ugb-container__side\"><div class=\"ugb-container__content-wrapper ugb-8dda971-content-wrapper\">\n<div class=\"wp-block-columns bs-news-page is-layout-flex wp-block-columns-is-layout-flex\">\n<div class=\"wp-block-column bs-contact-right-column is-layout-flow wp-block-column-is-layout-flow\">\n<div class=\"wp-block-bonasoft-modular-breadcrumbs-block\"><div class=\"bs_add_breadcrumb_trail\"><\/div><\/div>\n\n\n\n<hr class=\"wp-block-separator has-text-color has-background has-black-background-color has-black-color is-style-wide bs-border-kontakt\"\/>\n\n\n\n<h1 class=\"bs-naglowek-podstrony wp-block-heading\"><strong><strong><strong><strong>Your career<\/strong><\/strong><\/strong><\/strong><\/h1>\n\n\n\n<p><strong><strong>Plan your career with us<\/strong><\/strong><\/p>\n\n\n\n<p>The Faculty of Social Sciences of the University of Wroc\u0142aw is a well-recognised scientific unit offering studies in ten innovative and multidisciplinary specialisations. Graduating from the English-language studies at the Faculty of Social Sciences in Political Science (BA or MA), Global Studies (BA or MA), European Studies (MA), Global Communication (MA), Intercultural Mediation (MA), or in the Doctoral School of Philosophy, Sociology or Political and Administrative Sciences will provide opportunities to work in public institutions at the national and international level, governmental and non-governmental organisations, international trade, business, multinational corporations, media, etc. Our graduates are specialists, business advisers, analysts, experts, journalists, employees of international organisations, officials, politicians and other professionals highly valued on the market.<\/p>\n\n\n\n<p><strong>You may choose from 10 innovative and multidisciplinary specialities in the scope of social sciences<\/strong><\/p>\n\n\n\n<p>Are you interested in contemporary politics, international relations, sociology, philosophy, economics, law, the functioning of states and economic systems, social process or globalisation? You may prepare your programme independently by choosing optional subjects and benefit from open participation in lectures at each speciality. Complete your knowledge with topics you are especially interested in!<\/p>\n\n\n\n<p><strong>One semester abroad with a scholarship guaranteed<\/strong><\/p>\n\n\n\n<p>Studying in Poland, you have the opportunity to make use of the extraordinary possibilities within Erasmus+, a European programme. At each speciality offered by our university, you may benefit from the option of an international exchange and spend a semester at a another European university or apply for a 5-month internship. Each student has a scholarship guaranteed under the Erasmus+ programme.<\/p>\n\n\n\n<p><strong>Intensive development also outside the walls of the university<\/strong><\/p>\n\n\n\n<p>Studies in Wroc\u0142aw, the fourth largest city of Poland, provide many opportunities for development outside the walls of the university. Dozens of branches of the largest international corporations operate on the local market. You may do your internship in such companies as Google, EY, McKinsey, Credit Suisse, UBS, BNY Mellon, IBM, Deloitte, HP, Capgemini, Volkswagen Motor, LG, and many others. Also, many diplomatic representations and European Union institutions have their offices here \u2013 for example the Representation of the European Parliament and the Regional Representation of the European Commission.<\/p>\n\n\n\n<p><strong>Receptive labour market<\/strong><\/p>\n\n\n\n<p>Unemployment in Wroc\u0142aw is one of the lowest in Poland and Europe at only 1.9%. Companies operating on the local market are continuously searching for employees with a good command of foreign languages and work experience gained in foreign countries. Wroc\u0142aw could be not only a place of studies for you, but also the place of your future professional career!<\/p>\n\n\n\n<p><strong>Support in adjusting to a new environment<\/strong><\/p>\n\n\n\n<p>Is it your first stay abroad on your own? Have you never lived in Europe before? Going to another country to study can be a very exciting and challenging experience. That is why we will not leave you alone. Our cooperation with the NOMADA association, which deals with social integration, provides support for students while they adapt to a new environment. Moreover, in the case of any difficulties and problems, you may turn to the coordinator of your speciality, who will answer all your questions. Coordinators are available on a regular basis during weekly consultations.<\/p>\n\n\n\n<p><strong>Join an international football team<\/strong><\/p>\n\n\n\n<p>Do you like sport and active lifestyle? Studying at the Faculty of Social Sciences gives the opportunity to join the football team of the Political Science speciality at the University of Wroc\u0142aw, which occasionally plays matches with representations of other Polish and foreign universities.<\/p>\n\n\n\n<p><\/p>\n\n\n\n<p><\/p>\n\n\n\n<p><\/p>\n\n\n\n<p><\/p>\n\n\n\n<p><\/p>\n\n\n\n<p><\/p>\n\n\n\n<p><\/p>\n\n\n\n<p><\/p>\n\n\n\n<p><\/p>\n\n\n\n<p><\/p>\n\n\n\n<p><\/p>\n\n\n\n<p><\/p>\n\n\n\n<p><\/p>\n\n\n\n<p><\/p>\n\n\n\n<p><\/p>\n<\/div>\n\n\n\n<div class=\"wp-block-column bs-kontakt-photo is-layout-flow wp-block-column-is-layout-flow\">\n<figure class=\"wp-block-image size-large\"><img loading=\"lazy\" decoding=\"async\" width=\"1024\" height=\"512\" src=\"https:\/\/wns.uwr.edu.pl\/wp-content\/uploads\/sites\/279\/2021\/04\/component-1024x512.png\" alt=\"Dziewczyna siedz\u0105ca pod \u015bcian\u0105 z laptopem \" class=\"wp-image-23907\" srcset=\"https:\/\/wns.uwr.edu.pl\/wp-content\/uploads\/sites\/279\/2021\/04\/component-1024x512.png 1024w, https:\/\/wns.uwr.edu.pl\/wp-content\/uploads\/sites\/279\/2021\/04\/component-300x150.png 300w, https:\/\/wns.uwr.edu.pl\/wp-content\/uploads\/sites\/279\/2021\/04\/component-768x384.png 768w, https:\/\/wns.uwr.edu.pl\/wp-content\/uploads\/sites\/279\/2021\/04\/component-24x12.png 24w, https:\/\/wns.uwr.edu.pl\/wp-content\/uploads\/sites\/279\/2021\/04\/component-36x18.png 36w, https:\/\/wns.uwr.edu.pl\/wp-content\/uploads\/sites\/279\/2021\/04\/component-48x24.png 48w, https:\/\/wns.uwr.edu.pl\/wp-content\/uploads\/sites\/279\/2021\/04\/component.png 1218w\" sizes=\"auto, (max-width: 1024px) 100vw, 1024px\" \/><\/figure>\n<\/div>\n<\/div>\n<\/div><\/div><\/div><\/div><\/div><\/div>\n","protected":false},"excerpt":{"rendered":"<p>Your career Plan your career with us The Faculty of Social Sciences of the University of Wroc\u0142aw is a well-recognised scientific unit offering studies in ten innovative and multidisciplinary specialisations. Graduating from the English-language studies at the Faculty of Social Sciences in Political Science (BA or MA), Global Studies (BA or MA), European Studies (MA), [&hellip;]<\/p>\n","protected":false},"author":2235,"featured_media":23907,"parent":47964,"menu_order":0,"comment_status":"closed","ping_status":"closed","template":"","meta":{"_acf_changed":false,"inline_featured_image":false,"site-sidebar-layout":"default","site-content-layout":"","ast-site-content-layout":"default","site-content-style":"default","site-sidebar-style":"default","ast-global-header-display":"","ast-banner-title-visibility":"","ast-main-header-display":"","ast-hfb-above-header-display":"","ast-hfb-below-header-display":"","ast-hfb-mobile-header-display":"","site-post-title":"","ast-breadcrumbs-content":"","ast-featured-img":"","footer-sml-layout":"","ast-disable-related-posts":"","theme-transparent-header-meta":"","adv-header-id-meta":"","stick-header-meta":"","header-above-stick-meta":"","header-main-stick-meta":"","header-below-stick-meta":"","astra-migrate-meta-layouts":"default","ast-page-background-enabled":"default","ast-page-background-meta":{"desktop":{"background-color":"","background-image":"","background-repeat":"repeat","background-position":"center center","background-size":"auto","background-attachment":"scroll","background-type":"","background-media":"","overlay-type":"","overlay-color":"","overlay-opacity":"","overlay-gradient":""},"tablet":{"background-color":"","background-image":"","background-repeat":"repeat","background-position":"center center","background-size":"auto","background-attachment":"scroll","background-type":"","background-media":"","overlay-type":"","overlay-color":"","overlay-opacity":"","overlay-gradient":""},"mobile":{"background-color":"","background-image":"","background-repeat":"repeat","background-position":"center center","background-size":"auto","background-attachment":"scroll","background-type":"","background-media":"","overlay-type":"","overlay-color":"","overlay-opacity":"","overlay-gradient":""}},"ast-content-background-meta":{"desktop":{"background-color":"var(--ast-global-color-5)","background-image":"","background-repeat":"repeat","background-position":"center center","background-size":"auto","background-attachment":"scroll","background-type":"","background-media":"","overlay-type":"","overlay-color":"","overlay-opacity":"","overlay-gradient":""},"tablet":{"background-color":"var(--ast-global-color-5)","background-image":"","background-repeat":"repeat","background-position":"center center","background-size":"auto","background-attachment":"scroll","background-type":"","background-media":"","overlay-type":"","overlay-color":"","overlay-opacity":"","overlay-gradient":""},"mobile":{"background-color":"var(--ast-global-color-5)","background-image":"","background-repeat":"repeat","background-position":"center center","background-size":"auto","background-attachment":"scroll","background-type":"","background-media":"","overlay-type":"","overlay-color":"","overlay-opacity":"","overlay-gradient":""}},"footnotes":""},"categories":[],"tags":[],"class_list":["post-49149","page","type-page","status-publish","has-post-thumbnail","hentry"],"featured_image_urls_v2":{"full":["https:\/\/wns.uwr.edu.pl\/wp-content\/uploads\/sites\/279\/2021\/04\/component.png",1218,609,false],"thumbnail":["https:\/\/wns.uwr.edu.pl\/wp-content\/uploads\/sites\/279\/2021\/04\/component-150x150.png",150,150,true],"medium":["https:\/\/wns.uwr.edu.pl\/wp-content\/uploads\/sites\/279\/2021\/04\/component-300x150.png",300,150,true],"medium_large":["https:\/\/wns.uwr.edu.pl\/wp-content\/uploads\/sites\/279\/2021\/04\/component-768x384.png",768,384,true],"large":["https:\/\/wns.uwr.edu.pl\/wp-content\/uploads\/sites\/279\/2021\/04\/component-1024x512.png",1024,512,true],"1536x1536":["https:\/\/wns.uwr.edu.pl\/wp-content\/uploads\/sites\/279\/2021\/04\/component.png",1218,609,false],"2048x2048":["https:\/\/wns.uwr.edu.pl\/wp-content\/uploads\/sites\/279\/2021\/04\/component.png",1218,609,false],"menu-24x24":["https:\/\/wns.uwr.edu.pl\/wp-content\/uploads\/sites\/279\/2021\/04\/component-24x12.png",24,12,true],"menu-36x36":["https:\/\/wns.uwr.edu.pl\/wp-content\/uploads\/sites\/279\/2021\/04\/component-36x18.png",36,18,true],"menu-48x48":["https:\/\/wns.uwr.edu.pl\/wp-content\/uploads\/sites\/279\/2021\/04\/component-48x24.png",48,24,true]},"post_excerpt_stackable_v2":"<p>Your career Plan your career with us The Faculty of Social Sciences of the University of Wroc\u0142aw is a well-recognised scientific unit offering studies in ten innovative and multidisciplinary specialisations. Graduating from the English-language studies at the Faculty of Social Sciences in Political Science (BA or MA), Global Studies (BA or MA), European Studies (MA), Global Communication (MA), Intercultural Mediation (MA), or in the Doctoral School of Philosophy, Sociology or Political and Administrative Sciences will provide opportunities to work in public institutions at the national and international level, governmental and non-governmental organisations, international trade, business, multinational corporations, media, etc. Our&hellip;<\/p>\n","category_list_v2":"Uncategorized","author_info_v2":{"name":"kzalaskaminska","url":"https:\/\/wns.uwr.edu.pl\/en\/author\/kzalaskaminska\/"},"comments_num_v2":"0 comments","acf":[],"yoast_head":"<!-- This site is optimized with the Yoast SEO plugin v27.1.1 - https:\/\/yoast.com\/product\/yoast-seo-wordpress\/ -->\n<title>Your career - Faculty of Social Sciences<\/title>\n<meta name=\"robots\" content=\"index, follow, max-snippet:-1, max-image-preview:large, max-video-preview:-1\" \/>\n<link rel=\"canonical\" href=\"https:\/\/wns.uwr.edu.pl\/en\/candidates\/your-career\/\" \/>\n<meta property=\"og:locale\" content=\"en_US\" \/>\n<meta property=\"og:type\" content=\"article\" \/>\n<meta property=\"og:title\" content=\"Your career - Faculty of Social Sciences\" \/>\n<meta property=\"og:description\" content=\"Your career Plan your career with us The Faculty of Social Sciences of the University of Wroc\u0142aw is a well-recognised scientific unit offering studies in ten innovative and multidisciplinary specialisations. Graduating from the English-language studies at the Faculty of Social Sciences in Political Science (BA or MA), Global Studies (BA or MA), European Studies (MA), [&hellip;]\" \/>\n<meta property=\"og:url\" content=\"https:\/\/wns.uwr.edu.pl\/en\/candidates\/your-career\/\" \/>\n<meta property=\"og:site_name\" content=\"Faculty of Social Sciences\" \/>\n<meta property=\"article:modified_time\" content=\"2023-05-07T10:46:07+00:00\" \/>\n<meta property=\"og:image\" content=\"https:\/\/wns.uwr.edu.pl\/wp-content\/uploads\/sites\/279\/2021\/04\/component.png\" \/>\n\t<meta property=\"og:image:width\" content=\"1218\" \/>\n\t<meta property=\"og:image:height\" content=\"609\" \/>\n\t<meta property=\"og:image:type\" content=\"image\/png\" \/>\n<meta name=\"twitter:card\" content=\"summary_large_image\" \/>\n<meta name=\"twitter:label1\" content=\"Est. reading time\" \/>\n\t<meta name=\"twitter:data1\" content=\"4 minutes\" \/>\n<script type=\"application\/ld+json\" class=\"yoast-schema-graph\">{\"@context\":\"https:\/\/schema.org\",\"@graph\":[{\"@type\":\"WebPage\",\"@id\":\"https:\/\/wns.uwr.edu.pl\/en\/candidates\/your-career\/\",\"url\":\"https:\/\/wns.uwr.edu.pl\/en\/candidates\/your-career\/\",\"name\":\"Your career - Faculty of Social Sciences\",\"isPartOf\":{\"@id\":\"https:\/\/wns.uwr.edu.pl\/en\/#website\"},\"primaryImageOfPage\":{\"@id\":\"https:\/\/wns.uwr.edu.pl\/en\/candidates\/your-career\/#primaryimage\"},\"image\":{\"@id\":\"https:\/\/wns.uwr.edu.pl\/en\/candidates\/your-career\/#primaryimage\"},\"thumbnailUrl\":\"https:\/\/wns.uwr.edu.pl\/wp-content\/uploads\/sites\/279\/2021\/04\/component.png\",\"datePublished\":\"2023-05-07T10:42:50+00:00\",\"dateModified\":\"2023-05-07T10:46:07+00:00\",\"breadcrumb\":{\"@id\":\"https:\/\/wns.uwr.edu.pl\/en\/candidates\/your-career\/#breadcrumb\"},\"inLanguage\":\"en-US\",\"potentialAction\":[{\"@type\":\"ReadAction\",\"target\":[\"https:\/\/wns.uwr.edu.pl\/en\/candidates\/your-career\/\"]}]},{\"@type\":\"ImageObject\",\"inLanguage\":\"en-US\",\"@id\":\"https:\/\/wns.uwr.edu.pl\/en\/candidates\/your-career\/#primaryimage\",\"url\":\"https:\/\/wns.uwr.edu.pl\/wp-content\/uploads\/sites\/279\/2021\/04\/component.png\",\"contentUrl\":\"https:\/\/wns.uwr.edu.pl\/wp-content\/uploads\/sites\/279\/2021\/04\/component.png\",\"width\":1218,\"height\":609,\"caption\":\"Dziewczyna siedz\u0105ca pod \u015bcian\u0105 z laptopem\"},{\"@type\":\"BreadcrumbList\",\"@id\":\"https:\/\/wns.uwr.edu.pl\/en\/candidates\/your-career\/#breadcrumb\",\"itemListElement\":[{\"@type\":\"ListItem\",\"position\":1,\"name\":\"Strona g\u0142\u00f3wna\",\"item\":\"https:\/\/wns.uwr.edu.pl\/en\/\"},{\"@type\":\"ListItem\",\"position\":2,\"name\":\"Candidates\",\"item\":\"https:\/\/wns.uwr.edu.pl\/en\/candidates\/\"},{\"@type\":\"ListItem\",\"position\":3,\"name\":\"Your career\"}]},{\"@type\":\"WebSite\",\"@id\":\"https:\/\/wns.uwr.edu.pl\/en\/#website\",\"url\":\"https:\/\/wns.uwr.edu.pl\/en\/\",\"name\":\"Faculty of Social Sciences\",\"description\":\"Kolejna witryna sieci \u201eUWR Witryny\u201d\",\"publisher\":{\"@id\":\"https:\/\/wns.uwr.edu.pl\/en\/#organization\"},\"potentialAction\":[{\"@type\":\"SearchAction\",\"target\":{\"@type\":\"EntryPoint\",\"urlTemplate\":\"https:\/\/wns.uwr.edu.pl\/en\/?s={search_term_string}\"},\"query-input\":{\"@type\":\"PropertyValueSpecification\",\"valueRequired\":true,\"valueName\":\"search_term_string\"}}],\"inLanguage\":\"en-US\"},{\"@type\":\"Organization\",\"@id\":\"https:\/\/wns.uwr.edu.pl\/en\/#organization\",\"name\":\"Faculty of Social Sciences\",\"url\":\"https:\/\/wns.uwr.edu.pl\/en\/\",\"logo\":{\"@type\":\"ImageObject\",\"inLanguage\":\"en-US\",\"@id\":\"https:\/\/wns.uwr.edu.pl\/en\/#\/schema\/logo\/image\/\",\"url\":\"https:\/\/wns.uwr.edu.pl\/wp-content\/uploads\/sites\/279\/2025\/10\/UWr-logotyp-2025.png\",\"contentUrl\":\"https:\/\/wns.uwr.edu.pl\/wp-content\/uploads\/sites\/279\/2025\/10\/UWr-logotyp-2025.png\",\"width\":764,\"height\":269,\"caption\":\"Faculty of Social Sciences\"},\"image\":{\"@id\":\"https:\/\/wns.uwr.edu.pl\/en\/#\/schema\/logo\/image\/\"}}]}<\/script>\n<!-- \/ Yoast SEO plugin. -->","yoast_head_json":{"title":"Your career - Faculty of Social Sciences","robots":{"index":"index","follow":"follow","max-snippet":"max-snippet:-1","max-image-preview":"max-image-preview:large","max-video-preview":"max-video-preview:-1"},"canonical":"https:\/\/wns.uwr.edu.pl\/en\/candidates\/your-career\/","og_locale":"en_US","og_type":"article","og_title":"Your career - Faculty of Social Sciences","og_description":"Your career Plan your career with us The Faculty of Social Sciences of the University of Wroc\u0142aw is a well-recognised scientific unit offering studies in ten innovative and multidisciplinary specialisations. Graduating from the English-language studies at the Faculty of Social Sciences in Political Science (BA or MA), Global Studies (BA or MA), European Studies (MA), [&hellip;]","og_url":"https:\/\/wns.uwr.edu.pl\/en\/candidates\/your-career\/","og_site_name":"Faculty of Social Sciences","article_modified_time":"2023-05-07T10:46:07+00:00","og_image":[{"width":1218,"height":609,"url":"https:\/\/wns.uwr.edu.pl\/wp-content\/uploads\/sites\/279\/2021\/04\/component.png","type":"image\/png"}],"twitter_card":"summary_large_image","twitter_misc":{"Est. reading time":"4 minutes"},"schema":{"@context":"https:\/\/schema.org","@graph":[{"@type":"WebPage","@id":"https:\/\/wns.uwr.edu.pl\/en\/candidates\/your-career\/","url":"https:\/\/wns.uwr.edu.pl\/en\/candidates\/your-career\/","name":"Your career - Faculty of Social Sciences","isPartOf":{"@id":"https:\/\/wns.uwr.edu.pl\/en\/#website"},"primaryImageOfPage":{"@id":"https:\/\/wns.uwr.edu.pl\/en\/candidates\/your-career\/#primaryimage"},"image":{"@id":"https:\/\/wns.uwr.edu.pl\/en\/candidates\/your-career\/#primaryimage"},"thumbnailUrl":"https:\/\/wns.uwr.edu.pl\/wp-content\/uploads\/sites\/279\/2021\/04\/component.png","datePublished":"2023-05-07T10:42:50+00:00","dateModified":"2023-05-07T10:46:07+00:00","breadcrumb":{"@id":"https:\/\/wns.uwr.edu.pl\/en\/candidates\/your-career\/#breadcrumb"},"inLanguage":"en-US","potentialAction":[{"@type":"ReadAction","target":["https:\/\/wns.uwr.edu.pl\/en\/candidates\/your-career\/"]}]},{"@type":"ImageObject","inLanguage":"en-US","@id":"https:\/\/wns.uwr.edu.pl\/en\/candidates\/your-career\/#primaryimage","url":"https:\/\/wns.uwr.edu.pl\/wp-content\/uploads\/sites\/279\/2021\/04\/component.png","contentUrl":"https:\/\/wns.uwr.edu.pl\/wp-content\/uploads\/sites\/279\/2021\/04\/component.png","width":1218,"height":609,"caption":"Dziewczyna siedz\u0105ca pod \u015bcian\u0105 z laptopem"},{"@type":"BreadcrumbList","@id":"https:\/\/wns.uwr.edu.pl\/en\/candidates\/your-career\/#breadcrumb","itemListElement":[{"@type":"ListItem","position":1,"name":"Strona g\u0142\u00f3wna","item":"https:\/\/wns.uwr.edu.pl\/en\/"},{"@type":"ListItem","position":2,"name":"Candidates","item":"https:\/\/wns.uwr.edu.pl\/en\/candidates\/"},{"@type":"ListItem","position":3,"name":"Your career"}]},{"@type":"WebSite","@id":"https:\/\/wns.uwr.edu.pl\/en\/#website","url":"https:\/\/wns.uwr.edu.pl\/en\/","name":"Faculty of Social Sciences","description":"Kolejna witryna sieci \u201eUWR Witryny\u201d","publisher":{"@id":"https:\/\/wns.uwr.edu.pl\/en\/#organization"},"potentialAction":[{"@type":"SearchAction","target":{"@type":"EntryPoint","urlTemplate":"https:\/\/wns.uwr.edu.pl\/en\/?s={search_term_string}"},"query-input":{"@type":"PropertyValueSpecification","valueRequired":true,"valueName":"search_term_string"}}],"inLanguage":"en-US"},{"@type":"Organization","@id":"https:\/\/wns.uwr.edu.pl\/en\/#organization","name":"Faculty of Social Sciences","url":"https:\/\/wns.uwr.edu.pl\/en\/","logo":{"@type":"ImageObject","inLanguage":"en-US","@id":"https:\/\/wns.uwr.edu.pl\/en\/#\/schema\/logo\/image\/","url":"https:\/\/wns.uwr.edu.pl\/wp-content\/uploads\/sites\/279\/2025\/10\/UWr-logotyp-2025.png","contentUrl":"https:\/\/wns.uwr.edu.pl\/wp-content\/uploads\/sites\/279\/2025\/10\/UWr-logotyp-2025.png","width":764,"height":269,"caption":"Faculty of Social Sciences"},"image":{"@id":"https:\/\/wns.uwr.edu.pl\/en\/#\/schema\/logo\/image\/"}}]}},"publishpress_future_action":{"enabled":false,"date":"2026-04-24 12:18:23","action":"change-status","newStatus":"draft","terms":[],"taxonomy":"category","extraData":[]},"publishpress_future_workflow_manual_trigger":{"enabledWorkflows":[]},"_links":{"self":[{"href":"https:\/\/wns.uwr.edu.pl\/en\/wp-json\/wp\/v2\/pages\/49149\/"}],"collection":[{"href":"https:\/\/wns.uwr.edu.pl\/en\/wp-json\/wp\/v2\/pages\/"}],"about":[{"href":"https:\/\/wns.uwr.edu.pl\/en\/wp-json\/wp\/v2\/types\/page\/"}],"author":[{"embeddable":true,"href":"https:\/\/wns.uwr.edu.pl\/en\/wp-json\/wp\/v2\/users\/2235\/"}],"replies":[{"embeddable":true,"href":"https:\/\/wns.uwr.edu.pl\/en\/wp-json\/wp\/v2\/comments\/?post=49149"}],"version-history":[{"count":2,"href":"https:\/\/wns.uwr.edu.pl\/en\/wp-json\/wp\/v2\/pages\/49149\/revisions\/"}],"predecessor-version":[{"id":49161,"href":"https:\/\/wns.uwr.edu.pl\/en\/wp-json\/wp\/v2\/pages\/49149\/revisions\/49161\/"}],"up":[{"embeddable":true,"href":"https:\/\/wns.uwr.edu.pl\/en\/wp-json\/wp\/v2\/pages\/47964\/"}],"wp:featuredmedia":[{"embeddable":true,"href":"https:\/\/wns.uwr.edu.pl\/en\/wp-json\/wp\/v2\/media\/23907\/"}],"wp:attachment":[{"href":"https:\/\/wns.uwr.edu.pl\/en\/wp-json\/wp\/v2\/media\/?parent=49149"}],"wp:term":[{"taxonomy":"category","embeddable":true,"href":"https:\/\/wns.uwr.edu.pl\/en\/wp-json\/wp\/v2\/categories\/?post=49149"},{"taxonomy":"post_tag","embeddable":true,"href":"https:\/\/wns.uwr.edu.pl\/en\/wp-json\/wp\/v2\/tags\/?post=49149"}],"curies":[{"name":"wp","href":"https:\/\/api.w.org\/{rel}","templated":true}]}}