{"id":51279,"date":"2021-04-12T11:18:11","date_gmt":"2021-04-12T09:18:11","guid":{"rendered":"https:\/\/wns.uwr.edu.pl\/aktualnosci\/"},"modified":"2023-05-22T09:46:59","modified_gmt":"2023-05-22T07:46:59","slug":"news","status":"publish","type":"page","link":"https:\/\/wns.uwr.edu.pl\/en\/news\/","title":{"rendered":"Aktualno\u015bci"},"content":{"rendered":"\n<p>Definicja strony aktualno\u015bci znajduje si\u0119 w pliku szablonu news-template.php.<\/p>\n","protected":false},"excerpt":{"rendered":"<p>Definicja strony aktualno\u015bci znajduje si\u0119 w pliku szablonu news-template.php.<\/p>\n","protected":false},"author":20,"featured_media":0,"parent":0,"menu_order":0,"comment_status":"closed","ping_status":"closed","template":"news-template.php","meta":{"_acf_changed":false,"inline_featured_image":false,"site-sidebar-layout":"no-sidebar","site-content-layout":"page-builder","ast-site-content-layout":"default","site-content-style":"default","site-sidebar-style":"default","ast-global-header-display":"","ast-banner-title-visibility":"","ast-main-header-display":"","ast-hfb-above-header-display":"","ast-hfb-below-header-display":"","ast-hfb-mobile-header-display":"","site-post-title":"","ast-breadcrumbs-content":"","ast-featured-img":"","footer-sml-layout":"","ast-disable-related-posts":"","theme-transparent-header-meta":"default","adv-header-id-meta":"","stick-header-meta":"","header-above-stick-meta":"","header-main-stick-meta":"","header-below-stick-meta":"","astra-migrate-meta-layouts":"default","ast-page-background-enabled":"default","ast-page-background-meta":{"desktop":{"background-color":"","background-image":"","background-repeat":"repeat","background-position":"center center","background-size":"auto","background-attachment":"scroll","background-type":"","background-media":"","overlay-type":"","overlay-color":"","overlay-opacity":"","overlay-gradient":""},"tablet":{"background-color":"","background-image":"","background-repeat":"repeat","background-position":"center center","background-size":"auto","background-attachment":"scroll","background-type":"","background-media":"","overlay-type":"","overlay-color":"","overlay-opacity":"","overlay-gradient":""},"mobile":{"background-color":"","background-image":"","background-repeat":"repeat","background-position":"center center","background-size":"auto","background-attachment":"scroll","background-type":"","background-media":"","overlay-type":"","overlay-color":"","overlay-opacity":"","overlay-gradient":""}},"ast-content-background-meta":{"desktop":{"background-color":"var(--ast-global-color-5)","background-image":"","background-repeat":"repeat","background-position":"center center","background-size":"auto","background-attachment":"scroll","background-type":"","background-media":"","overlay-type":"","overlay-color":"","overlay-opacity":"","overlay-gradient":""},"tablet":{"background-color":"var(--ast-global-color-5)","background-image":"","background-repeat":"repeat","background-position":"center center","background-size":"auto","background-attachment":"scroll","background-type":"","background-media":"","overlay-type":"","overlay-color":"","overlay-opacity":"","overlay-gradient":""},"mobile":{"background-color":"var(--ast-global-color-5)","background-image":"","background-repeat":"repeat","background-position":"center center","background-size":"auto","background-attachment":"scroll","background-type":"","background-media":"","overlay-type":"","overlay-color":"","overlay-opacity":"","overlay-gradient":""}},"footnotes":""},"categories":[],"tags":[],"class_list":["post-51279","page","type-page","status-publish","hentry"],"featured_image_urls_v2":{"full":"","thumbnail":"","medium":"","medium_large":"","large":"","1536x1536":"","2048x2048":"","menu-24x24":"","menu-36x36":"","menu-48x48":""},"post_excerpt_stackable_v2":"<p>Definicja strony aktualno\u015bci znajduje si\u0119 w pliku szablonu news-template.php.<\/p>\n","category_list_v2":"Uncategorized","author_info_v2":{"name":"mmatlinski","url":"https:\/\/wns.uwr.edu.pl\/en\/author\/mmatlinski\/"},"comments_num_v2":"0 comments","acf":[],"yoast_head":"<!-- This site is optimized with the Yoast SEO plugin v27.1.1 - https:\/\/yoast.com\/product\/yoast-seo-wordpress\/ -->\n<title>Aktualno\u015bci - Faculty of Social Sciences<\/title>\n<meta name=\"robots\" content=\"index, follow, max-snippet:-1, max-image-preview:large, max-video-preview:-1\" \/>\n<link rel=\"canonical\" href=\"https:\/\/wns.uwr.edu.pl\/en\/news\/\" \/>\n<meta property=\"og:locale\" content=\"en_US\" \/>\n<meta property=\"og:type\" content=\"article\" \/>\n<meta property=\"og:title\" content=\"Aktualno\u015bci - Faculty of Social Sciences\" \/>\n<meta property=\"og:description\" content=\"Definicja strony aktualno\u015bci znajduje si\u0119 w pliku szablonu news-template.php.\" \/>\n<meta property=\"og:url\" content=\"https:\/\/wns.uwr.edu.pl\/en\/news\/\" \/>\n<meta property=\"og:site_name\" content=\"Faculty of Social Sciences\" \/>\n<meta property=\"article:modified_time\" content=\"2023-05-22T07:46:59+00:00\" \/>\n<meta name=\"twitter:card\" content=\"summary_large_image\" \/>\n<meta name=\"twitter:label1\" content=\"Est. reading time\" \/>\n\t<meta name=\"twitter:data1\" content=\"1 minute\" \/>\n<script type=\"application\/ld+json\" class=\"yoast-schema-graph\">{\"@context\":\"https:\/\/schema.org\",\"@graph\":[{\"@type\":\"WebPage\",\"@id\":\"https:\/\/wns.uwr.edu.pl\/en\/news\/\",\"url\":\"https:\/\/wns.uwr.edu.pl\/en\/news\/\",\"name\":\"Aktualno\u015bci - Faculty of Social Sciences\",\"isPartOf\":{\"@id\":\"https:\/\/wns.uwr.edu.pl\/en\/#website\"},\"datePublished\":\"2021-04-12T09:18:11+00:00\",\"dateModified\":\"2023-05-22T07:46:59+00:00\",\"breadcrumb\":{\"@id\":\"https:\/\/wns.uwr.edu.pl\/en\/news\/#breadcrumb\"},\"inLanguage\":\"en-US\",\"potentialAction\":[{\"@type\":\"ReadAction\",\"target\":[\"https:\/\/wns.uwr.edu.pl\/en\/news\/\"]}]},{\"@type\":\"BreadcrumbList\",\"@id\":\"https:\/\/wns.uwr.edu.pl\/en\/news\/#breadcrumb\",\"itemListElement\":[{\"@type\":\"ListItem\",\"position\":1,\"name\":\"Strona g\u0142\u00f3wna\",\"item\":\"https:\/\/wns.uwr.edu.pl\/en\/\"},{\"@type\":\"ListItem\",\"position\":2,\"name\":\"Aktualno\u015bci\"}]},{\"@type\":\"WebSite\",\"@id\":\"https:\/\/wns.uwr.edu.pl\/en\/#website\",\"url\":\"https:\/\/wns.uwr.edu.pl\/en\/\",\"name\":\"Faculty of Social Sciences\",\"description\":\"Kolejna witryna sieci \u201eUWR Witryny\u201d\",\"publisher\":{\"@id\":\"https:\/\/wns.uwr.edu.pl\/en\/#organization\"},\"potentialAction\":[{\"@type\":\"SearchAction\",\"target\":{\"@type\":\"EntryPoint\",\"urlTemplate\":\"https:\/\/wns.uwr.edu.pl\/en\/?s={search_term_string}\"},\"query-input\":{\"@type\":\"PropertyValueSpecification\",\"valueRequired\":true,\"valueName\":\"search_term_string\"}}],\"inLanguage\":\"en-US\"},{\"@type\":\"Organization\",\"@id\":\"https:\/\/wns.uwr.edu.pl\/en\/#organization\",\"name\":\"Faculty of Social Sciences\",\"url\":\"https:\/\/wns.uwr.edu.pl\/en\/\",\"logo\":{\"@type\":\"ImageObject\",\"inLanguage\":\"en-US\",\"@id\":\"https:\/\/wns.uwr.edu.pl\/en\/#\/schema\/logo\/image\/\",\"url\":\"https:\/\/wns.uwr.edu.pl\/wp-content\/uploads\/sites\/279\/2025\/10\/UWr-logotyp-2025.png\",\"contentUrl\":\"https:\/\/wns.uwr.edu.pl\/wp-content\/uploads\/sites\/279\/2025\/10\/UWr-logotyp-2025.png\",\"width\":764,\"height\":269,\"caption\":\"Faculty of Social Sciences\"},\"image\":{\"@id\":\"https:\/\/wns.uwr.edu.pl\/en\/#\/schema\/logo\/image\/\"}}]}<\/script>\n<!-- \/ Yoast SEO plugin. -->","yoast_head_json":{"title":"Aktualno\u015bci - Faculty of Social Sciences","robots":{"index":"index","follow":"follow","max-snippet":"max-snippet:-1","max-image-preview":"max-image-preview:large","max-video-preview":"max-video-preview:-1"},"canonical":"https:\/\/wns.uwr.edu.pl\/en\/news\/","og_locale":"en_US","og_type":"article","og_title":"Aktualno\u015bci - Faculty of Social Sciences","og_description":"Definicja strony aktualno\u015bci znajduje si\u0119 w pliku szablonu news-template.php.","og_url":"https:\/\/wns.uwr.edu.pl\/en\/news\/","og_site_name":"Faculty of Social Sciences","article_modified_time":"2023-05-22T07:46:59+00:00","twitter_card":"summary_large_image","twitter_misc":{"Est. reading time":"1 minute"},"schema":{"@context":"https:\/\/schema.org","@graph":[{"@type":"WebPage","@id":"https:\/\/wns.uwr.edu.pl\/en\/news\/","url":"https:\/\/wns.uwr.edu.pl\/en\/news\/","name":"Aktualno\u015bci - Faculty of Social Sciences","isPartOf":{"@id":"https:\/\/wns.uwr.edu.pl\/en\/#website"},"datePublished":"2021-04-12T09:18:11+00:00","dateModified":"2023-05-22T07:46:59+00:00","breadcrumb":{"@id":"https:\/\/wns.uwr.edu.pl\/en\/news\/#breadcrumb"},"inLanguage":"en-US","potentialAction":[{"@type":"ReadAction","target":["https:\/\/wns.uwr.edu.pl\/en\/news\/"]}]},{"@type":"BreadcrumbList","@id":"https:\/\/wns.uwr.edu.pl\/en\/news\/#breadcrumb","itemListElement":[{"@type":"ListItem","position":1,"name":"Strona g\u0142\u00f3wna","item":"https:\/\/wns.uwr.edu.pl\/en\/"},{"@type":"ListItem","position":2,"name":"Aktualno\u015bci"}]},{"@type":"WebSite","@id":"https:\/\/wns.uwr.edu.pl\/en\/#website","url":"https:\/\/wns.uwr.edu.pl\/en\/","name":"Faculty of Social Sciences","description":"Kolejna witryna sieci \u201eUWR Witryny\u201d","publisher":{"@id":"https:\/\/wns.uwr.edu.pl\/en\/#organization"},"potentialAction":[{"@type":"SearchAction","target":{"@type":"EntryPoint","urlTemplate":"https:\/\/wns.uwr.edu.pl\/en\/?s={search_term_string}"},"query-input":{"@type":"PropertyValueSpecification","valueRequired":true,"valueName":"search_term_string"}}],"inLanguage":"en-US"},{"@type":"Organization","@id":"https:\/\/wns.uwr.edu.pl\/en\/#organization","name":"Faculty of Social Sciences","url":"https:\/\/wns.uwr.edu.pl\/en\/","logo":{"@type":"ImageObject","inLanguage":"en-US","@id":"https:\/\/wns.uwr.edu.pl\/en\/#\/schema\/logo\/image\/","url":"https:\/\/wns.uwr.edu.pl\/wp-content\/uploads\/sites\/279\/2025\/10\/UWr-logotyp-2025.png","contentUrl":"https:\/\/wns.uwr.edu.pl\/wp-content\/uploads\/sites\/279\/2025\/10\/UWr-logotyp-2025.png","width":764,"height":269,"caption":"Faculty of Social Sciences"},"image":{"@id":"https:\/\/wns.uwr.edu.pl\/en\/#\/schema\/logo\/image\/"}}]}},"publishpress_future_action":{"enabled":false,"date":"2026-04-15 04:54:05","action":"change-status","newStatus":"draft","terms":[],"taxonomy":"category","extraData":[]},"publishpress_future_workflow_manual_trigger":{"enabledWorkflows":[]},"_links":{"self":[{"href":"https:\/\/wns.uwr.edu.pl\/en\/wp-json\/wp\/v2\/pages\/51279\/"}],"collection":[{"href":"https:\/\/wns.uwr.edu.pl\/en\/wp-json\/wp\/v2\/pages\/"}],"about":[{"href":"https:\/\/wns.uwr.edu.pl\/en\/wp-json\/wp\/v2\/types\/page\/"}],"author":[{"embeddable":true,"href":"https:\/\/wns.uwr.edu.pl\/en\/wp-json\/wp\/v2\/users\/20\/"}],"replies":[{"embeddable":true,"href":"https:\/\/wns.uwr.edu.pl\/en\/wp-json\/wp\/v2\/comments\/?post=51279"}],"version-history":[{"count":1,"href":"https:\/\/wns.uwr.edu.pl\/en\/wp-json\/wp\/v2\/pages\/51279\/revisions\/"}],"predecessor-version":[{"id":51285,"href":"https:\/\/wns.uwr.edu.pl\/en\/wp-json\/wp\/v2\/pages\/51279\/revisions\/51285\/"}],"wp:attachment":[{"href":"https:\/\/wns.uwr.edu.pl\/en\/wp-json\/wp\/v2\/media\/?parent=51279"}],"wp:term":[{"taxonomy":"category","embeddable":true,"href":"https:\/\/wns.uwr.edu.pl\/en\/wp-json\/wp\/v2\/categories\/?post=51279"},{"taxonomy":"post_tag","embeddable":true,"href":"https:\/\/wns.uwr.edu.pl\/en\/wp-json\/wp\/v2\/tags\/?post=51279"}],"curies":[{"name":"wp","href":"https:\/\/api.w.org\/{rel}","templated":true}]}}