{"id":52575,"date":"2023-06-05T10:55:15","date_gmt":"2023-06-05T08:55:15","guid":{"rendered":"https:\/\/wns.uwr.edu.pl\/?page_id=52575"},"modified":"2023-06-05T11:10:51","modified_gmt":"2023-06-05T09:10:51","slug":"student-exchange","status":"publish","type":"page","link":"https:\/\/wns.uwr.edu.pl\/en\/students\/student-exchange\/","title":{"rendered":"Student exchange"},"content":{"rendered":"\n<div class=\"wp-block-ugb-container ugb-container blok_nowa_podstrona ugb-abc9431 ugb-container--v2 ugb-container--design-plain ugb-main-block\"><div class=\"ugb-inner-block\"><div class=\"ugb-block-content\"><div class=\"ugb-container__wrapper ugb-abc9431-wrapper\"><div class=\"ugb-container__side\"><div class=\"ugb-container__content-wrapper ugb-abc9431-content-wrapper\">\n<div class=\"wp-block-columns bs-news-page is-layout-flex wp-block-columns-is-layout-flex\">\n<div class=\"wp-block-column bs-contact-right-column is-layout-flow wp-block-column-is-layout-flow\">\n<div class=\"wp-block-bonasoft-modular-breadcrumbs-block\"><div class=\"bs_add_breadcrumb_trail\"><\/div><\/div>\n\n\n\n<hr class=\"wp-block-separator has-text-color has-background has-black-background-color has-black-color is-style-wide bs-border-kontakt\"\/>\n\n\n\n<h1 class=\"bs-naglowek-podstrony wp-block-heading\"><strong>Student exchange <\/strong><\/h1>\n\n\n<div class=\"bs__links\">\r\n    <div class=\"bs__links__section\">\r\n        <ul class=\"bs__links__list\">\r\n                            <li class=\"bs__links__list__item\">\r\n                    <a href=\"https:\/\/wns.uwr.edu.pl\/en\/erasmus\/\" class=\"bs__links__list__item__link\">\r\n                        Erasmus + \r\n                        <div class=\"bs__links__list__item__link__before__icon\">\r\n                            <div class=\"bs__links__list__item__link__icon\">\r\n                                <svg width=\"40px\" height=\"40px\" viewBox=\"0 0 22 16\" version=\"1.1\">\r\n                                <g stroke=\"none\" strokeWidth=\"1\" fill=\"black\" fillRule=\"evenodd\">\r\n                                    <g>\r\n                                    <polygon points=\"13.4875 0 12 1.6215 18.7875 8 12 14.3795 13.4875 16 21.9995 8\" \/>\r\n                                    <\/g>\r\n                                <\/g>\r\n                                <\/svg>\r\n                            <\/div>\r\n                        <\/div>\r\n                    <\/a>\r\n                <li>\r\n                            <li class=\"bs__links__list__item\">\r\n                    <a href=\"https:\/\/international.uni.wroc.pl\/en\/incoming-exchange-students\/other-exchange-programmes\" class=\"bs__links__list__item__link\">\r\n                        Other exchange programmes \r\n                        <div class=\"bs__links__list__item__link__before__icon\">\r\n                            <div class=\"bs__links__list__item__link__icon\">\r\n                                <svg width=\"40px\" height=\"40px\" viewBox=\"0 0 22 16\" version=\"1.1\">\r\n                                <g stroke=\"none\" strokeWidth=\"1\" fill=\"black\" fillRule=\"evenodd\">\r\n                                    <g>\r\n                                    <polygon points=\"13.4875 0 12 1.6215 18.7875 8 12 14.3795 13.4875 16 21.9995 8\" \/>\r\n                                    <\/g>\r\n                                <\/g>\r\n                                <\/svg>\r\n                            <\/div>\r\n                        <\/div>\r\n                    <\/a>\r\n                <li>\r\n                    <\/ul>\r\n    <\/div>\r\n<\/div>\n\n\n<p><\/p>\n\n\n\n<p><\/p>\n<\/div>\n\n\n\n<div class=\"wp-block-column bs-kontakt-photo is-layout-flow wp-block-column-is-layout-flow\">\n<figure class=\"wp-block-image size-large\"><img decoding=\"async\" src=\"https:\/\/wns.uwr.edu.pl\/wp-content\/uploads\/sites\/279\/2021\/05\/DSC_8134-1024x684.jpg\" alt=\"Dwoje student\u00f3w przygl\u0105da si\u0119 jakiemu\u015b miejscu na wielkim globusie\" class=\"wp-image-4215\"\/><\/figure>\n<\/div>\n<\/div>\n<\/div><\/div><\/div><\/div><\/div><\/div>\n\n\n\n<p><\/p>\n","protected":false},"excerpt":{"rendered":"<p>Student exchange<\/p>\n","protected":false},"author":2235,"featured_media":24927,"parent":48204,"menu_order":0,"comment_status":"closed","ping_status":"closed","template":"","meta":{"_acf_changed":false,"inline_featured_image":false,"site-sidebar-layout":"default","site-content-layout":"","ast-site-content-layout":"default","site-content-style":"default","site-sidebar-style":"default","ast-global-header-display":"","ast-banner-title-visibility":"","ast-main-header-display":"","ast-hfb-above-header-display":"","ast-hfb-below-header-display":"","ast-hfb-mobile-header-display":"","site-post-title":"","ast-breadcrumbs-content":"","ast-featured-img":"","footer-sml-layout":"","ast-disable-related-posts":"","theme-transparent-header-meta":"","adv-header-id-meta":"","stick-header-meta":"","header-above-stick-meta":"","header-main-stick-meta":"","header-below-stick-meta":"","astra-migrate-meta-layouts":"default","ast-page-background-enabled":"default","ast-page-background-meta":{"desktop":{"background-color":"","background-image":"","background-repeat":"repeat","background-position":"center center","background-size":"auto","background-attachment":"scroll","background-type":"","background-media":"","overlay-type":"","overlay-color":"","overlay-opacity":"","overlay-gradient":""},"tablet":{"background-color":"","background-image":"","background-repeat":"repeat","background-position":"center center","background-size":"auto","background-attachment":"scroll","background-type":"","background-media":"","overlay-type":"","overlay-color":"","overlay-opacity":"","overlay-gradient":""},"mobile":{"background-color":"","background-image":"","background-repeat":"repeat","background-position":"center center","background-size":"auto","background-attachment":"scroll","background-type":"","background-media":"","overlay-type":"","overlay-color":"","overlay-opacity":"","overlay-gradient":""}},"ast-content-background-meta":{"desktop":{"background-color":"var(--ast-global-color-5)","background-image":"","background-repeat":"repeat","background-position":"center center","background-size":"auto","background-attachment":"scroll","background-type":"","background-media":"","overlay-type":"","overlay-color":"","overlay-opacity":"","overlay-gradient":""},"tablet":{"background-color":"var(--ast-global-color-5)","background-image":"","background-repeat":"repeat","background-position":"center center","background-size":"auto","background-attachment":"scroll","background-type":"","background-media":"","overlay-type":"","overlay-color":"","overlay-opacity":"","overlay-gradient":""},"mobile":{"background-color":"var(--ast-global-color-5)","background-image":"","background-repeat":"repeat","background-position":"center center","background-size":"auto","background-attachment":"scroll","background-type":"","background-media":"","overlay-type":"","overlay-color":"","overlay-opacity":"","overlay-gradient":""}},"footnotes":""},"categories":[],"tags":[],"class_list":["post-52575","page","type-page","status-publish","has-post-thumbnail","hentry"],"featured_image_urls_v2":{"full":["https:\/\/wns.uwr.edu.pl\/wp-content\/uploads\/sites\/279\/2021\/05\/DSC_8134.jpg",2500,1669,false],"thumbnail":["https:\/\/wns.uwr.edu.pl\/wp-content\/uploads\/sites\/279\/2021\/05\/DSC_8134-150x150.jpg",150,150,true],"medium":["https:\/\/wns.uwr.edu.pl\/wp-content\/uploads\/sites\/279\/2021\/05\/DSC_8134-300x200.jpg",300,200,true],"medium_large":["https:\/\/wns.uwr.edu.pl\/wp-content\/uploads\/sites\/279\/2021\/05\/DSC_8134-768x513.jpg",768,513,true],"large":["https:\/\/wns.uwr.edu.pl\/wp-content\/uploads\/sites\/279\/2021\/05\/DSC_8134-1024x684.jpg",1024,684,true],"1536x1536":["https:\/\/wns.uwr.edu.pl\/wp-content\/uploads\/sites\/279\/2021\/05\/DSC_8134-1536x1025.jpg",1536,1025,true],"2048x2048":["https:\/\/wns.uwr.edu.pl\/wp-content\/uploads\/sites\/279\/2021\/05\/DSC_8134-2048x1367.jpg",2048,1367,true],"menu-24x24":["https:\/\/wns.uwr.edu.pl\/wp-content\/uploads\/sites\/279\/2021\/05\/DSC_8134-24x16.jpg",24,16,true],"menu-36x36":["https:\/\/wns.uwr.edu.pl\/wp-content\/uploads\/sites\/279\/2021\/05\/DSC_8134-36x24.jpg",36,24,true],"menu-48x48":["https:\/\/wns.uwr.edu.pl\/wp-content\/uploads\/sites\/279\/2021\/05\/DSC_8134-48x32.jpg",48,32,true]},"post_excerpt_stackable_v2":"<p>Student exchange Erasmus + Other exchange programmes<\/p>\n","category_list_v2":"Uncategorized","author_info_v2":{"name":"kzalaskaminska","url":"https:\/\/wns.uwr.edu.pl\/en\/author\/kzalaskaminska\/"},"comments_num_v2":"0 comments","acf":[],"yoast_head":"<!-- This site is optimized with the Yoast SEO plugin v27.1.1 - https:\/\/yoast.com\/product\/yoast-seo-wordpress\/ -->\n<title>Student exchange - Faculty of Social Sciences<\/title>\n<meta name=\"robots\" content=\"index, follow, max-snippet:-1, max-image-preview:large, max-video-preview:-1\" \/>\n<link rel=\"canonical\" href=\"https:\/\/wns.uwr.edu.pl\/en\/students\/student-exchange\/\" \/>\n<meta property=\"og:locale\" content=\"en_US\" \/>\n<meta property=\"og:type\" content=\"article\" \/>\n<meta property=\"og:title\" content=\"Student exchange - Faculty of Social Sciences\" \/>\n<meta property=\"og:description\" content=\"Student exchange\" \/>\n<meta property=\"og:url\" content=\"https:\/\/wns.uwr.edu.pl\/en\/students\/student-exchange\/\" \/>\n<meta property=\"og:site_name\" content=\"Faculty of Social Sciences\" \/>\n<meta property=\"article:modified_time\" content=\"2023-06-05T09:10:51+00:00\" \/>\n<meta property=\"og:image\" content=\"https:\/\/wns.uwr.edu.pl\/wp-content\/uploads\/sites\/279\/2021\/05\/DSC_8134.jpg\" \/>\n\t<meta property=\"og:image:width\" content=\"2500\" \/>\n\t<meta property=\"og:image:height\" content=\"1669\" \/>\n\t<meta property=\"og:image:type\" content=\"image\/jpeg\" \/>\n<meta name=\"twitter:card\" content=\"summary_large_image\" \/>\n<meta name=\"twitter:label1\" content=\"Est. reading time\" \/>\n\t<meta name=\"twitter:data1\" content=\"1 minute\" \/>\n<script type=\"application\/ld+json\" class=\"yoast-schema-graph\">{\"@context\":\"https:\/\/schema.org\",\"@graph\":[{\"@type\":\"WebPage\",\"@id\":\"https:\/\/wns.uwr.edu.pl\/en\/students\/student-exchange\/\",\"url\":\"https:\/\/wns.uwr.edu.pl\/en\/students\/student-exchange\/\",\"name\":\"Student exchange - Faculty of Social Sciences\",\"isPartOf\":{\"@id\":\"https:\/\/wns.uwr.edu.pl\/en\/#website\"},\"primaryImageOfPage\":{\"@id\":\"https:\/\/wns.uwr.edu.pl\/en\/students\/student-exchange\/#primaryimage\"},\"image\":{\"@id\":\"https:\/\/wns.uwr.edu.pl\/en\/students\/student-exchange\/#primaryimage\"},\"thumbnailUrl\":\"https:\/\/wns.uwr.edu.pl\/wp-content\/uploads\/sites\/279\/2021\/05\/DSC_8134.jpg\",\"datePublished\":\"2023-06-05T08:55:15+00:00\",\"dateModified\":\"2023-06-05T09:10:51+00:00\",\"breadcrumb\":{\"@id\":\"https:\/\/wns.uwr.edu.pl\/en\/students\/student-exchange\/#breadcrumb\"},\"inLanguage\":\"en-US\",\"potentialAction\":[{\"@type\":\"ReadAction\",\"target\":[\"https:\/\/wns.uwr.edu.pl\/en\/students\/student-exchange\/\"]}]},{\"@type\":\"ImageObject\",\"inLanguage\":\"en-US\",\"@id\":\"https:\/\/wns.uwr.edu.pl\/en\/students\/student-exchange\/#primaryimage\",\"url\":\"https:\/\/wns.uwr.edu.pl\/wp-content\/uploads\/sites\/279\/2021\/05\/DSC_8134.jpg\",\"contentUrl\":\"https:\/\/wns.uwr.edu.pl\/wp-content\/uploads\/sites\/279\/2021\/05\/DSC_8134.jpg\",\"width\":2500,\"height\":1669,\"caption\":\"student i studentka przy du\u017cym globusie\"},{\"@type\":\"BreadcrumbList\",\"@id\":\"https:\/\/wns.uwr.edu.pl\/en\/students\/student-exchange\/#breadcrumb\",\"itemListElement\":[{\"@type\":\"ListItem\",\"position\":1,\"name\":\"Strona g\u0142\u00f3wna\",\"item\":\"https:\/\/wns.uwr.edu.pl\/en\/\"},{\"@type\":\"ListItem\",\"position\":2,\"name\":\"Students\",\"item\":\"https:\/\/wns.uwr.edu.pl\/en\/students\/\"},{\"@type\":\"ListItem\",\"position\":3,\"name\":\"Student exchange\"}]},{\"@type\":\"WebSite\",\"@id\":\"https:\/\/wns.uwr.edu.pl\/en\/#website\",\"url\":\"https:\/\/wns.uwr.edu.pl\/en\/\",\"name\":\"Faculty of Social Sciences\",\"description\":\"Kolejna witryna sieci \u201eUWR Witryny\u201d\",\"publisher\":{\"@id\":\"https:\/\/wns.uwr.edu.pl\/en\/#organization\"},\"potentialAction\":[{\"@type\":\"SearchAction\",\"target\":{\"@type\":\"EntryPoint\",\"urlTemplate\":\"https:\/\/wns.uwr.edu.pl\/en\/?s={search_term_string}\"},\"query-input\":{\"@type\":\"PropertyValueSpecification\",\"valueRequired\":true,\"valueName\":\"search_term_string\"}}],\"inLanguage\":\"en-US\"},{\"@type\":\"Organization\",\"@id\":\"https:\/\/wns.uwr.edu.pl\/en\/#organization\",\"name\":\"Faculty of Social Sciences\",\"url\":\"https:\/\/wns.uwr.edu.pl\/en\/\",\"logo\":{\"@type\":\"ImageObject\",\"inLanguage\":\"en-US\",\"@id\":\"https:\/\/wns.uwr.edu.pl\/en\/#\/schema\/logo\/image\/\",\"url\":\"https:\/\/wns.uwr.edu.pl\/wp-content\/uploads\/sites\/279\/2025\/10\/UWr-logotyp-2025.png\",\"contentUrl\":\"https:\/\/wns.uwr.edu.pl\/wp-content\/uploads\/sites\/279\/2025\/10\/UWr-logotyp-2025.png\",\"width\":764,\"height\":269,\"caption\":\"Faculty of Social Sciences\"},\"image\":{\"@id\":\"https:\/\/wns.uwr.edu.pl\/en\/#\/schema\/logo\/image\/\"}}]}<\/script>\n<!-- \/ Yoast SEO plugin. -->","yoast_head_json":{"title":"Student exchange - Faculty of Social Sciences","robots":{"index":"index","follow":"follow","max-snippet":"max-snippet:-1","max-image-preview":"max-image-preview:large","max-video-preview":"max-video-preview:-1"},"canonical":"https:\/\/wns.uwr.edu.pl\/en\/students\/student-exchange\/","og_locale":"en_US","og_type":"article","og_title":"Student exchange - Faculty of Social Sciences","og_description":"Student exchange","og_url":"https:\/\/wns.uwr.edu.pl\/en\/students\/student-exchange\/","og_site_name":"Faculty of Social Sciences","article_modified_time":"2023-06-05T09:10:51+00:00","og_image":[{"width":2500,"height":1669,"url":"https:\/\/wns.uwr.edu.pl\/wp-content\/uploads\/sites\/279\/2021\/05\/DSC_8134.jpg","type":"image\/jpeg"}],"twitter_card":"summary_large_image","twitter_misc":{"Est. reading time":"1 minute"},"schema":{"@context":"https:\/\/schema.org","@graph":[{"@type":"WebPage","@id":"https:\/\/wns.uwr.edu.pl\/en\/students\/student-exchange\/","url":"https:\/\/wns.uwr.edu.pl\/en\/students\/student-exchange\/","name":"Student exchange - Faculty of Social Sciences","isPartOf":{"@id":"https:\/\/wns.uwr.edu.pl\/en\/#website"},"primaryImageOfPage":{"@id":"https:\/\/wns.uwr.edu.pl\/en\/students\/student-exchange\/#primaryimage"},"image":{"@id":"https:\/\/wns.uwr.edu.pl\/en\/students\/student-exchange\/#primaryimage"},"thumbnailUrl":"https:\/\/wns.uwr.edu.pl\/wp-content\/uploads\/sites\/279\/2021\/05\/DSC_8134.jpg","datePublished":"2023-06-05T08:55:15+00:00","dateModified":"2023-06-05T09:10:51+00:00","breadcrumb":{"@id":"https:\/\/wns.uwr.edu.pl\/en\/students\/student-exchange\/#breadcrumb"},"inLanguage":"en-US","potentialAction":[{"@type":"ReadAction","target":["https:\/\/wns.uwr.edu.pl\/en\/students\/student-exchange\/"]}]},{"@type":"ImageObject","inLanguage":"en-US","@id":"https:\/\/wns.uwr.edu.pl\/en\/students\/student-exchange\/#primaryimage","url":"https:\/\/wns.uwr.edu.pl\/wp-content\/uploads\/sites\/279\/2021\/05\/DSC_8134.jpg","contentUrl":"https:\/\/wns.uwr.edu.pl\/wp-content\/uploads\/sites\/279\/2021\/05\/DSC_8134.jpg","width":2500,"height":1669,"caption":"student i studentka przy du\u017cym globusie"},{"@type":"BreadcrumbList","@id":"https:\/\/wns.uwr.edu.pl\/en\/students\/student-exchange\/#breadcrumb","itemListElement":[{"@type":"ListItem","position":1,"name":"Strona g\u0142\u00f3wna","item":"https:\/\/wns.uwr.edu.pl\/en\/"},{"@type":"ListItem","position":2,"name":"Students","item":"https:\/\/wns.uwr.edu.pl\/en\/students\/"},{"@type":"ListItem","position":3,"name":"Student exchange"}]},{"@type":"WebSite","@id":"https:\/\/wns.uwr.edu.pl\/en\/#website","url":"https:\/\/wns.uwr.edu.pl\/en\/","name":"Faculty of Social Sciences","description":"Kolejna witryna sieci \u201eUWR Witryny\u201d","publisher":{"@id":"https:\/\/wns.uwr.edu.pl\/en\/#organization"},"potentialAction":[{"@type":"SearchAction","target":{"@type":"EntryPoint","urlTemplate":"https:\/\/wns.uwr.edu.pl\/en\/?s={search_term_string}"},"query-input":{"@type":"PropertyValueSpecification","valueRequired":true,"valueName":"search_term_string"}}],"inLanguage":"en-US"},{"@type":"Organization","@id":"https:\/\/wns.uwr.edu.pl\/en\/#organization","name":"Faculty of Social Sciences","url":"https:\/\/wns.uwr.edu.pl\/en\/","logo":{"@type":"ImageObject","inLanguage":"en-US","@id":"https:\/\/wns.uwr.edu.pl\/en\/#\/schema\/logo\/image\/","url":"https:\/\/wns.uwr.edu.pl\/wp-content\/uploads\/sites\/279\/2025\/10\/UWr-logotyp-2025.png","contentUrl":"https:\/\/wns.uwr.edu.pl\/wp-content\/uploads\/sites\/279\/2025\/10\/UWr-logotyp-2025.png","width":764,"height":269,"caption":"Faculty of Social Sciences"},"image":{"@id":"https:\/\/wns.uwr.edu.pl\/en\/#\/schema\/logo\/image\/"}}]}},"publishpress_future_action":{"enabled":false,"date":"2026-04-14 13:37:47","action":"change-status","newStatus":"draft","terms":[],"taxonomy":"category","extraData":[]},"publishpress_future_workflow_manual_trigger":{"enabledWorkflows":[]},"_links":{"self":[{"href":"https:\/\/wns.uwr.edu.pl\/en\/wp-json\/wp\/v2\/pages\/52575\/"}],"collection":[{"href":"https:\/\/wns.uwr.edu.pl\/en\/wp-json\/wp\/v2\/pages\/"}],"about":[{"href":"https:\/\/wns.uwr.edu.pl\/en\/wp-json\/wp\/v2\/types\/page\/"}],"author":[{"embeddable":true,"href":"https:\/\/wns.uwr.edu.pl\/en\/wp-json\/wp\/v2\/users\/2235\/"}],"replies":[{"embeddable":true,"href":"https:\/\/wns.uwr.edu.pl\/en\/wp-json\/wp\/v2\/comments\/?post=52575"}],"version-history":[{"count":4,"href":"https:\/\/wns.uwr.edu.pl\/en\/wp-json\/wp\/v2\/pages\/52575\/revisions\/"}],"predecessor-version":[{"id":52608,"href":"https:\/\/wns.uwr.edu.pl\/en\/wp-json\/wp\/v2\/pages\/52575\/revisions\/52608\/"}],"up":[{"embeddable":true,"href":"https:\/\/wns.uwr.edu.pl\/en\/wp-json\/wp\/v2\/pages\/48204\/"}],"wp:featuredmedia":[{"embeddable":true,"href":"https:\/\/wns.uwr.edu.pl\/en\/wp-json\/wp\/v2\/media\/24927\/"}],"wp:attachment":[{"href":"https:\/\/wns.uwr.edu.pl\/en\/wp-json\/wp\/v2\/media\/?parent=52575"}],"wp:term":[{"taxonomy":"category","embeddable":true,"href":"https:\/\/wns.uwr.edu.pl\/en\/wp-json\/wp\/v2\/categories\/?post=52575"},{"taxonomy":"post_tag","embeddable":true,"href":"https:\/\/wns.uwr.edu.pl\/en\/wp-json\/wp\/v2\/tags\/?post=52575"}],"curies":[{"name":"wp","href":"https:\/\/api.w.org\/{rel}","templated":true}]}}