{"id":52590,"date":"2023-06-05T11:05:06","date_gmt":"2023-06-05T09:05:06","guid":{"rendered":"https:\/\/wns.uwr.edu.pl\/?page_id=52590"},"modified":"2025-01-14T08:30:48","modified_gmt":"2025-01-14T07:30:48","slug":"erasmus","status":"publish","type":"page","link":"https:\/\/wns.uwr.edu.pl\/en\/erasmus\/","title":{"rendered":"Erasmus+"},"content":{"rendered":"\n<div class=\"wp-block-ugb-container ugb-container blok_nowa_podstrona ugb-e74808e ugb-container--v2 ugb-container--design-plain ugb-main-block\"><div class=\"ugb-inner-block\"><div class=\"ugb-block-content\"><div class=\"ugb-container__wrapper ugb-e74808e-wrapper\"><div class=\"ugb-container__side\"><div class=\"ugb-container__content-wrapper ugb-e74808e-content-wrapper\">\n<div class=\"wp-block-columns bs-news-page is-layout-flex wp-block-columns-is-layout-flex\">\n<div class=\"wp-block-column bs-contact-right-column is-layout-flow wp-block-column-is-layout-flow\">\n<div class=\"wp-block-bonasoft-modular-breadcrumbs-block\"><div class=\"bs_add_breadcrumb_trail\"><\/div><\/div>\n\n\n\n<hr class=\"wp-block-separator has-text-color has-black-color has-css-opacity has-black-background-color has-background is-style-wide bs-border-kontakt\"\/>\n\n\n\n<h1 class=\"wp-block-heading bs-naglowek-podstrony\"><strong>Erasmus +<\/strong><\/h1>\n\n\n\n<p><strong>Exchange Coordinators &#8211; The Faculty of Social Sciences:<\/strong><\/p>\n\n\n\n<ul class=\"wp-block-list\">\n<li><strong>Institute of Philosophy<\/strong><\/li>\n<\/ul>\n\n\n\n<p>for outgoing and incoming students: dr hab. Magdalena Ho\u0142y-\u0141uczaj<\/p>\n\n\n\n<p><a href=\"mailto:agnieszka.bandura@uwr.edu.pl\">magdalena.holy-luczaj@uwr.edu.pl<\/a><a href=\"mailto:agnieszka.bandura@uwr.edu.pl\"><\/a><\/p>\n\n\n\n<ul class=\"wp-block-list\">\n<li><strong>Institute of European Studies<\/strong><\/li>\n<\/ul>\n\n\n\n<p>for outgoing and incoming students: dr Jakub Bornio<\/p>\n\n\n\n<p><strong><a href=\"mailto:jakub.bornio@uwr.edu.pl\">jakub.bornio@uwr.edu.pl<\/a><\/strong><\/p>\n\n\n\n<ul class=\"wp-block-list\">\n<li><strong>Institute of Political Science<\/strong><\/li>\n<\/ul>\n\n\n\n<p>for incoming students: dr Tomasz Klin<\/p>\n\n\n\n<p><a href=\"mailto:tomasz.klin@uwr.edu.pl\">tomasz.klin@uwr.edu.pl<\/a><\/p>\n\n\n\n<p>for outgoing students: dr Karol Szulc<\/p>\n\n\n\n<p><a href=\"mailto:karol.chwedczuk-szulc@uwr.edu.pl\">karol.chwedczuk-szulc@uwr.edu.pl<\/a><\/p>\n\n\n\n<ul class=\"wp-block-list\">\n<li><strong>Institute of Sociology<\/strong><\/li>\n<\/ul>\n\n\n\n<p>for outgoing and incoming students: dr hab. Katarzyna Kajdanek, prof. UWr<\/p>\n\n\n\n<p><a href=\"mailto:katarzyna.kajdanek@uwr.edu.pl\">katarzyna.kajdanek@uwr.edu.pl<\/a><\/p>\n\n\n\n<ul class=\"wp-block-list\">\n<li><strong>Institute of International Relations and Security<\/strong><\/li>\n<\/ul>\n\n\n\n<p>for incoming students: dr Anna Jagie\u0142\u0142o-Szostak<\/p>\n\n\n\n<p><a href=\"mailto:anna.jagiello-szostak@uwr.edu.pl\">anna.jagiello-szostak@uwr.edu.pl<\/a><\/p>\n\n\n\n<p>for outgoing students: dr Tomasz Wa\u015bkiel<\/p>\n\n\n\n<p><a href=\"mailto:tomasz.waskiel@uwr.edu.pl\">tomasz.waskiel@uwr.edu.pl<\/a><\/p>\n\n\n<div class=\"wp-block-bonasoft-modular-file-list2\">\r\n    <div class=\"bs__file-list\">\r\n        <div class=\"bs__file-list__section\">\r\n            <ul class=\"bs__file-list__list\">\r\n                                    <li>\r\n                    <a href=\"https:\/\/wns.uwr.edu.pl\/wp-content\/uploads\/sites\/279\/2023\/06\/Rules-of-settlement-of-ERASMUS-Program-122022_2022-12-12_10-02-511.doc\" title=\"Download file:  Resolution regarding the regulations of settlement of ERASMUS+ Programme. File type doc. File size 66 KB\" download>\r\n                            <div class=\"bs__file-list__subsection\">\r\n                                <span class=\"bs__file-list__title\"><\/span>\r\n                                <span class=\"bs__file-list__text\">Resolution regarding the regulations of settlement of ERASMUS+ Programme<\/span>\r\n                                                                    <span class=\"bs__file-list__size\">\r\n                                        <span>doc<\/span>\r\n                                        <span>66 KB  <\/span>\r\n                                    <\/span>\r\n                                                            <\/div>\r\n                            <div class=\"bs__links__icon\">\r\n                                <svg width=\"40px\" height=\"40px\" viewBox=\"0 0 22 16\" version=\"1.1\">\r\n                                    <g stroke=\"none\" strokeWidth=\"1\" fill=\"white\" fillRule=\"evenodd\">\r\n                                        <g>\r\n                                            <polygon points=\"13.4875 0 12 1.6215 18.7875 8 12 14.3795 13.4875 16 21.9995 8\" \/>\r\n                                        <\/g>\r\n                                    <\/g>\r\n                                <\/svg>\r\n                            <\/div>\r\n                        <\/a>\r\n                    <\/li>\r\n                            <\/ul>\r\n        <\/div>\r\n    <\/div>\r\n<\/div>\r\n\n\n<div class=\"bs__links\">\r\n    <div class=\"bs__links__section\">\r\n        <ul class=\"bs__links__list\">\r\n                            <li class=\"bs__links__list__item\">\r\n                    <a href=\"https:\/\/international.uni.wroc.pl\/wymiana-wyjazdy\/erasmus\" class=\"bs__links__list__item__link\">\r\n                        Erasmus+ UWr \r\n                        <div class=\"bs__links__list__item__link__before__icon\">\r\n                            <div class=\"bs__links__list__item__link__icon\">\r\n                                <svg width=\"40px\" height=\"40px\" viewBox=\"0 0 22 16\" version=\"1.1\">\r\n                                <g stroke=\"none\" strokeWidth=\"1\" fill=\"black\" fillRule=\"evenodd\">\r\n                                    <g>\r\n                                    <polygon points=\"13.4875 0 12 1.6215 18.7875 8 12 14.3795 13.4875 16 21.9995 8\" \/>\r\n                                    <\/g>\r\n                                <\/g>\r\n                                <\/svg>\r\n                            <\/div>\r\n                        <\/div>\r\n                    <\/a>\r\n                <li>\r\n                    <\/ul>\r\n    <\/div>\r\n<\/div><\/div>\n\n\n\n<div class=\"wp-block-column bs-kontakt-photo is-layout-flow wp-block-column-is-layout-flow\">\n<figure class=\"wp-block-image size-full\"><img decoding=\"async\" src=\"https:\/\/wns.uwr.edu.pl\/wp-content\/uploads\/sites\/279\/2022\/07\/erasmus_2017-03-03_02-21-10-20210428115147.jpg\" alt=\"erazmus\" class=\"wp-image-26479\"\/><\/figure>\n<\/div>\n<\/div>\n<\/div><\/div><\/div><\/div><\/div><\/div>\n","protected":false},"excerpt":{"rendered":"<p>Erasmus + Exchange Coordinators &#8211; The Faculty of Social Sciences: for outgoing and incoming students: dr hab. Magdalena Ho\u0142y-\u0141uczaj magdalena.holy-luczaj@uwr.edu.pl for outgoing and incoming students: dr Jakub Bornio jakub.bornio@uwr.edu.pl for incoming students: dr Tomasz Klin tomasz.klin@uwr.edu.pl for outgoing students: dr Karol Szulc karol.chwedczuk-szulc@uwr.edu.pl for outgoing and incoming students: dr hab. Katarzyna Kajdanek, prof. UWr katarzyna.kajdanek@uwr.edu.pl [&hellip;]<\/p>\n","protected":false},"author":2235,"featured_media":0,"parent":0,"menu_order":0,"comment_status":"closed","ping_status":"closed","template":"","meta":{"_acf_changed":false,"inline_featured_image":false,"site-sidebar-layout":"default","site-content-layout":"","ast-site-content-layout":"default","site-content-style":"default","site-sidebar-style":"default","ast-global-header-display":"","ast-banner-title-visibility":"","ast-main-header-display":"","ast-hfb-above-header-display":"","ast-hfb-below-header-display":"","ast-hfb-mobile-header-display":"","site-post-title":"","ast-breadcrumbs-content":"","ast-featured-img":"","footer-sml-layout":"","ast-disable-related-posts":"","theme-transparent-header-meta":"","adv-header-id-meta":"","stick-header-meta":"","header-above-stick-meta":"","header-main-stick-meta":"","header-below-stick-meta":"","astra-migrate-meta-layouts":"set","ast-page-background-enabled":"default","ast-page-background-meta":{"desktop":{"background-color":"","background-image":"","background-repeat":"repeat","background-position":"center center","background-size":"auto","background-attachment":"scroll","background-type":"","background-media":"","overlay-type":"","overlay-color":"","overlay-opacity":"","overlay-gradient":""},"tablet":{"background-color":"","background-image":"","background-repeat":"repeat","background-position":"center center","background-size":"auto","background-attachment":"scroll","background-type":"","background-media":"","overlay-type":"","overlay-color":"","overlay-opacity":"","overlay-gradient":""},"mobile":{"background-color":"","background-image":"","background-repeat":"repeat","background-position":"center center","background-size":"auto","background-attachment":"scroll","background-type":"","background-media":"","overlay-type":"","overlay-color":"","overlay-opacity":"","overlay-gradient":""}},"ast-content-background-meta":{"desktop":{"background-color":"var(--ast-global-color-5)","background-image":"","background-repeat":"repeat","background-position":"center center","background-size":"auto","background-attachment":"scroll","background-type":"","background-media":"","overlay-type":"","overlay-color":"","overlay-opacity":"","overlay-gradient":""},"tablet":{"background-color":"var(--ast-global-color-5)","background-image":"","background-repeat":"repeat","background-position":"center center","background-size":"auto","background-attachment":"scroll","background-type":"","background-media":"","overlay-type":"","overlay-color":"","overlay-opacity":"","overlay-gradient":""},"mobile":{"background-color":"var(--ast-global-color-5)","background-image":"","background-repeat":"repeat","background-position":"center center","background-size":"auto","background-attachment":"scroll","background-type":"","background-media":"","overlay-type":"","overlay-color":"","overlay-opacity":"","overlay-gradient":""}},"footnotes":""},"categories":[],"tags":[],"class_list":["post-52590","page","type-page","status-publish","hentry"],"featured_image_urls_v2":{"full":"","thumbnail":"","medium":"","medium_large":"","large":"","1536x1536":"","2048x2048":"","menu-24x24":"","menu-36x36":"","menu-48x48":""},"post_excerpt_stackable_v2":"<p>Erasmus + Exchange Coordinators &#8211; The Faculty of Social Sciences: Institute of Philosophy for outgoing and incoming students: dr hab. Magdalena Ho\u0142y-\u0141uczaj magdalena.holy-luczaj@uwr.edu.pl Institute of European Studies for outgoing and incoming students: dr Jakub Bornio jakub.bornio@uwr.edu.pl Institute of Political Science for incoming students: dr Tomasz Klin tomasz.klin@uwr.edu.pl for outgoing students: dr Karol Szulc karol.chwedczuk-szulc@uwr.edu.pl Institute of Sociology for outgoing and incoming students: dr hab. Katarzyna Kajdanek, prof. UWr katarzyna.kajdanek@uwr.edu.pl Institute of International Relations and Security for incoming students: dr Anna Jagie\u0142\u0142o-Szostak anna.jagiello-szostak@uwr.edu.pl for outgoing students: dr Tomasz Wa\u015bkiel tomasz.waskiel@uwr.edu.pl Resolution regarding the regulations of settlement of ERASMUS+ Programme doc 66&hellip;<\/p>\n","category_list_v2":"Uncategorized","author_info_v2":{"name":"kzalaskaminska","url":"https:\/\/wns.uwr.edu.pl\/en\/author\/kzalaskaminska\/"},"comments_num_v2":"0 comments","acf":[],"yoast_head":"<!-- This site is optimized with the Yoast SEO plugin v27.1.1 - https:\/\/yoast.com\/product\/yoast-seo-wordpress\/ -->\n<title>Erasmus+ - Faculty of Social Sciences<\/title>\n<meta name=\"robots\" content=\"index, follow, max-snippet:-1, max-image-preview:large, max-video-preview:-1\" \/>\n<link rel=\"canonical\" href=\"https:\/\/wns.uwr.edu.pl\/en\/erasmus\/\" \/>\n<meta property=\"og:locale\" content=\"en_US\" \/>\n<meta property=\"og:type\" content=\"article\" \/>\n<meta property=\"og:title\" content=\"Erasmus+ - Faculty of Social Sciences\" \/>\n<meta property=\"og:description\" content=\"Erasmus + Exchange Coordinators &#8211; The Faculty of Social Sciences: for outgoing and incoming students: dr hab. Magdalena Ho\u0142y-\u0141uczaj magdalena.holy-luczaj@uwr.edu.pl for outgoing and incoming students: dr Jakub Bornio jakub.bornio@uwr.edu.pl for incoming students: dr Tomasz Klin tomasz.klin@uwr.edu.pl for outgoing students: dr Karol Szulc karol.chwedczuk-szulc@uwr.edu.pl for outgoing and incoming students: dr hab. Katarzyna Kajdanek, prof. UWr katarzyna.kajdanek@uwr.edu.pl [&hellip;]\" \/>\n<meta property=\"og:url\" content=\"https:\/\/wns.uwr.edu.pl\/en\/erasmus\/\" \/>\n<meta property=\"og:site_name\" content=\"Faculty of Social Sciences\" \/>\n<meta property=\"article:modified_time\" content=\"2025-01-14T07:30:48+00:00\" \/>\n<meta name=\"twitter:card\" content=\"summary_large_image\" \/>\n<meta name=\"twitter:label1\" content=\"Est. reading time\" \/>\n\t<meta name=\"twitter:data1\" content=\"1 minute\" \/>\n<script type=\"application\/ld+json\" class=\"yoast-schema-graph\">{\"@context\":\"https:\/\/schema.org\",\"@graph\":[{\"@type\":\"WebPage\",\"@id\":\"https:\/\/wns.uwr.edu.pl\/en\/erasmus\/\",\"url\":\"https:\/\/wns.uwr.edu.pl\/en\/erasmus\/\",\"name\":\"Erasmus+ - Faculty of Social Sciences\",\"isPartOf\":{\"@id\":\"https:\/\/wns.uwr.edu.pl\/en\/#website\"},\"primaryImageOfPage\":{\"@id\":\"https:\/\/wns.uwr.edu.pl\/en\/erasmus\/#primaryimage\"},\"image\":{\"@id\":\"https:\/\/wns.uwr.edu.pl\/en\/erasmus\/#primaryimage\"},\"thumbnailUrl\":\"https:\/\/wns.uwr.edu.pl\/wp-content\/uploads\/sites\/279\/2022\/07\/erasmus_2017-03-03_02-21-10-20210428115147.jpg\",\"datePublished\":\"2023-06-05T09:05:06+00:00\",\"dateModified\":\"2025-01-14T07:30:48+00:00\",\"breadcrumb\":{\"@id\":\"https:\/\/wns.uwr.edu.pl\/en\/erasmus\/#breadcrumb\"},\"inLanguage\":\"en-US\",\"potentialAction\":[{\"@type\":\"ReadAction\",\"target\":[\"https:\/\/wns.uwr.edu.pl\/en\/erasmus\/\"]}]},{\"@type\":\"ImageObject\",\"inLanguage\":\"en-US\",\"@id\":\"https:\/\/wns.uwr.edu.pl\/en\/erasmus\/#primaryimage\",\"url\":\"https:\/\/wns.uwr.edu.pl\/wp-content\/uploads\/sites\/279\/2022\/07\/erasmus_2017-03-03_02-21-10-20210428115147.jpg\",\"contentUrl\":\"https:\/\/wns.uwr.edu.pl\/wp-content\/uploads\/sites\/279\/2022\/07\/erasmus_2017-03-03_02-21-10-20210428115147.jpg\"},{\"@type\":\"BreadcrumbList\",\"@id\":\"https:\/\/wns.uwr.edu.pl\/en\/erasmus\/#breadcrumb\",\"itemListElement\":[{\"@type\":\"ListItem\",\"position\":1,\"name\":\"Strona g\u0142\u00f3wna\",\"item\":\"https:\/\/wns.uwr.edu.pl\/en\/\"},{\"@type\":\"ListItem\",\"position\":2,\"name\":\"Erasmus+\"}]},{\"@type\":\"WebSite\",\"@id\":\"https:\/\/wns.uwr.edu.pl\/en\/#website\",\"url\":\"https:\/\/wns.uwr.edu.pl\/en\/\",\"name\":\"Faculty of Social Sciences\",\"description\":\"Kolejna witryna sieci \u201eUWR Witryny\u201d\",\"publisher\":{\"@id\":\"https:\/\/wns.uwr.edu.pl\/en\/#organization\"},\"potentialAction\":[{\"@type\":\"SearchAction\",\"target\":{\"@type\":\"EntryPoint\",\"urlTemplate\":\"https:\/\/wns.uwr.edu.pl\/en\/?s={search_term_string}\"},\"query-input\":{\"@type\":\"PropertyValueSpecification\",\"valueRequired\":true,\"valueName\":\"search_term_string\"}}],\"inLanguage\":\"en-US\"},{\"@type\":\"Organization\",\"@id\":\"https:\/\/wns.uwr.edu.pl\/en\/#organization\",\"name\":\"Faculty of Social Sciences\",\"url\":\"https:\/\/wns.uwr.edu.pl\/en\/\",\"logo\":{\"@type\":\"ImageObject\",\"inLanguage\":\"en-US\",\"@id\":\"https:\/\/wns.uwr.edu.pl\/en\/#\/schema\/logo\/image\/\",\"url\":\"https:\/\/wns.uwr.edu.pl\/wp-content\/uploads\/sites\/279\/2025\/10\/UWr-logotyp-2025.png\",\"contentUrl\":\"https:\/\/wns.uwr.edu.pl\/wp-content\/uploads\/sites\/279\/2025\/10\/UWr-logotyp-2025.png\",\"width\":764,\"height\":269,\"caption\":\"Faculty of Social Sciences\"},\"image\":{\"@id\":\"https:\/\/wns.uwr.edu.pl\/en\/#\/schema\/logo\/image\/\"}}]}<\/script>\n<!-- \/ Yoast SEO plugin. -->","yoast_head_json":{"title":"Erasmus+ - Faculty of Social Sciences","robots":{"index":"index","follow":"follow","max-snippet":"max-snippet:-1","max-image-preview":"max-image-preview:large","max-video-preview":"max-video-preview:-1"},"canonical":"https:\/\/wns.uwr.edu.pl\/en\/erasmus\/","og_locale":"en_US","og_type":"article","og_title":"Erasmus+ - Faculty of Social Sciences","og_description":"Erasmus + Exchange Coordinators &#8211; The Faculty of Social Sciences: for outgoing and incoming students: dr hab. Magdalena Ho\u0142y-\u0141uczaj magdalena.holy-luczaj@uwr.edu.pl for outgoing and incoming students: dr Jakub Bornio jakub.bornio@uwr.edu.pl for incoming students: dr Tomasz Klin tomasz.klin@uwr.edu.pl for outgoing students: dr Karol Szulc karol.chwedczuk-szulc@uwr.edu.pl for outgoing and incoming students: dr hab. Katarzyna Kajdanek, prof. UWr katarzyna.kajdanek@uwr.edu.pl [&hellip;]","og_url":"https:\/\/wns.uwr.edu.pl\/en\/erasmus\/","og_site_name":"Faculty of Social Sciences","article_modified_time":"2025-01-14T07:30:48+00:00","twitter_card":"summary_large_image","twitter_misc":{"Est. reading time":"1 minute"},"schema":{"@context":"https:\/\/schema.org","@graph":[{"@type":"WebPage","@id":"https:\/\/wns.uwr.edu.pl\/en\/erasmus\/","url":"https:\/\/wns.uwr.edu.pl\/en\/erasmus\/","name":"Erasmus+ - Faculty of Social Sciences","isPartOf":{"@id":"https:\/\/wns.uwr.edu.pl\/en\/#website"},"primaryImageOfPage":{"@id":"https:\/\/wns.uwr.edu.pl\/en\/erasmus\/#primaryimage"},"image":{"@id":"https:\/\/wns.uwr.edu.pl\/en\/erasmus\/#primaryimage"},"thumbnailUrl":"https:\/\/wns.uwr.edu.pl\/wp-content\/uploads\/sites\/279\/2022\/07\/erasmus_2017-03-03_02-21-10-20210428115147.jpg","datePublished":"2023-06-05T09:05:06+00:00","dateModified":"2025-01-14T07:30:48+00:00","breadcrumb":{"@id":"https:\/\/wns.uwr.edu.pl\/en\/erasmus\/#breadcrumb"},"inLanguage":"en-US","potentialAction":[{"@type":"ReadAction","target":["https:\/\/wns.uwr.edu.pl\/en\/erasmus\/"]}]},{"@type":"ImageObject","inLanguage":"en-US","@id":"https:\/\/wns.uwr.edu.pl\/en\/erasmus\/#primaryimage","url":"https:\/\/wns.uwr.edu.pl\/wp-content\/uploads\/sites\/279\/2022\/07\/erasmus_2017-03-03_02-21-10-20210428115147.jpg","contentUrl":"https:\/\/wns.uwr.edu.pl\/wp-content\/uploads\/sites\/279\/2022\/07\/erasmus_2017-03-03_02-21-10-20210428115147.jpg"},{"@type":"BreadcrumbList","@id":"https:\/\/wns.uwr.edu.pl\/en\/erasmus\/#breadcrumb","itemListElement":[{"@type":"ListItem","position":1,"name":"Strona g\u0142\u00f3wna","item":"https:\/\/wns.uwr.edu.pl\/en\/"},{"@type":"ListItem","position":2,"name":"Erasmus+"}]},{"@type":"WebSite","@id":"https:\/\/wns.uwr.edu.pl\/en\/#website","url":"https:\/\/wns.uwr.edu.pl\/en\/","name":"Faculty of Social Sciences","description":"Kolejna witryna sieci \u201eUWR Witryny\u201d","publisher":{"@id":"https:\/\/wns.uwr.edu.pl\/en\/#organization"},"potentialAction":[{"@type":"SearchAction","target":{"@type":"EntryPoint","urlTemplate":"https:\/\/wns.uwr.edu.pl\/en\/?s={search_term_string}"},"query-input":{"@type":"PropertyValueSpecification","valueRequired":true,"valueName":"search_term_string"}}],"inLanguage":"en-US"},{"@type":"Organization","@id":"https:\/\/wns.uwr.edu.pl\/en\/#organization","name":"Faculty of Social Sciences","url":"https:\/\/wns.uwr.edu.pl\/en\/","logo":{"@type":"ImageObject","inLanguage":"en-US","@id":"https:\/\/wns.uwr.edu.pl\/en\/#\/schema\/logo\/image\/","url":"https:\/\/wns.uwr.edu.pl\/wp-content\/uploads\/sites\/279\/2025\/10\/UWr-logotyp-2025.png","contentUrl":"https:\/\/wns.uwr.edu.pl\/wp-content\/uploads\/sites\/279\/2025\/10\/UWr-logotyp-2025.png","width":764,"height":269,"caption":"Faculty of Social Sciences"},"image":{"@id":"https:\/\/wns.uwr.edu.pl\/en\/#\/schema\/logo\/image\/"}}]}},"publishpress_future_action":{"enabled":false,"date":"2026-04-16 05:09:33","action":"change-status","newStatus":"draft","terms":[],"taxonomy":"category","extraData":[]},"publishpress_future_workflow_manual_trigger":{"enabledWorkflows":[]},"_links":{"self":[{"href":"https:\/\/wns.uwr.edu.pl\/en\/wp-json\/wp\/v2\/pages\/52590\/"}],"collection":[{"href":"https:\/\/wns.uwr.edu.pl\/en\/wp-json\/wp\/v2\/pages\/"}],"about":[{"href":"https:\/\/wns.uwr.edu.pl\/en\/wp-json\/wp\/v2\/types\/page\/"}],"author":[{"embeddable":true,"href":"https:\/\/wns.uwr.edu.pl\/en\/wp-json\/wp\/v2\/users\/2235\/"}],"replies":[{"embeddable":true,"href":"https:\/\/wns.uwr.edu.pl\/en\/wp-json\/wp\/v2\/comments\/?post=52590"}],"version-history":[{"count":3,"href":"https:\/\/wns.uwr.edu.pl\/en\/wp-json\/wp\/v2\/pages\/52590\/revisions\/"}],"predecessor-version":[{"id":73320,"href":"https:\/\/wns.uwr.edu.pl\/en\/wp-json\/wp\/v2\/pages\/52590\/revisions\/73320\/"}],"wp:attachment":[{"href":"https:\/\/wns.uwr.edu.pl\/en\/wp-json\/wp\/v2\/media\/?parent=52590"}],"wp:term":[{"taxonomy":"category","embeddable":true,"href":"https:\/\/wns.uwr.edu.pl\/en\/wp-json\/wp\/v2\/categories\/?post=52590"},{"taxonomy":"post_tag","embeddable":true,"href":"https:\/\/wns.uwr.edu.pl\/en\/wp-json\/wp\/v2\/tags\/?post=52590"}],"curies":[{"name":"wp","href":"https:\/\/api.w.org\/{rel}","templated":true}]}}