{"id":54077,"date":"2023-07-14T20:16:16","date_gmt":"2023-07-14T18:16:16","guid":{"rendered":"https:\/\/wns.uwr.edu.pl\/?page_id=54077"},"modified":"2023-07-14T20:17:36","modified_gmt":"2023-07-14T18:17:36","slug":"environmental-communication-in-the-context-of-global-threats","status":"publish","type":"page","link":"https:\/\/wns.uwr.edu.pl\/en\/science-and-research\/scientific-teams-at-the-faculty\/environmental-communication-in-the-context-of-global-threats\/","title":{"rendered":"Environmental communication in the context of global threats"},"content":{"rendered":"\n<div class=\"wp-block-ugb-container ugb-container blok_nowa_podstrona ugb-8dda971 ugb-container--v2 ugb-container--design-plain ugb-main-block\"><div class=\"ugb-inner-block\"><div class=\"ugb-block-content\"><div class=\"ugb-container__wrapper ugb-8dda971-wrapper\"><div class=\"ugb-container__side\"><div class=\"ugb-container__content-wrapper ugb-8dda971-content-wrapper\">\n<div class=\"wp-block-columns bs-news-page is-layout-flex wp-block-columns-is-layout-flex\">\n<div class=\"wp-block-column bs-contact-right-column is-layout-flow wp-block-column-is-layout-flow\">\n<div class=\"wp-block-bonasoft-modular-breadcrumbs-block\"><div class=\"bs_add_breadcrumb_trail\"><\/div><\/div>\n\n\n\n<hr class=\"wp-block-separator has-text-color has-black-color has-css-opacity has-black-background-color has-background is-style-wide bs-border-kontakt\"\/>\n\n\n\n<h2 class=\"wp-block-heading\"><strong>Research theme: \u201cEnvironmental communication in the context of global threats&#8221;<\/strong><\/h2>\n\n\n\n<p>The research will cover the period of 2020-2022. That was a time of global threats which contributed to disturbance of the international order and forced so-called content \u201c<strong>pump-valves<\/strong>\u201d into the global discourse (Entman &amp; Usher, 2018). These could have significant effect on perception of climate change and measures taken by political actors before 2020.<\/p>\n\n\n\n<p>The scholars will attempt to answer the question how the COVID-19 pandemic and war in Ukraine affected communication about environmental and climate issues? Was (is) it a time of intensified international actions for green transformation or a time of negligence? &nbsp;<\/p>\n\n\n\n<p><strong>The research team will diagnose:<\/strong><\/p>\n\n\n\n<p>&#8211; what subjects and problems associated with the climate crisis were referred to by political actors, media and celebrities;<\/p>\n\n\n\n<p>&#8211; whether the question of security was highlighted in environmental communication of the studied entities, and if yes, what type of security;<\/p>\n\n\n\n<p>&#8211; whether media communication and activities of the analysed political actors (including EU, NATO, UNO, Russian Federation) support the scientific message or interrupt it;<\/p>\n\n\n\n<p>&#8211; what role is played by scientists specialising in climate change, how they perceive themselves as a source of information, what barriers and restrictions they encounter.<\/p>\n\n\n\n<p>The analysis axis will involve content published in <strong>English-language internet <\/strong>and <strong>Russian-language internet (RuNet).<\/strong><\/p>\n\n\n\n<p>The project includes tasks within four scientific disciplines: political science and administration (study of the processes of politicisation of environmental issues), social communication and media (study of media communication), security sciences (analysis of media communication and actions by political actors concerning presence of issues related to information and environmental security) and sociology (especially considering sociology of science \u2013 study of scientists\u2019 activities).<\/p>\n\n\n\n<p>The team members are prof. <strong>Marcelina Zuber <\/strong>of the Institute of Sociology, dr <strong>Julia Trzci\u0144ska <\/strong>of the Institute of Political Science and mgr <strong>Otylia Bieniek <\/strong>of the UWr Doctoral School (Doctoral College in Security Science). The project leader is dr <strong>Bart\u0142omiej \u0141\u00f3dzki<\/strong> of the Institute of International Studies.<\/p>\n\n\n\n<p><\/p>\n<\/div>\n\n\n\n<div class=\"wp-block-column bs-kontakt-photo is-layout-flow wp-block-column-is-layout-flow\">\n<figure class=\"wp-block-image size-full\"><img decoding=\"async\" src=\"https:\/\/wns.uwr.edu.pl\/wp-content\/uploads\/sites\/279\/2022\/07\/bg-pexels-photo-24873-20190718105557_2019-10-23_11-16-15.jpg\" alt=\"studia\" class=\"wp-image-25822\"\/><\/figure>\n<\/div>\n<\/div>\n<\/div><\/div><\/div><\/div><\/div><\/div>\n","protected":false},"excerpt":{"rendered":"<p>Research theme: \u201cEnvironmental communication in the context of global threats&#8221; The research will cover the period of 2020-2022. That was a time of global threats which contributed to disturbance of the international order and forced so-called content \u201cpump-valves\u201d into the global discourse (Entman &amp; Usher, 2018). These could have significant effect on perception of climate [&hellip;]<\/p>\n","protected":false},"author":2235,"featured_media":26877,"parent":54065,"menu_order":0,"comment_status":"closed","ping_status":"closed","template":"","meta":{"_acf_changed":false,"inline_featured_image":false,"site-sidebar-layout":"default","site-content-layout":"","ast-site-content-layout":"default","site-content-style":"default","site-sidebar-style":"default","ast-global-header-display":"","ast-banner-title-visibility":"","ast-main-header-display":"","ast-hfb-above-header-display":"","ast-hfb-below-header-display":"","ast-hfb-mobile-header-display":"","site-post-title":"","ast-breadcrumbs-content":"","ast-featured-img":"","footer-sml-layout":"","ast-disable-related-posts":"","theme-transparent-header-meta":"","adv-header-id-meta":"","stick-header-meta":"","header-above-stick-meta":"","header-main-stick-meta":"","header-below-stick-meta":"","astra-migrate-meta-layouts":"default","ast-page-background-enabled":"default","ast-page-background-meta":{"desktop":{"background-color":"","background-image":"","background-repeat":"repeat","background-position":"center center","background-size":"auto","background-attachment":"scroll","background-type":"","background-media":"","overlay-type":"","overlay-color":"","overlay-opacity":"","overlay-gradient":""},"tablet":{"background-color":"","background-image":"","background-repeat":"repeat","background-position":"center center","background-size":"auto","background-attachment":"scroll","background-type":"","background-media":"","overlay-type":"","overlay-color":"","overlay-opacity":"","overlay-gradient":""},"mobile":{"background-color":"","background-image":"","background-repeat":"repeat","background-position":"center center","background-size":"auto","background-attachment":"scroll","background-type":"","background-media":"","overlay-type":"","overlay-color":"","overlay-opacity":"","overlay-gradient":""}},"ast-content-background-meta":{"desktop":{"background-color":"var(--ast-global-color-5)","background-image":"","background-repeat":"repeat","background-position":"center center","background-size":"auto","background-attachment":"scroll","background-type":"","background-media":"","overlay-type":"","overlay-color":"","overlay-opacity":"","overlay-gradient":""},"tablet":{"background-color":"var(--ast-global-color-5)","background-image":"","background-repeat":"repeat","background-position":"center center","background-size":"auto","background-attachment":"scroll","background-type":"","background-media":"","overlay-type":"","overlay-color":"","overlay-opacity":"","overlay-gradient":""},"mobile":{"background-color":"var(--ast-global-color-5)","background-image":"","background-repeat":"repeat","background-position":"center center","background-size":"auto","background-attachment":"scroll","background-type":"","background-media":"","overlay-type":"","overlay-color":"","overlay-opacity":"","overlay-gradient":""}},"footnotes":""},"categories":[],"tags":[],"class_list":["post-54077","page","type-page","status-publish","has-post-thumbnail","hentry"],"featured_image_urls_v2":{"full":["https:\/\/wns.uwr.edu.pl\/wp-content\/uploads\/sites\/279\/2022\/07\/bg-pexels-photo-24873-20190718105557_2019-10-23_11-16-15.jpg",1000,667,false],"thumbnail":["https:\/\/wns.uwr.edu.pl\/wp-content\/uploads\/sites\/279\/2022\/07\/bg-pexels-photo-24873-20190718105557_2019-10-23_11-16-15-150x150.jpg",150,150,true],"medium":["https:\/\/wns.uwr.edu.pl\/wp-content\/uploads\/sites\/279\/2022\/07\/bg-pexels-photo-24873-20190718105557_2019-10-23_11-16-15-300x200.jpg",300,200,true],"medium_large":["https:\/\/wns.uwr.edu.pl\/wp-content\/uploads\/sites\/279\/2022\/07\/bg-pexels-photo-24873-20190718105557_2019-10-23_11-16-15-768x512.jpg",768,512,true],"large":["https:\/\/wns.uwr.edu.pl\/wp-content\/uploads\/sites\/279\/2022\/07\/bg-pexels-photo-24873-20190718105557_2019-10-23_11-16-15.jpg",1000,667,false],"1536x1536":["https:\/\/wns.uwr.edu.pl\/wp-content\/uploads\/sites\/279\/2022\/07\/bg-pexels-photo-24873-20190718105557_2019-10-23_11-16-15.jpg",1000,667,false],"2048x2048":["https:\/\/wns.uwr.edu.pl\/wp-content\/uploads\/sites\/279\/2022\/07\/bg-pexels-photo-24873-20190718105557_2019-10-23_11-16-15.jpg",1000,667,false],"menu-24x24":["https:\/\/wns.uwr.edu.pl\/wp-content\/uploads\/sites\/279\/2022\/07\/bg-pexels-photo-24873-20190718105557_2019-10-23_11-16-15-24x16.jpg",24,16,true],"menu-36x36":["https:\/\/wns.uwr.edu.pl\/wp-content\/uploads\/sites\/279\/2022\/07\/bg-pexels-photo-24873-20190718105557_2019-10-23_11-16-15-36x24.jpg",36,24,true],"menu-48x48":["https:\/\/wns.uwr.edu.pl\/wp-content\/uploads\/sites\/279\/2022\/07\/bg-pexels-photo-24873-20190718105557_2019-10-23_11-16-15-48x32.jpg",48,32,true]},"post_excerpt_stackable_v2":"<p>Research theme: \u201cEnvironmental communication in the context of global threats&#8221; The research will cover the period of 2020-2022. That was a time of global threats which contributed to disturbance of the international order and forced so-called content \u201cpump-valves\u201d into the global discourse (Entman &amp; Usher, 2018). These could have significant effect on perception of climate change and measures taken by political actors before 2020. The scholars will attempt to answer the question how the COVID-19 pandemic and war in Ukraine affected communication about environmental and climate issues? Was (is) it a time of intensified international actions for green transformation or&hellip;<\/p>\n","category_list_v2":"Uncategorized","author_info_v2":{"name":"kzalaskaminska","url":"https:\/\/wns.uwr.edu.pl\/en\/author\/kzalaskaminska\/"},"comments_num_v2":"0 comments","acf":[],"yoast_head":"<!-- This site is optimized with the Yoast SEO plugin v27.1.1 - https:\/\/yoast.com\/product\/yoast-seo-wordpress\/ -->\n<title>Environmental communication in the context of global threats - Faculty of Social Sciences<\/title>\n<meta name=\"robots\" content=\"index, follow, max-snippet:-1, max-image-preview:large, max-video-preview:-1\" \/>\n<link rel=\"canonical\" href=\"https:\/\/wns.uwr.edu.pl\/en\/science-and-research\/scientific-teams-at-the-faculty\/environmental-communication-in-the-context-of-global-threats\/\" \/>\n<meta property=\"og:locale\" content=\"en_US\" \/>\n<meta property=\"og:type\" content=\"article\" \/>\n<meta property=\"og:title\" content=\"Environmental communication in the context of global threats - Faculty of Social Sciences\" \/>\n<meta property=\"og:description\" content=\"Research theme: \u201cEnvironmental communication in the context of global threats&#8221; The research will cover the period of 2020-2022. That was a time of global threats which contributed to disturbance of the international order and forced so-called content \u201cpump-valves\u201d into the global discourse (Entman &amp; Usher, 2018). These could have significant effect on perception of climate [&hellip;]\" \/>\n<meta property=\"og:url\" content=\"https:\/\/wns.uwr.edu.pl\/en\/science-and-research\/scientific-teams-at-the-faculty\/environmental-communication-in-the-context-of-global-threats\/\" \/>\n<meta property=\"og:site_name\" content=\"Faculty of Social Sciences\" \/>\n<meta property=\"article:modified_time\" content=\"2023-07-14T18:17:36+00:00\" \/>\n<meta property=\"og:image\" content=\"https:\/\/wns.uwr.edu.pl\/wp-content\/uploads\/sites\/279\/2022\/07\/bg-pexels-photo-24873-20190718105557_2019-10-23_11-16-15.jpg\" \/>\n\t<meta property=\"og:image:width\" content=\"1000\" \/>\n\t<meta property=\"og:image:height\" content=\"667\" \/>\n\t<meta property=\"og:image:type\" content=\"image\/jpeg\" \/>\n<meta name=\"twitter:card\" content=\"summary_large_image\" \/>\n<meta name=\"twitter:label1\" content=\"Est. reading time\" \/>\n\t<meta name=\"twitter:data1\" content=\"3 minutes\" \/>\n<script type=\"application\/ld+json\" class=\"yoast-schema-graph\">{\"@context\":\"https:\/\/schema.org\",\"@graph\":[{\"@type\":\"WebPage\",\"@id\":\"https:\/\/wns.uwr.edu.pl\/en\/science-and-research\/scientific-teams-at-the-faculty\/environmental-communication-in-the-context-of-global-threats\/\",\"url\":\"https:\/\/wns.uwr.edu.pl\/en\/science-and-research\/scientific-teams-at-the-faculty\/environmental-communication-in-the-context-of-global-threats\/\",\"name\":\"Environmental communication in the context of global threats - Faculty of Social Sciences\",\"isPartOf\":{\"@id\":\"https:\/\/wns.uwr.edu.pl\/en\/#website\"},\"primaryImageOfPage\":{\"@id\":\"https:\/\/wns.uwr.edu.pl\/en\/science-and-research\/scientific-teams-at-the-faculty\/environmental-communication-in-the-context-of-global-threats\/#primaryimage\"},\"image\":{\"@id\":\"https:\/\/wns.uwr.edu.pl\/en\/science-and-research\/scientific-teams-at-the-faculty\/environmental-communication-in-the-context-of-global-threats\/#primaryimage\"},\"thumbnailUrl\":\"https:\/\/wns.uwr.edu.pl\/wp-content\/uploads\/sites\/279\/2022\/07\/bg-pexels-photo-24873-20190718105557_2019-10-23_11-16-15.jpg\",\"datePublished\":\"2023-07-14T18:16:16+00:00\",\"dateModified\":\"2023-07-14T18:17:36+00:00\",\"breadcrumb\":{\"@id\":\"https:\/\/wns.uwr.edu.pl\/en\/science-and-research\/scientific-teams-at-the-faculty\/environmental-communication-in-the-context-of-global-threats\/#breadcrumb\"},\"inLanguage\":\"en-US\",\"potentialAction\":[{\"@type\":\"ReadAction\",\"target\":[\"https:\/\/wns.uwr.edu.pl\/en\/science-and-research\/scientific-teams-at-the-faculty\/environmental-communication-in-the-context-of-global-threats\/\"]}]},{\"@type\":\"ImageObject\",\"inLanguage\":\"en-US\",\"@id\":\"https:\/\/wns.uwr.edu.pl\/en\/science-and-research\/scientific-teams-at-the-faculty\/environmental-communication-in-the-context-of-global-threats\/#primaryimage\",\"url\":\"https:\/\/wns.uwr.edu.pl\/wp-content\/uploads\/sites\/279\/2022\/07\/bg-pexels-photo-24873-20190718105557_2019-10-23_11-16-15.jpg\",\"contentUrl\":\"https:\/\/wns.uwr.edu.pl\/wp-content\/uploads\/sites\/279\/2022\/07\/bg-pexels-photo-24873-20190718105557_2019-10-23_11-16-15.jpg\",\"width\":1000,\"height\":667,\"caption\":\"Ksi\u0105\u017cki na p\u00f3\u0142ce w bibliotece\"},{\"@type\":\"BreadcrumbList\",\"@id\":\"https:\/\/wns.uwr.edu.pl\/en\/science-and-research\/scientific-teams-at-the-faculty\/environmental-communication-in-the-context-of-global-threats\/#breadcrumb\",\"itemListElement\":[{\"@type\":\"ListItem\",\"position\":1,\"name\":\"Strona g\u0142\u00f3wna\",\"item\":\"https:\/\/wns.uwr.edu.pl\/en\/\"},{\"@type\":\"ListItem\",\"position\":2,\"name\":\"Science and research\",\"item\":\"https:\/\/wns.uwr.edu.pl\/en\/science-and-research\/\"},{\"@type\":\"ListItem\",\"position\":3,\"name\":\"Scientific Teams at the Faculty\",\"item\":\"https:\/\/wns.uwr.edu.pl\/en\/science-and-research\/scientific-teams-at-the-faculty\/\"},{\"@type\":\"ListItem\",\"position\":4,\"name\":\"Environmental communication in the context of global threats\"}]},{\"@type\":\"WebSite\",\"@id\":\"https:\/\/wns.uwr.edu.pl\/en\/#website\",\"url\":\"https:\/\/wns.uwr.edu.pl\/en\/\",\"name\":\"Faculty of Social Sciences\",\"description\":\"Kolejna witryna sieci \u201eUWR Witryny\u201d\",\"publisher\":{\"@id\":\"https:\/\/wns.uwr.edu.pl\/en\/#organization\"},\"potentialAction\":[{\"@type\":\"SearchAction\",\"target\":{\"@type\":\"EntryPoint\",\"urlTemplate\":\"https:\/\/wns.uwr.edu.pl\/en\/?s={search_term_string}\"},\"query-input\":{\"@type\":\"PropertyValueSpecification\",\"valueRequired\":true,\"valueName\":\"search_term_string\"}}],\"inLanguage\":\"en-US\"},{\"@type\":\"Organization\",\"@id\":\"https:\/\/wns.uwr.edu.pl\/en\/#organization\",\"name\":\"Faculty of Social Sciences\",\"url\":\"https:\/\/wns.uwr.edu.pl\/en\/\",\"logo\":{\"@type\":\"ImageObject\",\"inLanguage\":\"en-US\",\"@id\":\"https:\/\/wns.uwr.edu.pl\/en\/#\/schema\/logo\/image\/\",\"url\":\"https:\/\/wns.uwr.edu.pl\/wp-content\/uploads\/sites\/279\/2025\/10\/UWr-logotyp-2025.png\",\"contentUrl\":\"https:\/\/wns.uwr.edu.pl\/wp-content\/uploads\/sites\/279\/2025\/10\/UWr-logotyp-2025.png\",\"width\":764,\"height\":269,\"caption\":\"Faculty of Social Sciences\"},\"image\":{\"@id\":\"https:\/\/wns.uwr.edu.pl\/en\/#\/schema\/logo\/image\/\"}}]}<\/script>\n<!-- \/ Yoast SEO plugin. -->","yoast_head_json":{"title":"Environmental communication in the context of global threats - Faculty of Social Sciences","robots":{"index":"index","follow":"follow","max-snippet":"max-snippet:-1","max-image-preview":"max-image-preview:large","max-video-preview":"max-video-preview:-1"},"canonical":"https:\/\/wns.uwr.edu.pl\/en\/science-and-research\/scientific-teams-at-the-faculty\/environmental-communication-in-the-context-of-global-threats\/","og_locale":"en_US","og_type":"article","og_title":"Environmental communication in the context of global threats - Faculty of Social Sciences","og_description":"Research theme: \u201cEnvironmental communication in the context of global threats&#8221; The research will cover the period of 2020-2022. That was a time of global threats which contributed to disturbance of the international order and forced so-called content \u201cpump-valves\u201d into the global discourse (Entman &amp; Usher, 2018). These could have significant effect on perception of climate [&hellip;]","og_url":"https:\/\/wns.uwr.edu.pl\/en\/science-and-research\/scientific-teams-at-the-faculty\/environmental-communication-in-the-context-of-global-threats\/","og_site_name":"Faculty of Social Sciences","article_modified_time":"2023-07-14T18:17:36+00:00","og_image":[{"width":1000,"height":667,"url":"https:\/\/wns.uwr.edu.pl\/wp-content\/uploads\/sites\/279\/2022\/07\/bg-pexels-photo-24873-20190718105557_2019-10-23_11-16-15.jpg","type":"image\/jpeg"}],"twitter_card":"summary_large_image","twitter_misc":{"Est. reading time":"3 minutes"},"schema":{"@context":"https:\/\/schema.org","@graph":[{"@type":"WebPage","@id":"https:\/\/wns.uwr.edu.pl\/en\/science-and-research\/scientific-teams-at-the-faculty\/environmental-communication-in-the-context-of-global-threats\/","url":"https:\/\/wns.uwr.edu.pl\/en\/science-and-research\/scientific-teams-at-the-faculty\/environmental-communication-in-the-context-of-global-threats\/","name":"Environmental communication in the context of global threats - Faculty of Social Sciences","isPartOf":{"@id":"https:\/\/wns.uwr.edu.pl\/en\/#website"},"primaryImageOfPage":{"@id":"https:\/\/wns.uwr.edu.pl\/en\/science-and-research\/scientific-teams-at-the-faculty\/environmental-communication-in-the-context-of-global-threats\/#primaryimage"},"image":{"@id":"https:\/\/wns.uwr.edu.pl\/en\/science-and-research\/scientific-teams-at-the-faculty\/environmental-communication-in-the-context-of-global-threats\/#primaryimage"},"thumbnailUrl":"https:\/\/wns.uwr.edu.pl\/wp-content\/uploads\/sites\/279\/2022\/07\/bg-pexels-photo-24873-20190718105557_2019-10-23_11-16-15.jpg","datePublished":"2023-07-14T18:16:16+00:00","dateModified":"2023-07-14T18:17:36+00:00","breadcrumb":{"@id":"https:\/\/wns.uwr.edu.pl\/en\/science-and-research\/scientific-teams-at-the-faculty\/environmental-communication-in-the-context-of-global-threats\/#breadcrumb"},"inLanguage":"en-US","potentialAction":[{"@type":"ReadAction","target":["https:\/\/wns.uwr.edu.pl\/en\/science-and-research\/scientific-teams-at-the-faculty\/environmental-communication-in-the-context-of-global-threats\/"]}]},{"@type":"ImageObject","inLanguage":"en-US","@id":"https:\/\/wns.uwr.edu.pl\/en\/science-and-research\/scientific-teams-at-the-faculty\/environmental-communication-in-the-context-of-global-threats\/#primaryimage","url":"https:\/\/wns.uwr.edu.pl\/wp-content\/uploads\/sites\/279\/2022\/07\/bg-pexels-photo-24873-20190718105557_2019-10-23_11-16-15.jpg","contentUrl":"https:\/\/wns.uwr.edu.pl\/wp-content\/uploads\/sites\/279\/2022\/07\/bg-pexels-photo-24873-20190718105557_2019-10-23_11-16-15.jpg","width":1000,"height":667,"caption":"Ksi\u0105\u017cki na p\u00f3\u0142ce w bibliotece"},{"@type":"BreadcrumbList","@id":"https:\/\/wns.uwr.edu.pl\/en\/science-and-research\/scientific-teams-at-the-faculty\/environmental-communication-in-the-context-of-global-threats\/#breadcrumb","itemListElement":[{"@type":"ListItem","position":1,"name":"Strona g\u0142\u00f3wna","item":"https:\/\/wns.uwr.edu.pl\/en\/"},{"@type":"ListItem","position":2,"name":"Science and research","item":"https:\/\/wns.uwr.edu.pl\/en\/science-and-research\/"},{"@type":"ListItem","position":3,"name":"Scientific Teams at the Faculty","item":"https:\/\/wns.uwr.edu.pl\/en\/science-and-research\/scientific-teams-at-the-faculty\/"},{"@type":"ListItem","position":4,"name":"Environmental communication in the context of global threats"}]},{"@type":"WebSite","@id":"https:\/\/wns.uwr.edu.pl\/en\/#website","url":"https:\/\/wns.uwr.edu.pl\/en\/","name":"Faculty of Social Sciences","description":"Kolejna witryna sieci \u201eUWR Witryny\u201d","publisher":{"@id":"https:\/\/wns.uwr.edu.pl\/en\/#organization"},"potentialAction":[{"@type":"SearchAction","target":{"@type":"EntryPoint","urlTemplate":"https:\/\/wns.uwr.edu.pl\/en\/?s={search_term_string}"},"query-input":{"@type":"PropertyValueSpecification","valueRequired":true,"valueName":"search_term_string"}}],"inLanguage":"en-US"},{"@type":"Organization","@id":"https:\/\/wns.uwr.edu.pl\/en\/#organization","name":"Faculty of Social Sciences","url":"https:\/\/wns.uwr.edu.pl\/en\/","logo":{"@type":"ImageObject","inLanguage":"en-US","@id":"https:\/\/wns.uwr.edu.pl\/en\/#\/schema\/logo\/image\/","url":"https:\/\/wns.uwr.edu.pl\/wp-content\/uploads\/sites\/279\/2025\/10\/UWr-logotyp-2025.png","contentUrl":"https:\/\/wns.uwr.edu.pl\/wp-content\/uploads\/sites\/279\/2025\/10\/UWr-logotyp-2025.png","width":764,"height":269,"caption":"Faculty of Social Sciences"},"image":{"@id":"https:\/\/wns.uwr.edu.pl\/en\/#\/schema\/logo\/image\/"}}]}},"publishpress_future_action":{"enabled":false,"date":"2026-04-15 00:16:51","action":"change-status","newStatus":"draft","terms":[],"taxonomy":"category","extraData":[]},"publishpress_future_workflow_manual_trigger":{"enabledWorkflows":[]},"_links":{"self":[{"href":"https:\/\/wns.uwr.edu.pl\/en\/wp-json\/wp\/v2\/pages\/54077\/"}],"collection":[{"href":"https:\/\/wns.uwr.edu.pl\/en\/wp-json\/wp\/v2\/pages\/"}],"about":[{"href":"https:\/\/wns.uwr.edu.pl\/en\/wp-json\/wp\/v2\/types\/page\/"}],"author":[{"embeddable":true,"href":"https:\/\/wns.uwr.edu.pl\/en\/wp-json\/wp\/v2\/users\/2235\/"}],"replies":[{"embeddable":true,"href":"https:\/\/wns.uwr.edu.pl\/en\/wp-json\/wp\/v2\/comments\/?post=54077"}],"version-history":[{"count":1,"href":"https:\/\/wns.uwr.edu.pl\/en\/wp-json\/wp\/v2\/pages\/54077\/revisions\/"}],"predecessor-version":[{"id":54080,"href":"https:\/\/wns.uwr.edu.pl\/en\/wp-json\/wp\/v2\/pages\/54077\/revisions\/54080\/"}],"up":[{"embeddable":true,"href":"https:\/\/wns.uwr.edu.pl\/en\/wp-json\/wp\/v2\/pages\/54065\/"}],"wp:featuredmedia":[{"embeddable":true,"href":"https:\/\/wns.uwr.edu.pl\/en\/wp-json\/wp\/v2\/media\/26877\/"}],"wp:attachment":[{"href":"https:\/\/wns.uwr.edu.pl\/en\/wp-json\/wp\/v2\/media\/?parent=54077"}],"wp:term":[{"taxonomy":"category","embeddable":true,"href":"https:\/\/wns.uwr.edu.pl\/en\/wp-json\/wp\/v2\/categories\/?post=54077"},{"taxonomy":"post_tag","embeddable":true,"href":"https:\/\/wns.uwr.edu.pl\/en\/wp-json\/wp\/v2\/tags\/?post=54077"}],"curies":[{"name":"wp","href":"https:\/\/api.w.org\/{rel}","templated":true}]}}