{"id":54095,"date":"2023-07-14T20:32:16","date_gmt":"2023-07-14T18:32:16","guid":{"rendered":"https:\/\/wns.uwr.edu.pl\/?page_id=54095"},"modified":"2023-07-14T20:32:27","modified_gmt":"2023-07-14T18:32:27","slug":"democratic-strategies-with-respect-to-political-challenges-of-the-era-of-sudden-changes-of-the-planetary-ecosystem","status":"publish","type":"page","link":"https:\/\/wns.uwr.edu.pl\/en\/science-and-research\/scientific-teams-at-the-faculty\/democratic-strategies-with-respect-to-political-challenges-of-the-era-of-sudden-changes-of-the-planetary-ecosystem\/","title":{"rendered":"Democratic strategies with respect to political challenges of the era of sudden changes of the planetary (eco)system"},"content":{"rendered":"\n<div class=\"wp-block-ugb-container ugb-container blok_nowa_podstrona ugb-8dda971 ugb-container--v2 ugb-container--design-plain ugb-main-block\"><div class=\"ugb-inner-block\"><div class=\"ugb-block-content\"><div class=\"ugb-container__wrapper ugb-8dda971-wrapper\"><div class=\"ugb-container__side\"><div class=\"ugb-container__content-wrapper ugb-8dda971-content-wrapper\">\n<div class=\"wp-block-columns bs-news-page is-layout-flex wp-block-columns-is-layout-flex\">\n<div class=\"wp-block-column bs-contact-right-column is-layout-flow wp-block-column-is-layout-flow\">\n<div class=\"wp-block-bonasoft-modular-breadcrumbs-block\"><div class=\"bs_add_breadcrumb_trail\"><\/div><\/div>\n\n\n\n<hr class=\"wp-block-separator has-text-color has-black-color has-css-opacity has-black-background-color has-background is-style-wide bs-border-kontakt\"\/>\n\n\n\n<h2 class=\"wp-block-heading\"><strong><strong><strong>Research theme: \u201cDemocratic strategies with respect to political challenges of the era of sudden changes of the planetary (eco)system&#8221;<\/strong><\/strong> <\/strong><\/h2>\n\n\n\n<p>Like no other challenge of the modern world, climate change combines a range of problems related to the social and political organisation of the world and societies on one hand, and the philosophical and ideological aspect of its justifications and criticism on the other. The recent decades witnessed a confrontation of two strategies of democratisation of decision-making processes: the agonistic perspective based on conflict and hegemonic fight vs. the deliberative perspective associated with rational consensus. In reality, those seemingly contradictory tendencies are frequently reflected in a single entity or activity, and one of the most prominent examples of the recent years involves the most popular one among the new climate movements <em>Extinction Rebellion<\/em>. On one hand, XR activists oppose corrupt elites, while on the other \u2013 they demand organisation of deliberative climate panels. The impact of this movement can be seen in the European Union\u2019s climate programmes referring to <em>collaborative governance<\/em>, placing deliberatively developed climate contracts at the core of the transformation. Thus generated tensions give us a chance to analyse the theory and practice of various forms of democratic politics, but also to explore mutual relations and potential synergies of those paradigms \u2013 searching for new forms of democratic response to consequences of the climate crises.<\/p>\n\n\n\n<p>By creating an interdisciplinary research team covering a range of themes from philosophical considerations to theory of politics to empirical study of societies, discourses and political systems, we focus on three objectives: <strong>integration<\/strong>, that is mutual exploration of our research areas and specialisations in order to commence cooperation and to apply one another\u2019s research in their analysis and interpretation; <strong>synergy <\/strong>in mutual inspiration to discover and fill new research gaps in the subjects we explore; and <strong>implementation <\/strong>by striking international cooperation, development of grant applications, as well as encouraging scientific discussion about the Anthropocene I the entire scientific community of the Faculty. And even though this objective is listed last, it is not the least important! The research team\u2019s work shall involve organisation of open seminars, cyclical <em>reading groups<\/em>, and in a longer perspective, also development of a proposition of elective courses or course packages. We realise that the significance of Anthropocene \u2013 its politics and political nature \u2013 will only grow. Our Faculty should be a leading in understanding of these problems and preparing future generations to cope with the upcoming challenges.<\/p>\n\n\n\n<p>This is the purpose of establishment of the Team Researching the Political Nature of the Anthropocene, including: <strong>Anna Cichecka <\/strong>(Institute of Sociology), <strong>Katarzyna Domaga\u0142a<\/strong> (Institute of Political Science), <strong>Urszula Lisowska <\/strong>(Institute of Philosophy), <strong>Karol Morawski <\/strong>(Institute of Philosophy), <strong>Julia Trzci\u0144ska <\/strong>(Institute of Political Science), <strong>Wojciech Ufel <\/strong>(Institute of Political Science), and <strong>Mateusz Zieli\u0144ski <\/strong>(Institute of Political Science).<\/p>\n\n\n\n<p><\/p>\n\n\n\n<p><\/p>\n\n\n\n<p><\/p>\n\n\n\n<p><\/p>\n\n\n\n<p><\/p>\n\n\n\n<p><\/p>\n\n\n\n<p><\/p>\n\n\n\n<p><\/p>\n\n\n\n<p><\/p>\n<\/div>\n\n\n\n<div class=\"wp-block-column bs-kontakt-photo is-layout-flow wp-block-column-is-layout-flow\">\n<figure class=\"wp-block-image size-full\"><img decoding=\"async\" src=\"https:\/\/wns.uwr.edu.pl\/wp-content\/uploads\/sites\/279\/2022\/07\/bg-pexels-photo-24873-20190718105557_2019-10-23_11-16-15.jpg\" alt=\"studia\" class=\"wp-image-25822\"\/><\/figure>\n<\/div>\n<\/div>\n<\/div><\/div><\/div><\/div><\/div><\/div>\n","protected":false},"excerpt":{"rendered":"<p>Research theme: \u201cDemocratic strategies with respect to political challenges of the era of sudden changes of the planetary (eco)system&#8221; Like no other challenge of the modern world, climate change combines a range of problems related to the social and political organisation of the world and societies on one hand, and the philosophical and ideological aspect [&hellip;]<\/p>\n","protected":false},"author":2235,"featured_media":26877,"parent":54065,"menu_order":0,"comment_status":"closed","ping_status":"closed","template":"","meta":{"_acf_changed":false,"inline_featured_image":false,"site-sidebar-layout":"default","site-content-layout":"","ast-site-content-layout":"default","site-content-style":"default","site-sidebar-style":"default","ast-global-header-display":"","ast-banner-title-visibility":"","ast-main-header-display":"","ast-hfb-above-header-display":"","ast-hfb-below-header-display":"","ast-hfb-mobile-header-display":"","site-post-title":"","ast-breadcrumbs-content":"","ast-featured-img":"","footer-sml-layout":"","ast-disable-related-posts":"","theme-transparent-header-meta":"","adv-header-id-meta":"","stick-header-meta":"","header-above-stick-meta":"","header-main-stick-meta":"","header-below-stick-meta":"","astra-migrate-meta-layouts":"default","ast-page-background-enabled":"default","ast-page-background-meta":{"desktop":{"background-color":"","background-image":"","background-repeat":"repeat","background-position":"center center","background-size":"auto","background-attachment":"scroll","background-type":"","background-media":"","overlay-type":"","overlay-color":"","overlay-opacity":"","overlay-gradient":""},"tablet":{"background-color":"","background-image":"","background-repeat":"repeat","background-position":"center center","background-size":"auto","background-attachment":"scroll","background-type":"","background-media":"","overlay-type":"","overlay-color":"","overlay-opacity":"","overlay-gradient":""},"mobile":{"background-color":"","background-image":"","background-repeat":"repeat","background-position":"center center","background-size":"auto","background-attachment":"scroll","background-type":"","background-media":"","overlay-type":"","overlay-color":"","overlay-opacity":"","overlay-gradient":""}},"ast-content-background-meta":{"desktop":{"background-color":"var(--ast-global-color-5)","background-image":"","background-repeat":"repeat","background-position":"center center","background-size":"auto","background-attachment":"scroll","background-type":"","background-media":"","overlay-type":"","overlay-color":"","overlay-opacity":"","overlay-gradient":""},"tablet":{"background-color":"var(--ast-global-color-5)","background-image":"","background-repeat":"repeat","background-position":"center center","background-size":"auto","background-attachment":"scroll","background-type":"","background-media":"","overlay-type":"","overlay-color":"","overlay-opacity":"","overlay-gradient":""},"mobile":{"background-color":"var(--ast-global-color-5)","background-image":"","background-repeat":"repeat","background-position":"center center","background-size":"auto","background-attachment":"scroll","background-type":"","background-media":"","overlay-type":"","overlay-color":"","overlay-opacity":"","overlay-gradient":""}},"footnotes":""},"categories":[],"tags":[],"class_list":["post-54095","page","type-page","status-publish","has-post-thumbnail","hentry"],"featured_image_urls_v2":{"full":["https:\/\/wns.uwr.edu.pl\/wp-content\/uploads\/sites\/279\/2022\/07\/bg-pexels-photo-24873-20190718105557_2019-10-23_11-16-15.jpg",1000,667,false],"thumbnail":["https:\/\/wns.uwr.edu.pl\/wp-content\/uploads\/sites\/279\/2022\/07\/bg-pexels-photo-24873-20190718105557_2019-10-23_11-16-15-150x150.jpg",150,150,true],"medium":["https:\/\/wns.uwr.edu.pl\/wp-content\/uploads\/sites\/279\/2022\/07\/bg-pexels-photo-24873-20190718105557_2019-10-23_11-16-15-300x200.jpg",300,200,true],"medium_large":["https:\/\/wns.uwr.edu.pl\/wp-content\/uploads\/sites\/279\/2022\/07\/bg-pexels-photo-24873-20190718105557_2019-10-23_11-16-15-768x512.jpg",768,512,true],"large":["https:\/\/wns.uwr.edu.pl\/wp-content\/uploads\/sites\/279\/2022\/07\/bg-pexels-photo-24873-20190718105557_2019-10-23_11-16-15.jpg",1000,667,false],"1536x1536":["https:\/\/wns.uwr.edu.pl\/wp-content\/uploads\/sites\/279\/2022\/07\/bg-pexels-photo-24873-20190718105557_2019-10-23_11-16-15.jpg",1000,667,false],"2048x2048":["https:\/\/wns.uwr.edu.pl\/wp-content\/uploads\/sites\/279\/2022\/07\/bg-pexels-photo-24873-20190718105557_2019-10-23_11-16-15.jpg",1000,667,false],"menu-24x24":["https:\/\/wns.uwr.edu.pl\/wp-content\/uploads\/sites\/279\/2022\/07\/bg-pexels-photo-24873-20190718105557_2019-10-23_11-16-15-24x16.jpg",24,16,true],"menu-36x36":["https:\/\/wns.uwr.edu.pl\/wp-content\/uploads\/sites\/279\/2022\/07\/bg-pexels-photo-24873-20190718105557_2019-10-23_11-16-15-36x24.jpg",36,24,true],"menu-48x48":["https:\/\/wns.uwr.edu.pl\/wp-content\/uploads\/sites\/279\/2022\/07\/bg-pexels-photo-24873-20190718105557_2019-10-23_11-16-15-48x32.jpg",48,32,true]},"post_excerpt_stackable_v2":"<p>Research theme: \u201cDemocratic strategies with respect to political challenges of the era of sudden changes of the planetary (eco)system&#8221; Like no other challenge of the modern world, climate change combines a range of problems related to the social and political organisation of the world and societies on one hand, and the philosophical and ideological aspect of its justifications and criticism on the other. The recent decades witnessed a confrontation of two strategies of democratisation of decision-making processes: the agonistic perspective based on conflict and hegemonic fight vs. the deliberative perspective associated with rational consensus. In reality, those seemingly contradictory tendencies&hellip;<\/p>\n","category_list_v2":"Uncategorized","author_info_v2":{"name":"kzalaskaminska","url":"https:\/\/wns.uwr.edu.pl\/en\/author\/kzalaskaminska\/"},"comments_num_v2":"0 comments","acf":[],"yoast_head":"<!-- This site is optimized with the Yoast SEO plugin v27.1.1 - https:\/\/yoast.com\/product\/yoast-seo-wordpress\/ -->\n<title>Democratic strategies with respect to political challenges of the era of sudden changes of the planetary (eco)system - Faculty of Social Sciences<\/title>\n<meta name=\"robots\" content=\"index, follow, max-snippet:-1, max-image-preview:large, max-video-preview:-1\" \/>\n<link rel=\"canonical\" href=\"https:\/\/wns.uwr.edu.pl\/en\/science-and-research\/scientific-teams-at-the-faculty\/democratic-strategies-with-respect-to-political-challenges-of-the-era-of-sudden-changes-of-the-planetary-ecosystem\/\" \/>\n<meta property=\"og:locale\" content=\"en_US\" \/>\n<meta property=\"og:type\" content=\"article\" \/>\n<meta property=\"og:title\" content=\"Democratic strategies with respect to political challenges of the era of sudden changes of the planetary (eco)system - Faculty of Social Sciences\" \/>\n<meta property=\"og:description\" content=\"Research theme: \u201cDemocratic strategies with respect to political challenges of the era of sudden changes of the planetary (eco)system&#8221; Like no other challenge of the modern world, climate change combines a range of problems related to the social and political organisation of the world and societies on one hand, and the philosophical and ideological aspect [&hellip;]\" \/>\n<meta property=\"og:url\" content=\"https:\/\/wns.uwr.edu.pl\/en\/science-and-research\/scientific-teams-at-the-faculty\/democratic-strategies-with-respect-to-political-challenges-of-the-era-of-sudden-changes-of-the-planetary-ecosystem\/\" \/>\n<meta property=\"og:site_name\" content=\"Faculty of Social Sciences\" \/>\n<meta property=\"article:modified_time\" content=\"2023-07-14T18:32:27+00:00\" \/>\n<meta property=\"og:image\" content=\"https:\/\/wns.uwr.edu.pl\/wp-content\/uploads\/sites\/279\/2022\/07\/bg-pexels-photo-24873-20190718105557_2019-10-23_11-16-15.jpg\" \/>\n\t<meta property=\"og:image:width\" content=\"1000\" \/>\n\t<meta property=\"og:image:height\" content=\"667\" \/>\n\t<meta property=\"og:image:type\" content=\"image\/jpeg\" \/>\n<meta name=\"twitter:card\" content=\"summary_large_image\" \/>\n<meta name=\"twitter:label1\" content=\"Est. reading time\" \/>\n\t<meta name=\"twitter:data1\" content=\"3 minutes\" \/>\n<script type=\"application\/ld+json\" class=\"yoast-schema-graph\">{\"@context\":\"https:\/\/schema.org\",\"@graph\":[{\"@type\":\"WebPage\",\"@id\":\"https:\/\/wns.uwr.edu.pl\/en\/science-and-research\/scientific-teams-at-the-faculty\/democratic-strategies-with-respect-to-political-challenges-of-the-era-of-sudden-changes-of-the-planetary-ecosystem\/\",\"url\":\"https:\/\/wns.uwr.edu.pl\/en\/science-and-research\/scientific-teams-at-the-faculty\/democratic-strategies-with-respect-to-political-challenges-of-the-era-of-sudden-changes-of-the-planetary-ecosystem\/\",\"name\":\"Democratic strategies with respect to political challenges of the era of sudden changes of the planetary (eco)system - Faculty of Social Sciences\",\"isPartOf\":{\"@id\":\"https:\/\/wns.uwr.edu.pl\/en\/#website\"},\"primaryImageOfPage\":{\"@id\":\"https:\/\/wns.uwr.edu.pl\/en\/science-and-research\/scientific-teams-at-the-faculty\/democratic-strategies-with-respect-to-political-challenges-of-the-era-of-sudden-changes-of-the-planetary-ecosystem\/#primaryimage\"},\"image\":{\"@id\":\"https:\/\/wns.uwr.edu.pl\/en\/science-and-research\/scientific-teams-at-the-faculty\/democratic-strategies-with-respect-to-political-challenges-of-the-era-of-sudden-changes-of-the-planetary-ecosystem\/#primaryimage\"},\"thumbnailUrl\":\"https:\/\/wns.uwr.edu.pl\/wp-content\/uploads\/sites\/279\/2022\/07\/bg-pexels-photo-24873-20190718105557_2019-10-23_11-16-15.jpg\",\"datePublished\":\"2023-07-14T18:32:16+00:00\",\"dateModified\":\"2023-07-14T18:32:27+00:00\",\"breadcrumb\":{\"@id\":\"https:\/\/wns.uwr.edu.pl\/en\/science-and-research\/scientific-teams-at-the-faculty\/democratic-strategies-with-respect-to-political-challenges-of-the-era-of-sudden-changes-of-the-planetary-ecosystem\/#breadcrumb\"},\"inLanguage\":\"en-US\",\"potentialAction\":[{\"@type\":\"ReadAction\",\"target\":[\"https:\/\/wns.uwr.edu.pl\/en\/science-and-research\/scientific-teams-at-the-faculty\/democratic-strategies-with-respect-to-political-challenges-of-the-era-of-sudden-changes-of-the-planetary-ecosystem\/\"]}]},{\"@type\":\"ImageObject\",\"inLanguage\":\"en-US\",\"@id\":\"https:\/\/wns.uwr.edu.pl\/en\/science-and-research\/scientific-teams-at-the-faculty\/democratic-strategies-with-respect-to-political-challenges-of-the-era-of-sudden-changes-of-the-planetary-ecosystem\/#primaryimage\",\"url\":\"https:\/\/wns.uwr.edu.pl\/wp-content\/uploads\/sites\/279\/2022\/07\/bg-pexels-photo-24873-20190718105557_2019-10-23_11-16-15.jpg\",\"contentUrl\":\"https:\/\/wns.uwr.edu.pl\/wp-content\/uploads\/sites\/279\/2022\/07\/bg-pexels-photo-24873-20190718105557_2019-10-23_11-16-15.jpg\",\"width\":1000,\"height\":667,\"caption\":\"Ksi\u0105\u017cki na p\u00f3\u0142ce w bibliotece\"},{\"@type\":\"BreadcrumbList\",\"@id\":\"https:\/\/wns.uwr.edu.pl\/en\/science-and-research\/scientific-teams-at-the-faculty\/democratic-strategies-with-respect-to-political-challenges-of-the-era-of-sudden-changes-of-the-planetary-ecosystem\/#breadcrumb\",\"itemListElement\":[{\"@type\":\"ListItem\",\"position\":1,\"name\":\"Strona g\u0142\u00f3wna\",\"item\":\"https:\/\/wns.uwr.edu.pl\/en\/\"},{\"@type\":\"ListItem\",\"position\":2,\"name\":\"Science and research\",\"item\":\"https:\/\/wns.uwr.edu.pl\/en\/science-and-research\/\"},{\"@type\":\"ListItem\",\"position\":3,\"name\":\"Scientific Teams at the Faculty\",\"item\":\"https:\/\/wns.uwr.edu.pl\/en\/science-and-research\/scientific-teams-at-the-faculty\/\"},{\"@type\":\"ListItem\",\"position\":4,\"name\":\"Democratic strategies with respect to political challenges of the era of sudden changes of the planetary (eco)system\"}]},{\"@type\":\"WebSite\",\"@id\":\"https:\/\/wns.uwr.edu.pl\/en\/#website\",\"url\":\"https:\/\/wns.uwr.edu.pl\/en\/\",\"name\":\"Faculty of Social Sciences\",\"description\":\"Kolejna witryna sieci \u201eUWR Witryny\u201d\",\"publisher\":{\"@id\":\"https:\/\/wns.uwr.edu.pl\/en\/#organization\"},\"potentialAction\":[{\"@type\":\"SearchAction\",\"target\":{\"@type\":\"EntryPoint\",\"urlTemplate\":\"https:\/\/wns.uwr.edu.pl\/en\/?s={search_term_string}\"},\"query-input\":{\"@type\":\"PropertyValueSpecification\",\"valueRequired\":true,\"valueName\":\"search_term_string\"}}],\"inLanguage\":\"en-US\"},{\"@type\":\"Organization\",\"@id\":\"https:\/\/wns.uwr.edu.pl\/en\/#organization\",\"name\":\"Faculty of Social Sciences\",\"url\":\"https:\/\/wns.uwr.edu.pl\/en\/\",\"logo\":{\"@type\":\"ImageObject\",\"inLanguage\":\"en-US\",\"@id\":\"https:\/\/wns.uwr.edu.pl\/en\/#\/schema\/logo\/image\/\",\"url\":\"https:\/\/wns.uwr.edu.pl\/wp-content\/uploads\/sites\/279\/2025\/10\/UWr-logotyp-2025.png\",\"contentUrl\":\"https:\/\/wns.uwr.edu.pl\/wp-content\/uploads\/sites\/279\/2025\/10\/UWr-logotyp-2025.png\",\"width\":764,\"height\":269,\"caption\":\"Faculty of Social Sciences\"},\"image\":{\"@id\":\"https:\/\/wns.uwr.edu.pl\/en\/#\/schema\/logo\/image\/\"}}]}<\/script>\n<!-- \/ Yoast SEO plugin. -->","yoast_head_json":{"title":"Democratic strategies with respect to political challenges of the era of sudden changes of the planetary (eco)system - Faculty of Social Sciences","robots":{"index":"index","follow":"follow","max-snippet":"max-snippet:-1","max-image-preview":"max-image-preview:large","max-video-preview":"max-video-preview:-1"},"canonical":"https:\/\/wns.uwr.edu.pl\/en\/science-and-research\/scientific-teams-at-the-faculty\/democratic-strategies-with-respect-to-political-challenges-of-the-era-of-sudden-changes-of-the-planetary-ecosystem\/","og_locale":"en_US","og_type":"article","og_title":"Democratic strategies with respect to political challenges of the era of sudden changes of the planetary (eco)system - Faculty of Social Sciences","og_description":"Research theme: \u201cDemocratic strategies with respect to political challenges of the era of sudden changes of the planetary (eco)system&#8221; Like no other challenge of the modern world, climate change combines a range of problems related to the social and political organisation of the world and societies on one hand, and the philosophical and ideological aspect [&hellip;]","og_url":"https:\/\/wns.uwr.edu.pl\/en\/science-and-research\/scientific-teams-at-the-faculty\/democratic-strategies-with-respect-to-political-challenges-of-the-era-of-sudden-changes-of-the-planetary-ecosystem\/","og_site_name":"Faculty of Social Sciences","article_modified_time":"2023-07-14T18:32:27+00:00","og_image":[{"width":1000,"height":667,"url":"https:\/\/wns.uwr.edu.pl\/wp-content\/uploads\/sites\/279\/2022\/07\/bg-pexels-photo-24873-20190718105557_2019-10-23_11-16-15.jpg","type":"image\/jpeg"}],"twitter_card":"summary_large_image","twitter_misc":{"Est. reading time":"3 minutes"},"schema":{"@context":"https:\/\/schema.org","@graph":[{"@type":"WebPage","@id":"https:\/\/wns.uwr.edu.pl\/en\/science-and-research\/scientific-teams-at-the-faculty\/democratic-strategies-with-respect-to-political-challenges-of-the-era-of-sudden-changes-of-the-planetary-ecosystem\/","url":"https:\/\/wns.uwr.edu.pl\/en\/science-and-research\/scientific-teams-at-the-faculty\/democratic-strategies-with-respect-to-political-challenges-of-the-era-of-sudden-changes-of-the-planetary-ecosystem\/","name":"Democratic strategies with respect to political challenges of the era of sudden changes of the planetary (eco)system - Faculty of Social Sciences","isPartOf":{"@id":"https:\/\/wns.uwr.edu.pl\/en\/#website"},"primaryImageOfPage":{"@id":"https:\/\/wns.uwr.edu.pl\/en\/science-and-research\/scientific-teams-at-the-faculty\/democratic-strategies-with-respect-to-political-challenges-of-the-era-of-sudden-changes-of-the-planetary-ecosystem\/#primaryimage"},"image":{"@id":"https:\/\/wns.uwr.edu.pl\/en\/science-and-research\/scientific-teams-at-the-faculty\/democratic-strategies-with-respect-to-political-challenges-of-the-era-of-sudden-changes-of-the-planetary-ecosystem\/#primaryimage"},"thumbnailUrl":"https:\/\/wns.uwr.edu.pl\/wp-content\/uploads\/sites\/279\/2022\/07\/bg-pexels-photo-24873-20190718105557_2019-10-23_11-16-15.jpg","datePublished":"2023-07-14T18:32:16+00:00","dateModified":"2023-07-14T18:32:27+00:00","breadcrumb":{"@id":"https:\/\/wns.uwr.edu.pl\/en\/science-and-research\/scientific-teams-at-the-faculty\/democratic-strategies-with-respect-to-political-challenges-of-the-era-of-sudden-changes-of-the-planetary-ecosystem\/#breadcrumb"},"inLanguage":"en-US","potentialAction":[{"@type":"ReadAction","target":["https:\/\/wns.uwr.edu.pl\/en\/science-and-research\/scientific-teams-at-the-faculty\/democratic-strategies-with-respect-to-political-challenges-of-the-era-of-sudden-changes-of-the-planetary-ecosystem\/"]}]},{"@type":"ImageObject","inLanguage":"en-US","@id":"https:\/\/wns.uwr.edu.pl\/en\/science-and-research\/scientific-teams-at-the-faculty\/democratic-strategies-with-respect-to-political-challenges-of-the-era-of-sudden-changes-of-the-planetary-ecosystem\/#primaryimage","url":"https:\/\/wns.uwr.edu.pl\/wp-content\/uploads\/sites\/279\/2022\/07\/bg-pexels-photo-24873-20190718105557_2019-10-23_11-16-15.jpg","contentUrl":"https:\/\/wns.uwr.edu.pl\/wp-content\/uploads\/sites\/279\/2022\/07\/bg-pexels-photo-24873-20190718105557_2019-10-23_11-16-15.jpg","width":1000,"height":667,"caption":"Ksi\u0105\u017cki na p\u00f3\u0142ce w bibliotece"},{"@type":"BreadcrumbList","@id":"https:\/\/wns.uwr.edu.pl\/en\/science-and-research\/scientific-teams-at-the-faculty\/democratic-strategies-with-respect-to-political-challenges-of-the-era-of-sudden-changes-of-the-planetary-ecosystem\/#breadcrumb","itemListElement":[{"@type":"ListItem","position":1,"name":"Strona g\u0142\u00f3wna","item":"https:\/\/wns.uwr.edu.pl\/en\/"},{"@type":"ListItem","position":2,"name":"Science and research","item":"https:\/\/wns.uwr.edu.pl\/en\/science-and-research\/"},{"@type":"ListItem","position":3,"name":"Scientific Teams at the Faculty","item":"https:\/\/wns.uwr.edu.pl\/en\/science-and-research\/scientific-teams-at-the-faculty\/"},{"@type":"ListItem","position":4,"name":"Democratic strategies with respect to political challenges of the era of sudden changes of the planetary (eco)system"}]},{"@type":"WebSite","@id":"https:\/\/wns.uwr.edu.pl\/en\/#website","url":"https:\/\/wns.uwr.edu.pl\/en\/","name":"Faculty of Social Sciences","description":"Kolejna witryna sieci \u201eUWR Witryny\u201d","publisher":{"@id":"https:\/\/wns.uwr.edu.pl\/en\/#organization"},"potentialAction":[{"@type":"SearchAction","target":{"@type":"EntryPoint","urlTemplate":"https:\/\/wns.uwr.edu.pl\/en\/?s={search_term_string}"},"query-input":{"@type":"PropertyValueSpecification","valueRequired":true,"valueName":"search_term_string"}}],"inLanguage":"en-US"},{"@type":"Organization","@id":"https:\/\/wns.uwr.edu.pl\/en\/#organization","name":"Faculty of Social Sciences","url":"https:\/\/wns.uwr.edu.pl\/en\/","logo":{"@type":"ImageObject","inLanguage":"en-US","@id":"https:\/\/wns.uwr.edu.pl\/en\/#\/schema\/logo\/image\/","url":"https:\/\/wns.uwr.edu.pl\/wp-content\/uploads\/sites\/279\/2025\/10\/UWr-logotyp-2025.png","contentUrl":"https:\/\/wns.uwr.edu.pl\/wp-content\/uploads\/sites\/279\/2025\/10\/UWr-logotyp-2025.png","width":764,"height":269,"caption":"Faculty of Social Sciences"},"image":{"@id":"https:\/\/wns.uwr.edu.pl\/en\/#\/schema\/logo\/image\/"}}]}},"publishpress_future_action":{"enabled":false,"date":"2026-04-15 00:16:50","action":"change-status","newStatus":"draft","terms":[],"taxonomy":"category","extraData":[]},"publishpress_future_workflow_manual_trigger":{"enabledWorkflows":[]},"_links":{"self":[{"href":"https:\/\/wns.uwr.edu.pl\/en\/wp-json\/wp\/v2\/pages\/54095\/"}],"collection":[{"href":"https:\/\/wns.uwr.edu.pl\/en\/wp-json\/wp\/v2\/pages\/"}],"about":[{"href":"https:\/\/wns.uwr.edu.pl\/en\/wp-json\/wp\/v2\/types\/page\/"}],"author":[{"embeddable":true,"href":"https:\/\/wns.uwr.edu.pl\/en\/wp-json\/wp\/v2\/users\/2235\/"}],"replies":[{"embeddable":true,"href":"https:\/\/wns.uwr.edu.pl\/en\/wp-json\/wp\/v2\/comments\/?post=54095"}],"version-history":[{"count":1,"href":"https:\/\/wns.uwr.edu.pl\/en\/wp-json\/wp\/v2\/pages\/54095\/revisions\/"}],"predecessor-version":[{"id":54098,"href":"https:\/\/wns.uwr.edu.pl\/en\/wp-json\/wp\/v2\/pages\/54095\/revisions\/54098\/"}],"up":[{"embeddable":true,"href":"https:\/\/wns.uwr.edu.pl\/en\/wp-json\/wp\/v2\/pages\/54065\/"}],"wp:featuredmedia":[{"embeddable":true,"href":"https:\/\/wns.uwr.edu.pl\/en\/wp-json\/wp\/v2\/media\/26877\/"}],"wp:attachment":[{"href":"https:\/\/wns.uwr.edu.pl\/en\/wp-json\/wp\/v2\/media\/?parent=54095"}],"wp:term":[{"taxonomy":"category","embeddable":true,"href":"https:\/\/wns.uwr.edu.pl\/en\/wp-json\/wp\/v2\/categories\/?post=54095"},{"taxonomy":"post_tag","embeddable":true,"href":"https:\/\/wns.uwr.edu.pl\/en\/wp-json\/wp\/v2\/tags\/?post=54095"}],"curies":[{"name":"wp","href":"https:\/\/api.w.org\/{rel}","templated":true}]}}