{"id":60018,"date":"2024-02-06T21:39:38","date_gmt":"2024-02-06T20:39:38","guid":{"rendered":"https:\/\/wns.uwr.edu.pl\/?page_id=60018"},"modified":"2026-04-16T18:45:27","modified_gmt":"2026-04-16T16:45:27","slug":"jean-monnet-chair","status":"publish","type":"page","link":"https:\/\/wns.uwr.edu.pl\/en\/faculty\/jean-monnet-chair\/","title":{"rendered":"Jean Monnet Chair"},"content":{"rendered":"\n<div class=\"wp-block-ugb-container ugb-container blok_nowa_podstrona ugb-8dda971 ugb-container--v2 ugb-container--design-plain ugb-main-block\"><div class=\"ugb-inner-block\"><div class=\"ugb-block-content\"><div class=\"ugb-container__wrapper ugb-8dda971-wrapper\"><div class=\"ugb-container__side\"><div class=\"ugb-container__content-wrapper ugb-8dda971-content-wrapper\">\n<div class=\"wp-block-columns bs-news-page is-layout-flex wp-block-columns-is-layout-flex\">\n<div class=\"wp-block-column bs-contact-right-column is-layout-flow wp-block-column-is-layout-flow\">\n<div class=\"wp-block-bonasoft-modular-breadcrumbs-block\"><div class=\"bs_add_breadcrumb_trail\"><\/div><\/div>\n\n\n\n<hr class=\"wp-block-separator has-text-color has-black-color has-css-opacity has-black-background-color has-background is-style-wide bs-border-kontakt\"\/>\n\n\n\n<h2 class=\"wp-block-heading\"><strong>About the Jean Monnet Chair<\/strong><\/h2>\n\n\n\n<p>A Jean Monnet Chair is an EU-funded grant awarded to professors working on European Union studies. The research objective of the Jean Monnet Chair <em>\u201cReDemo\u201d<\/em>, established at the Faculty of Social Sciences of the University of Wroc\u0142aw, is to study representative democracy under conditions of crisis. In addition to conducting academic research in this area, the Chair also engages in teaching and outreach activities, stimulating public and academic debate on contemporary European and Polish politics.<\/p>\n\n\n\n<p>The Chair\u2019s team consists of staff members, doctoral candidates, and students from the Faculty of Social Sciences who conduct research within the Chair\u2019s thematic scope. The Chair is headed by Professor Aleksandra Maatsch, and its members include Professor Anna Pacze\u015bniak, Dr. Tomasz Wo\u017aniakowski, Dr. Ewa Strzelecka, Dr. Kinga Koranyi, Dr. Francesco Melito, Bastian K\u00fcntzel, dr Franciszek Tyszka, Zofia Brzozowiec oraz Jakub S\u0142awi\u0144ski.<\/p>\n\n\n\n<p>Contact: <a href=\"mailto:aleksandra.maatsch@uwr.edu.pl\">aleksandra.maatsch@uwr.edu.pl<\/a><\/p>\n\n\n<div class=\"bs__links\">\r\n    <div class=\"bs__links__section\">\r\n        <ul class=\"bs__links__list\">\r\n                            <li class=\"bs__links__list__item\">\r\n                    <a href=\"https:\/\/wns.uwr.edu.pl\/en\/faculty\/jean-monnet-chair\/news\/\" class=\"bs__links__list__item__link\">\r\n                        News \r\n                        <div class=\"bs__links__list__item__link__before__icon\">\r\n                            <div class=\"bs__links__list__item__link__icon\">\r\n                                <svg width=\"40px\" height=\"40px\" viewBox=\"0 0 22 16\" version=\"1.1\">\r\n                                <g stroke=\"none\" strokeWidth=\"1\" fill=\"black\" fillRule=\"evenodd\">\r\n                                    <g>\r\n                                    <polygon points=\"13.4875 0 12 1.6215 18.7875 8 12 14.3795 13.4875 16 21.9995 8\" \/>\r\n                                    <\/g>\r\n                                <\/g>\r\n                                <\/svg>\r\n                            <\/div>\r\n                        <\/div>\r\n                    <\/a>\r\n                <li>\r\n                            <li class=\"bs__links__list__item\">\r\n                    <a href=\"https:\/\/wns.uwr.edu.pl\/en\/faculty\/jean-monnet-chair\/research-projects\/\" class=\"bs__links__list__item__link\">\r\n                        Research projects \r\n                        <div class=\"bs__links__list__item__link__before__icon\">\r\n                            <div class=\"bs__links__list__item__link__icon\">\r\n                                <svg width=\"40px\" height=\"40px\" viewBox=\"0 0 22 16\" version=\"1.1\">\r\n                                <g stroke=\"none\" strokeWidth=\"1\" fill=\"black\" fillRule=\"evenodd\">\r\n                                    <g>\r\n                                    <polygon points=\"13.4875 0 12 1.6215 18.7875 8 12 14.3795 13.4875 16 21.9995 8\" \/>\r\n                                    <\/g>\r\n                                <\/g>\r\n                                <\/svg>\r\n                            <\/div>\r\n                        <\/div>\r\n                    <\/a>\r\n                <li>\r\n                            <li class=\"bs__links__list__item\">\r\n                    <a href=\"https:\/\/wns.uwr.edu.pl\/en\/faculty\/jean-monnet-chair\/publications\/\" class=\"bs__links__list__item__link\">\r\n                        Publications \r\n                        <div class=\"bs__links__list__item__link__before__icon\">\r\n                            <div class=\"bs__links__list__item__link__icon\">\r\n                                <svg width=\"40px\" height=\"40px\" viewBox=\"0 0 22 16\" version=\"1.1\">\r\n                                <g stroke=\"none\" strokeWidth=\"1\" fill=\"black\" fillRule=\"evenodd\">\r\n                                    <g>\r\n                                    <polygon points=\"13.4875 0 12 1.6215 18.7875 8 12 14.3795 13.4875 16 21.9995 8\" \/>\r\n                                    <\/g>\r\n                                <\/g>\r\n                                <\/svg>\r\n                            <\/div>\r\n                        <\/div>\r\n                    <\/a>\r\n                <li>\r\n                            <li class=\"bs__links__list__item\">\r\n                    <a href=\"https:\/\/wns.uwr.edu.pl\/en\/faculty\/jean-monnet-chair\/team\/\" class=\"bs__links__list__item__link\">\r\n                        Team \r\n                        <div class=\"bs__links__list__item__link__before__icon\">\r\n                            <div class=\"bs__links__list__item__link__icon\">\r\n                                <svg width=\"40px\" height=\"40px\" viewBox=\"0 0 22 16\" version=\"1.1\">\r\n                                <g stroke=\"none\" strokeWidth=\"1\" fill=\"black\" fillRule=\"evenodd\">\r\n                                    <g>\r\n                                    <polygon points=\"13.4875 0 12 1.6215 18.7875 8 12 14.3795 13.4875 16 21.9995 8\" \/>\r\n                                    <\/g>\r\n                                <\/g>\r\n                                <\/svg>\r\n                            <\/div>\r\n                        <\/div>\r\n                    <\/a>\r\n                <li>\r\n                    <\/ul>\r\n    <\/div>\r\n<\/div><\/div>\n\n\n\n<div class=\"wp-block-column bs-kontakt-photo is-layout-flow wp-block-column-is-layout-flow\">\n<figure class=\"wp-block-image size-full\"><img loading=\"lazy\" decoding=\"async\" width=\"401\" height=\"601\" src=\"https:\/\/wns.uwr.edu.pl\/wp-content\/uploads\/sites\/279\/2025\/09\/Monnet.png\" alt=\"Jean Monnet\" class=\"wp-image-80665\" srcset=\"https:\/\/wns.uwr.edu.pl\/wp-content\/uploads\/sites\/279\/2025\/09\/Monnet.png 401w, https:\/\/wns.uwr.edu.pl\/wp-content\/uploads\/sites\/279\/2025\/09\/Monnet-200x300.png 200w, https:\/\/wns.uwr.edu.pl\/wp-content\/uploads\/sites\/279\/2025\/09\/Monnet-16x24.png 16w, https:\/\/wns.uwr.edu.pl\/wp-content\/uploads\/sites\/279\/2025\/09\/Monnet-24x36.png 24w, https:\/\/wns.uwr.edu.pl\/wp-content\/uploads\/sites\/279\/2025\/09\/Monnet-32x48.png 32w\" sizes=\"auto, (max-width: 401px) 100vw, 401px\" \/><\/figure>\n\n\n<div class=\"bs__links\">\r\n    <div class=\"bs__links__section\">\r\n        <ul class=\"bs__links__list\">\r\n                            <li class=\"bs__links__list__item\">\r\n                    <a href=\"https:\/\/redemo.eu\/pl\/title-page-polski\/\" class=\"bs__links__list__item__link\">\r\n                        Further information:  \r\n                        <div class=\"bs__links__list__item__link__before__icon\">\r\n                            <div class=\"bs__links__list__item__link__icon\">\r\n                                <svg width=\"40px\" height=\"40px\" viewBox=\"0 0 22 16\" version=\"1.1\">\r\n                                <g stroke=\"none\" strokeWidth=\"1\" fill=\"black\" fillRule=\"evenodd\">\r\n                                    <g>\r\n                                    <polygon points=\"13.4875 0 12 1.6215 18.7875 8 12 14.3795 13.4875 16 21.9995 8\" \/>\r\n                                    <\/g>\r\n                                <\/g>\r\n                                <\/svg>\r\n                            <\/div>\r\n                        <\/div>\r\n                    <\/a>\r\n                <li>\r\n                    <\/ul>\r\n    <\/div>\r\n<\/div><\/div>\n<\/div>\n<\/div><\/div><\/div><\/div><\/div><\/div>\n","protected":false},"excerpt":{"rendered":"<p>About the Jean Monnet Chair A Jean Monnet Chair is an EU-funded grant awarded to professors working on European Union studies. The research objective of the Jean Monnet Chair \u201cReDemo\u201d, established at the Faculty of Social Sciences of the University of Wroc\u0142aw, is to study representative democracy under conditions of crisis. In addition to conducting [&hellip;]<\/p>\n","protected":false},"author":2235,"featured_media":59337,"parent":47928,"menu_order":0,"comment_status":"closed","ping_status":"closed","template":"","meta":{"_acf_changed":false,"inline_featured_image":false,"site-sidebar-layout":"default","site-content-layout":"","ast-site-content-layout":"default","site-content-style":"default","site-sidebar-style":"default","ast-global-header-display":"","ast-banner-title-visibility":"","ast-main-header-display":"","ast-hfb-above-header-display":"","ast-hfb-below-header-display":"","ast-hfb-mobile-header-display":"","site-post-title":"","ast-breadcrumbs-content":"","ast-featured-img":"","footer-sml-layout":"","ast-disable-related-posts":"","theme-transparent-header-meta":"","adv-header-id-meta":"","stick-header-meta":"","header-above-stick-meta":"","header-main-stick-meta":"","header-below-stick-meta":"","astra-migrate-meta-layouts":"set","ast-page-background-enabled":"default","ast-page-background-meta":{"desktop":{"background-color":"","background-image":"","background-repeat":"repeat","background-position":"center center","background-size":"auto","background-attachment":"scroll","background-type":"","background-media":"","overlay-type":"","overlay-color":"","overlay-opacity":"","overlay-gradient":""},"tablet":{"background-color":"","background-image":"","background-repeat":"repeat","background-position":"center center","background-size":"auto","background-attachment":"scroll","background-type":"","background-media":"","overlay-type":"","overlay-color":"","overlay-opacity":"","overlay-gradient":""},"mobile":{"background-color":"","background-image":"","background-repeat":"repeat","background-position":"center center","background-size":"auto","background-attachment":"scroll","background-type":"","background-media":"","overlay-type":"","overlay-color":"","overlay-opacity":"","overlay-gradient":""}},"ast-content-background-meta":{"desktop":{"background-color":"var(--ast-global-color-5)","background-image":"","background-repeat":"repeat","background-position":"center center","background-size":"auto","background-attachment":"scroll","background-type":"","background-media":"","overlay-type":"","overlay-color":"","overlay-opacity":"","overlay-gradient":""},"tablet":{"background-color":"var(--ast-global-color-5)","background-image":"","background-repeat":"repeat","background-position":"center center","background-size":"auto","background-attachment":"scroll","background-type":"","background-media":"","overlay-type":"","overlay-color":"","overlay-opacity":"","overlay-gradient":""},"mobile":{"background-color":"var(--ast-global-color-5)","background-image":"","background-repeat":"repeat","background-position":"center center","background-size":"auto","background-attachment":"scroll","background-type":"","background-media":"","overlay-type":"","overlay-color":"","overlay-opacity":"","overlay-gradient":""}},"footnotes":""},"categories":[],"tags":[],"class_list":["post-60018","page","type-page","status-publish","has-post-thumbnail","hentry"],"featured_image_urls_v2":{"full":["https:\/\/wns.uwr.edu.pl\/wp-content\/uploads\/sites\/279\/2024\/01\/Photo-front-page-1.jpg",1223,904,false],"thumbnail":["https:\/\/wns.uwr.edu.pl\/wp-content\/uploads\/sites\/279\/2024\/01\/Photo-front-page-1-150x150.jpg",150,150,true],"medium":["https:\/\/wns.uwr.edu.pl\/wp-content\/uploads\/sites\/279\/2024\/01\/Photo-front-page-1-300x222.jpg",300,222,true],"medium_large":["https:\/\/wns.uwr.edu.pl\/wp-content\/uploads\/sites\/279\/2024\/01\/Photo-front-page-1-768x568.jpg",768,568,true],"large":["https:\/\/wns.uwr.edu.pl\/wp-content\/uploads\/sites\/279\/2024\/01\/Photo-front-page-1-1024x757.jpg",1024,757,true],"1536x1536":["https:\/\/wns.uwr.edu.pl\/wp-content\/uploads\/sites\/279\/2024\/01\/Photo-front-page-1.jpg",1223,904,false],"2048x2048":["https:\/\/wns.uwr.edu.pl\/wp-content\/uploads\/sites\/279\/2024\/01\/Photo-front-page-1.jpg",1223,904,false],"menu-24x24":["https:\/\/wns.uwr.edu.pl\/wp-content\/uploads\/sites\/279\/2024\/01\/Photo-front-page-1-24x18.jpg",24,18,true],"menu-36x36":["https:\/\/wns.uwr.edu.pl\/wp-content\/uploads\/sites\/279\/2024\/01\/Photo-front-page-1-36x27.jpg",36,27,true],"menu-48x48":["https:\/\/wns.uwr.edu.pl\/wp-content\/uploads\/sites\/279\/2024\/01\/Photo-front-page-1-48x35.jpg",48,35,true]},"post_excerpt_stackable_v2":"<p>About the Jean Monnet Chair A Jean Monnet Chair is an EU-funded grant awarded to professors working on European Union studies. The research objective of the Jean Monnet Chair \u201cReDemo\u201d, established at the Faculty of Social Sciences of the University of Wroc\u0142aw, is to study representative democracy under conditions of crisis. In addition to conducting academic research in this area, the Chair also engages in teaching and outreach activities, stimulating public and academic debate on contemporary European and Polish politics. The Chair\u2019s team consists of staff members, doctoral candidates, and students from the Faculty of Social Sciences who conduct research&hellip;<\/p>\n","category_list_v2":"Uncategorized","author_info_v2":{"name":"kzalaskaminska","url":"https:\/\/wns.uwr.edu.pl\/en\/author\/kzalaskaminska\/"},"comments_num_v2":"0 comments","acf":[],"yoast_head":"<!-- This site is optimized with the Yoast SEO plugin v27.1.1 - https:\/\/yoast.com\/product\/yoast-seo-wordpress\/ -->\n<title>Jean Monnet Chair - Faculty of Social Sciences<\/title>\n<meta name=\"robots\" content=\"index, follow, max-snippet:-1, max-image-preview:large, max-video-preview:-1\" \/>\n<link rel=\"canonical\" href=\"https:\/\/wns.uwr.edu.pl\/en\/faculty\/jean-monnet-chair\/\" \/>\n<meta property=\"og:locale\" content=\"en_US\" \/>\n<meta property=\"og:type\" content=\"article\" \/>\n<meta property=\"og:title\" content=\"Jean Monnet Chair - Faculty of Social Sciences\" \/>\n<meta property=\"og:description\" content=\"About the Jean Monnet Chair A Jean Monnet Chair is an EU-funded grant awarded to professors working on European Union studies. The research objective of the Jean Monnet Chair \u201cReDemo\u201d, established at the Faculty of Social Sciences of the University of Wroc\u0142aw, is to study representative democracy under conditions of crisis. In addition to conducting [&hellip;]\" \/>\n<meta property=\"og:url\" content=\"https:\/\/wns.uwr.edu.pl\/en\/faculty\/jean-monnet-chair\/\" \/>\n<meta property=\"og:site_name\" content=\"Faculty of Social Sciences\" \/>\n<meta property=\"article:modified_time\" content=\"2026-04-16T16:45:27+00:00\" \/>\n<meta property=\"og:image\" content=\"https:\/\/wns.uwr.edu.pl\/wp-content\/uploads\/sites\/279\/2024\/01\/Photo-front-page-1.jpg\" \/>\n\t<meta property=\"og:image:width\" content=\"1223\" \/>\n\t<meta property=\"og:image:height\" content=\"904\" \/>\n\t<meta property=\"og:image:type\" content=\"image\/jpeg\" \/>\n<meta name=\"twitter:card\" content=\"summary_large_image\" \/>\n<meta name=\"twitter:label1\" content=\"Est. reading time\" \/>\n\t<meta name=\"twitter:data1\" content=\"2 minutes\" \/>\n<script type=\"application\/ld+json\" class=\"yoast-schema-graph\">{\"@context\":\"https:\/\/schema.org\",\"@graph\":[{\"@type\":\"WebPage\",\"@id\":\"https:\/\/wns.uwr.edu.pl\/en\/faculty\/jean-monnet-chair\/\",\"url\":\"https:\/\/wns.uwr.edu.pl\/en\/faculty\/jean-monnet-chair\/\",\"name\":\"Jean Monnet Chair - Faculty of Social Sciences\",\"isPartOf\":{\"@id\":\"https:\/\/wns.uwr.edu.pl\/en\/#website\"},\"primaryImageOfPage\":{\"@id\":\"https:\/\/wns.uwr.edu.pl\/en\/faculty\/jean-monnet-chair\/#primaryimage\"},\"image\":{\"@id\":\"https:\/\/wns.uwr.edu.pl\/en\/faculty\/jean-monnet-chair\/#primaryimage\"},\"thumbnailUrl\":\"https:\/\/wns.uwr.edu.pl\/wp-content\/uploads\/sites\/279\/2024\/01\/Photo-front-page-1.jpg\",\"datePublished\":\"2024-02-06T20:39:38+00:00\",\"dateModified\":\"2026-04-16T16:45:27+00:00\",\"breadcrumb\":{\"@id\":\"https:\/\/wns.uwr.edu.pl\/en\/faculty\/jean-monnet-chair\/#breadcrumb\"},\"inLanguage\":\"en-US\",\"potentialAction\":[{\"@type\":\"ReadAction\",\"target\":[\"https:\/\/wns.uwr.edu.pl\/en\/faculty\/jean-monnet-chair\/\"]}]},{\"@type\":\"ImageObject\",\"inLanguage\":\"en-US\",\"@id\":\"https:\/\/wns.uwr.edu.pl\/en\/faculty\/jean-monnet-chair\/#primaryimage\",\"url\":\"https:\/\/wns.uwr.edu.pl\/wp-content\/uploads\/sites\/279\/2024\/01\/Photo-front-page-1.jpg\",\"contentUrl\":\"https:\/\/wns.uwr.edu.pl\/wp-content\/uploads\/sites\/279\/2024\/01\/Photo-front-page-1.jpg\",\"width\":1223,\"height\":904,\"caption\":\"Zesp\u00f3\u0142 Katedry Jeana Monneta\"},{\"@type\":\"BreadcrumbList\",\"@id\":\"https:\/\/wns.uwr.edu.pl\/en\/faculty\/jean-monnet-chair\/#breadcrumb\",\"itemListElement\":[{\"@type\":\"ListItem\",\"position\":1,\"name\":\"Strona g\u0142\u00f3wna\",\"item\":\"https:\/\/wns.uwr.edu.pl\/en\/\"},{\"@type\":\"ListItem\",\"position\":2,\"name\":\"Faculty\",\"item\":\"https:\/\/wns.uwr.edu.pl\/en\/faculty\/\"},{\"@type\":\"ListItem\",\"position\":3,\"name\":\"Jean Monnet Chair\"}]},{\"@type\":\"WebSite\",\"@id\":\"https:\/\/wns.uwr.edu.pl\/en\/#website\",\"url\":\"https:\/\/wns.uwr.edu.pl\/en\/\",\"name\":\"Faculty of Social Sciences\",\"description\":\"Kolejna witryna sieci \u201eUWR Witryny\u201d\",\"publisher\":{\"@id\":\"https:\/\/wns.uwr.edu.pl\/en\/#organization\"},\"potentialAction\":[{\"@type\":\"SearchAction\",\"target\":{\"@type\":\"EntryPoint\",\"urlTemplate\":\"https:\/\/wns.uwr.edu.pl\/en\/?s={search_term_string}\"},\"query-input\":{\"@type\":\"PropertyValueSpecification\",\"valueRequired\":true,\"valueName\":\"search_term_string\"}}],\"inLanguage\":\"en-US\"},{\"@type\":\"Organization\",\"@id\":\"https:\/\/wns.uwr.edu.pl\/en\/#organization\",\"name\":\"Faculty of Social Sciences\",\"url\":\"https:\/\/wns.uwr.edu.pl\/en\/\",\"logo\":{\"@type\":\"ImageObject\",\"inLanguage\":\"en-US\",\"@id\":\"https:\/\/wns.uwr.edu.pl\/en\/#\/schema\/logo\/image\/\",\"url\":\"https:\/\/wns.uwr.edu.pl\/wp-content\/uploads\/sites\/279\/2025\/10\/UWr-logotyp-2025.png\",\"contentUrl\":\"https:\/\/wns.uwr.edu.pl\/wp-content\/uploads\/sites\/279\/2025\/10\/UWr-logotyp-2025.png\",\"width\":764,\"height\":269,\"caption\":\"Faculty of Social Sciences\"},\"image\":{\"@id\":\"https:\/\/wns.uwr.edu.pl\/en\/#\/schema\/logo\/image\/\"}}]}<\/script>\n<!-- \/ Yoast SEO plugin. -->","yoast_head_json":{"title":"Jean Monnet Chair - Faculty of Social Sciences","robots":{"index":"index","follow":"follow","max-snippet":"max-snippet:-1","max-image-preview":"max-image-preview:large","max-video-preview":"max-video-preview:-1"},"canonical":"https:\/\/wns.uwr.edu.pl\/en\/faculty\/jean-monnet-chair\/","og_locale":"en_US","og_type":"article","og_title":"Jean Monnet Chair - Faculty of Social Sciences","og_description":"About the Jean Monnet Chair A Jean Monnet Chair is an EU-funded grant awarded to professors working on European Union studies. The research objective of the Jean Monnet Chair \u201cReDemo\u201d, established at the Faculty of Social Sciences of the University of Wroc\u0142aw, is to study representative democracy under conditions of crisis. In addition to conducting [&hellip;]","og_url":"https:\/\/wns.uwr.edu.pl\/en\/faculty\/jean-monnet-chair\/","og_site_name":"Faculty of Social Sciences","article_modified_time":"2026-04-16T16:45:27+00:00","og_image":[{"width":1223,"height":904,"url":"https:\/\/wns.uwr.edu.pl\/wp-content\/uploads\/sites\/279\/2024\/01\/Photo-front-page-1.jpg","type":"image\/jpeg"}],"twitter_card":"summary_large_image","twitter_misc":{"Est. reading time":"2 minutes"},"schema":{"@context":"https:\/\/schema.org","@graph":[{"@type":"WebPage","@id":"https:\/\/wns.uwr.edu.pl\/en\/faculty\/jean-monnet-chair\/","url":"https:\/\/wns.uwr.edu.pl\/en\/faculty\/jean-monnet-chair\/","name":"Jean Monnet Chair - Faculty of Social Sciences","isPartOf":{"@id":"https:\/\/wns.uwr.edu.pl\/en\/#website"},"primaryImageOfPage":{"@id":"https:\/\/wns.uwr.edu.pl\/en\/faculty\/jean-monnet-chair\/#primaryimage"},"image":{"@id":"https:\/\/wns.uwr.edu.pl\/en\/faculty\/jean-monnet-chair\/#primaryimage"},"thumbnailUrl":"https:\/\/wns.uwr.edu.pl\/wp-content\/uploads\/sites\/279\/2024\/01\/Photo-front-page-1.jpg","datePublished":"2024-02-06T20:39:38+00:00","dateModified":"2026-04-16T16:45:27+00:00","breadcrumb":{"@id":"https:\/\/wns.uwr.edu.pl\/en\/faculty\/jean-monnet-chair\/#breadcrumb"},"inLanguage":"en-US","potentialAction":[{"@type":"ReadAction","target":["https:\/\/wns.uwr.edu.pl\/en\/faculty\/jean-monnet-chair\/"]}]},{"@type":"ImageObject","inLanguage":"en-US","@id":"https:\/\/wns.uwr.edu.pl\/en\/faculty\/jean-monnet-chair\/#primaryimage","url":"https:\/\/wns.uwr.edu.pl\/wp-content\/uploads\/sites\/279\/2024\/01\/Photo-front-page-1.jpg","contentUrl":"https:\/\/wns.uwr.edu.pl\/wp-content\/uploads\/sites\/279\/2024\/01\/Photo-front-page-1.jpg","width":1223,"height":904,"caption":"Zesp\u00f3\u0142 Katedry Jeana Monneta"},{"@type":"BreadcrumbList","@id":"https:\/\/wns.uwr.edu.pl\/en\/faculty\/jean-monnet-chair\/#breadcrumb","itemListElement":[{"@type":"ListItem","position":1,"name":"Strona g\u0142\u00f3wna","item":"https:\/\/wns.uwr.edu.pl\/en\/"},{"@type":"ListItem","position":2,"name":"Faculty","item":"https:\/\/wns.uwr.edu.pl\/en\/faculty\/"},{"@type":"ListItem","position":3,"name":"Jean Monnet Chair"}]},{"@type":"WebSite","@id":"https:\/\/wns.uwr.edu.pl\/en\/#website","url":"https:\/\/wns.uwr.edu.pl\/en\/","name":"Faculty of Social Sciences","description":"Kolejna witryna sieci \u201eUWR Witryny\u201d","publisher":{"@id":"https:\/\/wns.uwr.edu.pl\/en\/#organization"},"potentialAction":[{"@type":"SearchAction","target":{"@type":"EntryPoint","urlTemplate":"https:\/\/wns.uwr.edu.pl\/en\/?s={search_term_string}"},"query-input":{"@type":"PropertyValueSpecification","valueRequired":true,"valueName":"search_term_string"}}],"inLanguage":"en-US"},{"@type":"Organization","@id":"https:\/\/wns.uwr.edu.pl\/en\/#organization","name":"Faculty of Social Sciences","url":"https:\/\/wns.uwr.edu.pl\/en\/","logo":{"@type":"ImageObject","inLanguage":"en-US","@id":"https:\/\/wns.uwr.edu.pl\/en\/#\/schema\/logo\/image\/","url":"https:\/\/wns.uwr.edu.pl\/wp-content\/uploads\/sites\/279\/2025\/10\/UWr-logotyp-2025.png","contentUrl":"https:\/\/wns.uwr.edu.pl\/wp-content\/uploads\/sites\/279\/2025\/10\/UWr-logotyp-2025.png","width":764,"height":269,"caption":"Faculty of Social Sciences"},"image":{"@id":"https:\/\/wns.uwr.edu.pl\/en\/#\/schema\/logo\/image\/"}}]}},"publishpress_future_action":{"enabled":false,"date":"2026-05-05 05:32:49","action":"change-status","newStatus":"draft","terms":[],"taxonomy":"category","extraData":[]},"publishpress_future_workflow_manual_trigger":{"enabledWorkflows":[]},"_links":{"self":[{"href":"https:\/\/wns.uwr.edu.pl\/en\/wp-json\/wp\/v2\/pages\/60018\/"}],"collection":[{"href":"https:\/\/wns.uwr.edu.pl\/en\/wp-json\/wp\/v2\/pages\/"}],"about":[{"href":"https:\/\/wns.uwr.edu.pl\/en\/wp-json\/wp\/v2\/types\/page\/"}],"author":[{"embeddable":true,"href":"https:\/\/wns.uwr.edu.pl\/en\/wp-json\/wp\/v2\/users\/2235\/"}],"replies":[{"embeddable":true,"href":"https:\/\/wns.uwr.edu.pl\/en\/wp-json\/wp\/v2\/comments\/?post=60018"}],"version-history":[{"count":10,"href":"https:\/\/wns.uwr.edu.pl\/en\/wp-json\/wp\/v2\/pages\/60018\/revisions\/"}],"predecessor-version":[{"id":87271,"href":"https:\/\/wns.uwr.edu.pl\/en\/wp-json\/wp\/v2\/pages\/60018\/revisions\/87271\/"}],"up":[{"embeddable":true,"href":"https:\/\/wns.uwr.edu.pl\/en\/wp-json\/wp\/v2\/pages\/47928\/"}],"wp:featuredmedia":[{"embeddable":true,"href":"https:\/\/wns.uwr.edu.pl\/en\/wp-json\/wp\/v2\/media\/59337\/"}],"wp:attachment":[{"href":"https:\/\/wns.uwr.edu.pl\/en\/wp-json\/wp\/v2\/media\/?parent=60018"}],"wp:term":[{"taxonomy":"category","embeddable":true,"href":"https:\/\/wns.uwr.edu.pl\/en\/wp-json\/wp\/v2\/categories\/?post=60018"},{"taxonomy":"post_tag","embeddable":true,"href":"https:\/\/wns.uwr.edu.pl\/en\/wp-json\/wp\/v2\/tags\/?post=60018"}],"curies":[{"name":"wp","href":"https:\/\/api.w.org\/{rel}","templated":true}]}}