{"id":73660,"date":"2025-01-20T09:55:26","date_gmt":"2025-01-20T08:55:26","guid":{"rendered":"https:\/\/wns.uwr.edu.pl\/?page_id=73660"},"modified":"2025-01-20T10:01:02","modified_gmt":"2025-01-20T09:01:02","slug":"faculty-committee-for-research-ethics","status":"publish","type":"page","link":"https:\/\/wns.uwr.edu.pl\/en\/faculty-committee-for-research-ethics\/","title":{"rendered":"Faculty Committee for Research Ethics\u00a0"},"content":{"rendered":"\n<div class=\"wp-block-ugb-container ugb-container blok_nowa_podstrona ugb-8dda971 ugb-container--v2 ugb-container--design-plain ugb-main-block\"><div class=\"ugb-inner-block\"><div class=\"ugb-block-content\"><div class=\"ugb-container__wrapper ugb-8dda971-wrapper\"><div class=\"ugb-container__side\"><div class=\"ugb-container__content-wrapper ugb-8dda971-content-wrapper\">\n<div class=\"wp-block-columns bs-news-page is-layout-flex wp-block-columns-is-layout-flex\">\n<div class=\"wp-block-column bs-contact-right-column is-layout-flow wp-block-column-is-layout-flow\">\n<div class=\"wp-block-bonasoft-modular-breadcrumbs-block\"><div class=\"bs_add_breadcrumb_trail\"><\/div><\/div>\n\n\n\n<hr class=\"wp-block-separator has-text-color has-black-color has-css-opacity has-black-background-color has-background is-style-wide bs-border-kontakt\"\/>\n\n\n\n<h1 class=\"wp-block-heading bs-naglowek-podstrony\"><strong>Faculty Committee for Research Ethics<\/strong><\/h1>\n\n\n\n<div class=\"inherit-container-width wp-block-group is-layout-constrained wp-block-group-is-layout-constrained\"><div class=\"wp-block-group__inner-container\">\n<p>In accordance with Regulation No. 50\/2022 of the Council of the Faculty of Social Sciences of the University of Wroc\u0142aw of 27 May 2022, the Faculty Committee for Research Ethics&nbsp; was appointed on 23 September 2024 for the period 2024\/2028. The members of the Committee are:<\/p>\n\n\n\n<ul class=\"wp-block-list\">\n<li>dr. hab. Przemys\u0142aw Mikiewicz,<\/li>\n<\/ul>\n\n\n\n<ul class=\"wp-block-list\">\n<li>dr. hab. Ma\u0142gorzata Michalewska-Pawlak prof. UWr.,<\/li>\n<\/ul>\n\n\n\n<ul class=\"wp-block-list\">\n<li>dr. hab. Julita Makaro prof. UWr. (chair)<\/li>\n<\/ul>\n\n\n\n<ul class=\"wp-block-list\">\n<li>dr. hab. Krzysztof Kociubi\u0144ski prof. UWr., dr. Zbigniew Pietrzak<\/li>\n<\/ul>\n\n\n\n<p>The Committee is an advisory body that supports faculty members in resolving ethical dilemmas related to the design and conduct of research involving people. The Committee, at the request of the persons concerned, gives its opinions on research projects and\u00a0 certificates (as a formal decision) the ethicality of the conducted research. the scope of competences and responsibilities of the Committee are defined in the Regulations of the Research Ethics Committee (Annex). An interested researcher submits a completed application form (Annex) by e-mail to julita.makaro@uwr.edu.pl, which may be supplemented with additional content not included in the form.<\/p>\n<\/div><\/div>\n<\/div>\n\n\n\n<div class=\"wp-block-column bs-kontakt-photo is-layout-flow wp-block-column-is-layout-flow\">\n<figure class=\"wp-block-image size-large\"><img decoding=\"async\" src=\"https:\/\/wns.uwr.edu.pl\/wp-content\/uploads\/sites\/279\/2023\/03\/1-80-1024x683.jpg\" alt=\"Budynek ISM na campusie WNS\" class=\"wp-image-41920\"\/><\/figure>\n<\/div>\n<\/div>\n\n\n\n<p>Annexes:<\/p>\n\n\n<div class=\"wp-block-bonasoft-modular-file-list2\">\r\n    <div class=\"bs__file-list\">\r\n        <div class=\"bs__file-list__section\">\r\n            <ul class=\"bs__file-list__list\">\r\n                                    <li>\r\n                    <a href=\"https:\/\/wns.uwr.edu.pl\/wp-content\/uploads\/sites\/279\/2025\/01\/Application-Form-Committee-Ethics.docx\" title=\"Download file:  Application. File type docx. File size 33 KB\" download>\r\n                            <div class=\"bs__file-list__subsection\">\r\n                                <span class=\"bs__file-list__title\"><\/span>\r\n                                <span class=\"bs__file-list__text\">Application<\/span>\r\n                                                                    <span class=\"bs__file-list__size\">\r\n                                        <span>docx<\/span>\r\n                                        <span>33 KB  <\/span>\r\n                                    <\/span>\r\n                                                            <\/div>\r\n                            <div class=\"bs__links__icon\">\r\n                                <svg width=\"40px\" height=\"40px\" viewBox=\"0 0 22 16\" version=\"1.1\">\r\n                                    <g stroke=\"none\" strokeWidth=\"1\" fill=\"white\" fillRule=\"evenodd\">\r\n                                        <g>\r\n                                            <polygon points=\"13.4875 0 12 1.6215 18.7875 8 12 14.3795 13.4875 16 21.9995 8\" \/>\r\n                                        <\/g>\r\n                                    <\/g>\r\n                                <\/svg>\r\n                            <\/div>\r\n                        <\/a>\r\n                    <\/li>\r\n                            <\/ul>\r\n        <\/div>\r\n    <\/div>\r\n<\/div>\r\n\n\n<div class=\"bs__links\">\r\n    <div class=\"bs__links__section\">\r\n        <ul class=\"bs__links__list\">\r\n                            <li class=\"bs__links__list__item\">\r\n                    <a href=\"https:\/\/wns.uwr.edu.pl\/nauka-i-badania\/wydzialowa-komisja-ds-etyki-badan-naukowych\/\" class=\"bs__links__list__item__link\">\r\n                        More: \r\n                        <div class=\"bs__links__list__item__link__before__icon\">\r\n                            <div class=\"bs__links__list__item__link__icon\">\r\n                                <svg width=\"40px\" height=\"40px\" viewBox=\"0 0 22 16\" version=\"1.1\">\r\n                                <g stroke=\"none\" strokeWidth=\"1\" fill=\"black\" fillRule=\"evenodd\">\r\n                                    <g>\r\n                                    <polygon points=\"13.4875 0 12 1.6215 18.7875 8 12 14.3795 13.4875 16 21.9995 8\" \/>\r\n                                    <\/g>\r\n                                <\/g>\r\n                                <\/svg>\r\n                            <\/div>\r\n                        <\/div>\r\n                    <\/a>\r\n                <li>\r\n                    <\/ul>\r\n    <\/div>\r\n<\/div><\/div><\/div><\/div><\/div><\/div><\/div>\n\n\n\n<div class=\"wp-block-columns is-layout-flex wp-block-columns-is-layout-flex\">\n<div class=\"wp-block-column is-layout-flow wp-block-column-is-layout-flow\" style=\"flex-basis:66.66%\"><\/div>\n\n\n\n<div class=\"wp-block-column is-layout-flow wp-block-column-is-layout-flow\" style=\"flex-basis:33.33%\"><\/div>\n<\/div>\n","protected":false},"excerpt":{"rendered":"<p>Faculty Committee for Research Ethics In accordance with Regulation No. 50\/2022 of the Council of the Faculty of Social Sciences of the University of Wroc\u0142aw of 27 May 2022, the Faculty Committee for Research Ethics&nbsp; was appointed on 23 September 2024 for the period 2024\/2028. The members of the Committee are: The Committee is an [&hellip;]<\/p>\n","protected":false},"author":2235,"featured_media":40422,"parent":0,"menu_order":0,"comment_status":"closed","ping_status":"closed","template":"","meta":{"_acf_changed":false,"inline_featured_image":false,"site-sidebar-layout":"default","site-content-layout":"","ast-site-content-layout":"default","site-content-style":"default","site-sidebar-style":"default","ast-global-header-display":"","ast-banner-title-visibility":"","ast-main-header-display":"","ast-hfb-above-header-display":"","ast-hfb-below-header-display":"","ast-hfb-mobile-header-display":"","site-post-title":"","ast-breadcrumbs-content":"","ast-featured-img":"","footer-sml-layout":"","ast-disable-related-posts":"","theme-transparent-header-meta":"","adv-header-id-meta":"","stick-header-meta":"","header-above-stick-meta":"","header-main-stick-meta":"","header-below-stick-meta":"","astra-migrate-meta-layouts":"set","ast-page-background-enabled":"default","ast-page-background-meta":{"desktop":{"background-color":"","background-image":"","background-repeat":"repeat","background-position":"center center","background-size":"auto","background-attachment":"scroll","background-type":"","background-media":"","overlay-type":"","overlay-color":"","overlay-opacity":"","overlay-gradient":""},"tablet":{"background-color":"","background-image":"","background-repeat":"repeat","background-position":"center center","background-size":"auto","background-attachment":"scroll","background-type":"","background-media":"","overlay-type":"","overlay-color":"","overlay-opacity":"","overlay-gradient":""},"mobile":{"background-color":"","background-image":"","background-repeat":"repeat","background-position":"center center","background-size":"auto","background-attachment":"scroll","background-type":"","background-media":"","overlay-type":"","overlay-color":"","overlay-opacity":"","overlay-gradient":""}},"ast-content-background-meta":{"desktop":{"background-color":"var(--ast-global-color-5)","background-image":"","background-repeat":"repeat","background-position":"center center","background-size":"auto","background-attachment":"scroll","background-type":"","background-media":"","overlay-type":"","overlay-color":"","overlay-opacity":"","overlay-gradient":""},"tablet":{"background-color":"var(--ast-global-color-5)","background-image":"","background-repeat":"repeat","background-position":"center center","background-size":"auto","background-attachment":"scroll","background-type":"","background-media":"","overlay-type":"","overlay-color":"","overlay-opacity":"","overlay-gradient":""},"mobile":{"background-color":"var(--ast-global-color-5)","background-image":"","background-repeat":"repeat","background-position":"center center","background-size":"auto","background-attachment":"scroll","background-type":"","background-media":"","overlay-type":"","overlay-color":"","overlay-opacity":"","overlay-gradient":""}},"footnotes":""},"categories":[],"tags":[],"class_list":["post-73660","page","type-page","status-publish","has-post-thumbnail","hentry"],"featured_image_urls_v2":{"full":["https:\/\/wns.uwr.edu.pl\/wp-content\/uploads\/sites\/279\/2023\/03\/1-80.jpg",5596,3731,false],"thumbnail":["https:\/\/wns.uwr.edu.pl\/wp-content\/uploads\/sites\/279\/2023\/03\/1-80-150x150.jpg",150,150,true],"medium":["https:\/\/wns.uwr.edu.pl\/wp-content\/uploads\/sites\/279\/2023\/03\/1-80-300x200.jpg",300,200,true],"medium_large":["https:\/\/wns.uwr.edu.pl\/wp-content\/uploads\/sites\/279\/2023\/03\/1-80-768x512.jpg",768,512,true],"large":["https:\/\/wns.uwr.edu.pl\/wp-content\/uploads\/sites\/279\/2023\/03\/1-80-1024x683.jpg",1024,683,true],"1536x1536":["https:\/\/wns.uwr.edu.pl\/wp-content\/uploads\/sites\/279\/2023\/03\/1-80-1536x1024.jpg",1536,1024,true],"2048x2048":["https:\/\/wns.uwr.edu.pl\/wp-content\/uploads\/sites\/279\/2023\/03\/1-80-2048x1365.jpg",2048,1365,true],"menu-24x24":["https:\/\/wns.uwr.edu.pl\/wp-content\/uploads\/sites\/279\/2023\/03\/1-80-24x16.jpg",24,16,true],"menu-36x36":["https:\/\/wns.uwr.edu.pl\/wp-content\/uploads\/sites\/279\/2023\/03\/1-80-36x24.jpg",36,24,true],"menu-48x48":["https:\/\/wns.uwr.edu.pl\/wp-content\/uploads\/sites\/279\/2023\/03\/1-80-48x32.jpg",48,32,true]},"post_excerpt_stackable_v2":"<p>Faculty Committee for Research Ethics In accordance with Regulation No. 50\/2022 of the Council of the Faculty of Social Sciences of the University of Wroc\u0142aw of 27 May 2022, the Faculty Committee for Research Ethics&nbsp; was appointed on 23 September 2024 for the period 2024\/2028. The members of the Committee are: dr. hab. Przemys\u0142aw Mikiewicz, dr. hab. Ma\u0142gorzata Michalewska-Pawlak prof. UWr., dr. hab. Julita Makaro prof. UWr. (chair) dr. hab. Krzysztof Kociubi\u0144ski prof. UWr., dr. Zbigniew Pietrzak The Committee is an advisory body that supports faculty members in resolving ethical dilemmas related to the design and conduct of research involving&hellip;<\/p>\n","category_list_v2":"Uncategorized","author_info_v2":{"name":"kzalaskaminska","url":"https:\/\/wns.uwr.edu.pl\/en\/author\/kzalaskaminska\/"},"comments_num_v2":"0 comments","acf":[],"yoast_head":"<!-- This site is optimized with the Yoast SEO plugin v27.1.1 - https:\/\/yoast.com\/product\/yoast-seo-wordpress\/ -->\n<title>Faculty Committee for Research Ethics\u00a0 - Faculty of Social Sciences<\/title>\n<meta name=\"robots\" content=\"index, follow, max-snippet:-1, max-image-preview:large, max-video-preview:-1\" \/>\n<link rel=\"canonical\" href=\"https:\/\/wns.uwr.edu.pl\/en\/faculty-committee-for-research-ethics\/\" \/>\n<meta property=\"og:locale\" content=\"en_US\" \/>\n<meta property=\"og:type\" content=\"article\" \/>\n<meta property=\"og:title\" content=\"Faculty Committee for Research Ethics\u00a0 - Faculty of Social Sciences\" \/>\n<meta property=\"og:description\" content=\"Faculty Committee for Research Ethics In accordance with Regulation No. 50\/2022 of the Council of the Faculty of Social Sciences of the University of Wroc\u0142aw of 27 May 2022, the Faculty Committee for Research Ethics&nbsp; was appointed on 23 September 2024 for the period 2024\/2028. The members of the Committee are: The Committee is an [&hellip;]\" \/>\n<meta property=\"og:url\" content=\"https:\/\/wns.uwr.edu.pl\/en\/faculty-committee-for-research-ethics\/\" \/>\n<meta property=\"og:site_name\" content=\"Faculty of Social Sciences\" \/>\n<meta property=\"article:modified_time\" content=\"2025-01-20T09:01:02+00:00\" \/>\n<meta property=\"og:image\" content=\"https:\/\/wns.uwr.edu.pl\/wp-content\/uploads\/sites\/279\/2023\/03\/1-80-1024x683.jpg\" \/>\n\t<meta property=\"og:image:width\" content=\"1024\" \/>\n\t<meta property=\"og:image:height\" content=\"683\" \/>\n\t<meta property=\"og:image:type\" content=\"image\/jpeg\" \/>\n<meta name=\"twitter:card\" content=\"summary_large_image\" \/>\n<meta name=\"twitter:label1\" content=\"Est. reading time\" \/>\n\t<meta name=\"twitter:data1\" content=\"2 minutes\" \/>\n<script type=\"application\/ld+json\" class=\"yoast-schema-graph\">{\"@context\":\"https:\/\/schema.org\",\"@graph\":[{\"@type\":\"WebPage\",\"@id\":\"https:\/\/wns.uwr.edu.pl\/en\/faculty-committee-for-research-ethics\/\",\"url\":\"https:\/\/wns.uwr.edu.pl\/en\/faculty-committee-for-research-ethics\/\",\"name\":\"Faculty Committee for Research Ethics\u00a0 - Faculty of Social Sciences\",\"isPartOf\":{\"@id\":\"https:\/\/wns.uwr.edu.pl\/en\/#website\"},\"primaryImageOfPage\":{\"@id\":\"https:\/\/wns.uwr.edu.pl\/en\/faculty-committee-for-research-ethics\/#primaryimage\"},\"image\":{\"@id\":\"https:\/\/wns.uwr.edu.pl\/en\/faculty-committee-for-research-ethics\/#primaryimage\"},\"thumbnailUrl\":\"https:\/\/wns.uwr.edu.pl\/wp-content\/uploads\/sites\/279\/2023\/03\/1-80.jpg\",\"datePublished\":\"2025-01-20T08:55:26+00:00\",\"dateModified\":\"2025-01-20T09:01:02+00:00\",\"breadcrumb\":{\"@id\":\"https:\/\/wns.uwr.edu.pl\/en\/faculty-committee-for-research-ethics\/#breadcrumb\"},\"inLanguage\":\"en-US\",\"potentialAction\":[{\"@type\":\"ReadAction\",\"target\":[\"https:\/\/wns.uwr.edu.pl\/en\/faculty-committee-for-research-ethics\/\"]}]},{\"@type\":\"ImageObject\",\"inLanguage\":\"en-US\",\"@id\":\"https:\/\/wns.uwr.edu.pl\/en\/faculty-committee-for-research-ethics\/#primaryimage\",\"url\":\"https:\/\/wns.uwr.edu.pl\/wp-content\/uploads\/sites\/279\/2023\/03\/1-80.jpg\",\"contentUrl\":\"https:\/\/wns.uwr.edu.pl\/wp-content\/uploads\/sites\/279\/2023\/03\/1-80.jpg\",\"width\":5596,\"height\":3731,\"caption\":\"Budynek na campusie WNS\"},{\"@type\":\"BreadcrumbList\",\"@id\":\"https:\/\/wns.uwr.edu.pl\/en\/faculty-committee-for-research-ethics\/#breadcrumb\",\"itemListElement\":[{\"@type\":\"ListItem\",\"position\":1,\"name\":\"Strona g\u0142\u00f3wna\",\"item\":\"https:\/\/wns.uwr.edu.pl\/en\/\"},{\"@type\":\"ListItem\",\"position\":2,\"name\":\"Faculty Committee for Research Ethics\u00a0\"}]},{\"@type\":\"WebSite\",\"@id\":\"https:\/\/wns.uwr.edu.pl\/en\/#website\",\"url\":\"https:\/\/wns.uwr.edu.pl\/en\/\",\"name\":\"Faculty of Social Sciences\",\"description\":\"Kolejna witryna sieci \u201eUWR Witryny\u201d\",\"publisher\":{\"@id\":\"https:\/\/wns.uwr.edu.pl\/en\/#organization\"},\"potentialAction\":[{\"@type\":\"SearchAction\",\"target\":{\"@type\":\"EntryPoint\",\"urlTemplate\":\"https:\/\/wns.uwr.edu.pl\/en\/?s={search_term_string}\"},\"query-input\":{\"@type\":\"PropertyValueSpecification\",\"valueRequired\":true,\"valueName\":\"search_term_string\"}}],\"inLanguage\":\"en-US\"},{\"@type\":\"Organization\",\"@id\":\"https:\/\/wns.uwr.edu.pl\/en\/#organization\",\"name\":\"Faculty of Social Sciences\",\"url\":\"https:\/\/wns.uwr.edu.pl\/en\/\",\"logo\":{\"@type\":\"ImageObject\",\"inLanguage\":\"en-US\",\"@id\":\"https:\/\/wns.uwr.edu.pl\/en\/#\/schema\/logo\/image\/\",\"url\":\"https:\/\/wns.uwr.edu.pl\/wp-content\/uploads\/sites\/279\/2025\/10\/UWr-logotyp-2025.png\",\"contentUrl\":\"https:\/\/wns.uwr.edu.pl\/wp-content\/uploads\/sites\/279\/2025\/10\/UWr-logotyp-2025.png\",\"width\":764,\"height\":269,\"caption\":\"Faculty of Social Sciences\"},\"image\":{\"@id\":\"https:\/\/wns.uwr.edu.pl\/en\/#\/schema\/logo\/image\/\"}}]}<\/script>\n<!-- \/ Yoast SEO plugin. -->","yoast_head_json":{"title":"Faculty Committee for Research Ethics\u00a0 - Faculty of Social Sciences","robots":{"index":"index","follow":"follow","max-snippet":"max-snippet:-1","max-image-preview":"max-image-preview:large","max-video-preview":"max-video-preview:-1"},"canonical":"https:\/\/wns.uwr.edu.pl\/en\/faculty-committee-for-research-ethics\/","og_locale":"en_US","og_type":"article","og_title":"Faculty Committee for Research Ethics\u00a0 - Faculty of Social Sciences","og_description":"Faculty Committee for Research Ethics In accordance with Regulation No. 50\/2022 of the Council of the Faculty of Social Sciences of the University of Wroc\u0142aw of 27 May 2022, the Faculty Committee for Research Ethics&nbsp; was appointed on 23 September 2024 for the period 2024\/2028. The members of the Committee are: The Committee is an [&hellip;]","og_url":"https:\/\/wns.uwr.edu.pl\/en\/faculty-committee-for-research-ethics\/","og_site_name":"Faculty of Social Sciences","article_modified_time":"2025-01-20T09:01:02+00:00","og_image":[{"width":1024,"height":683,"url":"https:\/\/wns.uwr.edu.pl\/wp-content\/uploads\/sites\/279\/2023\/03\/1-80-1024x683.jpg","type":"image\/jpeg"}],"twitter_card":"summary_large_image","twitter_misc":{"Est. reading time":"2 minutes"},"schema":{"@context":"https:\/\/schema.org","@graph":[{"@type":"WebPage","@id":"https:\/\/wns.uwr.edu.pl\/en\/faculty-committee-for-research-ethics\/","url":"https:\/\/wns.uwr.edu.pl\/en\/faculty-committee-for-research-ethics\/","name":"Faculty Committee for Research Ethics\u00a0 - Faculty of Social Sciences","isPartOf":{"@id":"https:\/\/wns.uwr.edu.pl\/en\/#website"},"primaryImageOfPage":{"@id":"https:\/\/wns.uwr.edu.pl\/en\/faculty-committee-for-research-ethics\/#primaryimage"},"image":{"@id":"https:\/\/wns.uwr.edu.pl\/en\/faculty-committee-for-research-ethics\/#primaryimage"},"thumbnailUrl":"https:\/\/wns.uwr.edu.pl\/wp-content\/uploads\/sites\/279\/2023\/03\/1-80.jpg","datePublished":"2025-01-20T08:55:26+00:00","dateModified":"2025-01-20T09:01:02+00:00","breadcrumb":{"@id":"https:\/\/wns.uwr.edu.pl\/en\/faculty-committee-for-research-ethics\/#breadcrumb"},"inLanguage":"en-US","potentialAction":[{"@type":"ReadAction","target":["https:\/\/wns.uwr.edu.pl\/en\/faculty-committee-for-research-ethics\/"]}]},{"@type":"ImageObject","inLanguage":"en-US","@id":"https:\/\/wns.uwr.edu.pl\/en\/faculty-committee-for-research-ethics\/#primaryimage","url":"https:\/\/wns.uwr.edu.pl\/wp-content\/uploads\/sites\/279\/2023\/03\/1-80.jpg","contentUrl":"https:\/\/wns.uwr.edu.pl\/wp-content\/uploads\/sites\/279\/2023\/03\/1-80.jpg","width":5596,"height":3731,"caption":"Budynek na campusie WNS"},{"@type":"BreadcrumbList","@id":"https:\/\/wns.uwr.edu.pl\/en\/faculty-committee-for-research-ethics\/#breadcrumb","itemListElement":[{"@type":"ListItem","position":1,"name":"Strona g\u0142\u00f3wna","item":"https:\/\/wns.uwr.edu.pl\/en\/"},{"@type":"ListItem","position":2,"name":"Faculty Committee for Research Ethics\u00a0"}]},{"@type":"WebSite","@id":"https:\/\/wns.uwr.edu.pl\/en\/#website","url":"https:\/\/wns.uwr.edu.pl\/en\/","name":"Faculty of Social Sciences","description":"Kolejna witryna sieci \u201eUWR Witryny\u201d","publisher":{"@id":"https:\/\/wns.uwr.edu.pl\/en\/#organization"},"potentialAction":[{"@type":"SearchAction","target":{"@type":"EntryPoint","urlTemplate":"https:\/\/wns.uwr.edu.pl\/en\/?s={search_term_string}"},"query-input":{"@type":"PropertyValueSpecification","valueRequired":true,"valueName":"search_term_string"}}],"inLanguage":"en-US"},{"@type":"Organization","@id":"https:\/\/wns.uwr.edu.pl\/en\/#organization","name":"Faculty of Social Sciences","url":"https:\/\/wns.uwr.edu.pl\/en\/","logo":{"@type":"ImageObject","inLanguage":"en-US","@id":"https:\/\/wns.uwr.edu.pl\/en\/#\/schema\/logo\/image\/","url":"https:\/\/wns.uwr.edu.pl\/wp-content\/uploads\/sites\/279\/2025\/10\/UWr-logotyp-2025.png","contentUrl":"https:\/\/wns.uwr.edu.pl\/wp-content\/uploads\/sites\/279\/2025\/10\/UWr-logotyp-2025.png","width":764,"height":269,"caption":"Faculty of Social Sciences"},"image":{"@id":"https:\/\/wns.uwr.edu.pl\/en\/#\/schema\/logo\/image\/"}}]}},"publishpress_future_action":{"enabled":false,"date":"2026-04-25 21:07:30","action":"change-status","newStatus":"draft","terms":[],"taxonomy":"category","extraData":[]},"publishpress_future_workflow_manual_trigger":{"enabledWorkflows":[]},"_links":{"self":[{"href":"https:\/\/wns.uwr.edu.pl\/en\/wp-json\/wp\/v2\/pages\/73660\/"}],"collection":[{"href":"https:\/\/wns.uwr.edu.pl\/en\/wp-json\/wp\/v2\/pages\/"}],"about":[{"href":"https:\/\/wns.uwr.edu.pl\/en\/wp-json\/wp\/v2\/types\/page\/"}],"author":[{"embeddable":true,"href":"https:\/\/wns.uwr.edu.pl\/en\/wp-json\/wp\/v2\/users\/2235\/"}],"replies":[{"embeddable":true,"href":"https:\/\/wns.uwr.edu.pl\/en\/wp-json\/wp\/v2\/comments\/?post=73660"}],"version-history":[{"count":3,"href":"https:\/\/wns.uwr.edu.pl\/en\/wp-json\/wp\/v2\/pages\/73660\/revisions\/"}],"predecessor-version":[{"id":73678,"href":"https:\/\/wns.uwr.edu.pl\/en\/wp-json\/wp\/v2\/pages\/73660\/revisions\/73678\/"}],"wp:featuredmedia":[{"embeddable":true,"href":"https:\/\/wns.uwr.edu.pl\/en\/wp-json\/wp\/v2\/media\/40422\/"}],"wp:attachment":[{"href":"https:\/\/wns.uwr.edu.pl\/en\/wp-json\/wp\/v2\/media\/?parent=73660"}],"wp:term":[{"taxonomy":"category","embeddable":true,"href":"https:\/\/wns.uwr.edu.pl\/en\/wp-json\/wp\/v2\/categories\/?post=73660"},{"taxonomy":"post_tag","embeddable":true,"href":"https:\/\/wns.uwr.edu.pl\/en\/wp-json\/wp\/v2\/tags\/?post=73660"}],"curies":[{"name":"wp","href":"https:\/\/api.w.org\/{rel}","templated":true}]}}